{"id":915,"date":"2024-02-17T06:53:20","date_gmt":"2024-02-17T06:53:20","guid":{"rendered":"http:\/\/energeticar.free.nf\/?page_id=915"},"modified":"2026-01-20T19:59:18","modified_gmt":"2026-01-20T19:59:18","slug":"drustvo-energeticara-tvornica-secera-osijek","status":"publish","type":"page","link":"https:\/\/energeticar.hr\/index.php\/drustvo-energeticara-tvornica-secera-osijek\/","title":{"rendered":"Dru\u0161tvo energeti\u010dara TVORNICA \u0160E\u0106ERA OSIJEK"},"content":{"rendered":"<div class=\"wp-block-columns eplus-wrapper is-layout-flex wp-container-core-columns-is-layout-9d6595d7 wp-block-columns-is-layout-flex eplus-styles-uid-28c4f4\">\n<div class=\"wp-block-column eplus-wrapper is-layout-flow wp-block-column-is-layout-flow\" style=\"flex-basis:5%\">\n<figure class=\" wp-block-image size-full eplus-wrapper\"><img loading=\"lazy\" decoding=\"async\" width=\"110\" height=\"101\" src=\"https:\/\/energeticar.hr\/wp-content\/uploads\/2024\/02\/SESiB-logo-SMALL-1.png\" alt=\"\" class=\"wp-image-16\"><\/figure>\n<\/div>\n\n\n\n<div class=\"wp-block-column is-vertically-aligned-bottom eplus-wrapper is-layout-flow wp-block-column-is-layout-flow\">\n<p class=\" has-text-align-left has-large-font-size eplus-wrapper\"><strong>Dru\u0161tvo energeti\u010dara<\/strong><br><strong>Tvornica \u0161e\u0107era Osijek<\/strong><\/p>\n<\/div>\n\n\n\n<div class=\"wp-block-column eplus-wrapper is-layout-flow wp-block-column-is-layout-flow\">\n<div class=\"wp-block-buttons eplus-wrapper is-content-justification-right is-layout-flex wp-container-core-buttons-is-layout-765c4724 wp-block-buttons-is-layout-flex\"><div class=\" wp-block-button eplus-wrapper eplus-styles-uid-a6f3eb\"><a class=\"wp-block-button__link has-contrast-color has-base-2-background-color has-text-color has-background has-link-color wp-element-button\" href=\"https:\/\/energeticar.hr\/\"><strong>povratak na NASLOVNICU Saveza<\/strong><\/a><\/div><\/div>\n<\/div>\n<\/div>\n\n\n<p class=\" has-medium-font-size eplus-wrapper\"><strong><a href=\"#O-nama\">O nama<\/a><br><a href=\"#Aktualno\">Aktualno<\/a><br><a href=\"#Kontakti\">Kontakti<\/a><\/strong><\/p>\n\n\n<div class=\"wp-block-image \">\n<figure class=\"aligncenter size-full is-resized eplus-wrapper\"><img loading=\"lazy\" decoding=\"async\" width=\"677\" height=\"452\" src=\"https:\/\/energeticar.hr\/wp-content\/uploads\/2024\/02\/Secerana-Osijek.jpg\" alt=\"\" class=\"wp-image-120\" style=\"object-fit:cover;width:1800px;height:400px\"\/><\/figure>\n<\/div>\n\n<hr class=\" wp-block-separator has-alpha-channel-opacity eplus-wrapper eplus-styles-uid-068413\">\n\n<h1 class=\" wp-block-heading eplus-wrapper eplus-styles-uid-4c785f\" id=\"O-nama\">O nama<\/h1>\n\n\n<p class=\" has-medium-font-size eplus-wrapper\">Skra\u0107eni naziv: <strong>\u201eD.E. TVORNICE \u0160E\u0106ERA OSIJEK\u201c<\/strong><br>Registarski broj: <strong>14000185<\/strong><br>OIB: <strong>29107478771<\/strong><br>Adresa: <strong>Vinogradska ulica 14, Bilje<\/strong><\/p>\n\n\n\n<p class=\" has-medium-font-size eplus-wrapper\">Datum osniva\u010dke skup\u0161tine: <strong>22.12.1997.<\/strong><br>Temeljni akt: <strong>STATUT 27.08.2015.<\/strong> (uskla\u0111en sa Zakonom o udrugama (NN 74\/14, 70\/17 i 98\/19) Izmjene i dopune STATUT 15.05.2021.<br>Datum upisa u registar: <strong>11.02.1998.<\/strong><\/p>\n\n\n\n<p class=\" has-medium-font-size eplus-wrapper\"><strong>Nomenklatura ciljane skupine: 019 GRA\u0110ANI \u2013 OP\u0106A POPULACIJA<\/strong><br>Cilj \u2013 opis: unapre\u0111enje i publiciranje op\u0107e tehni\u010dke kulture iz podru\u010dja energetike; razvitak i unapre\u0111enje energetske tehnike; razvitak i unapre\u0111enje struke energeti\u010dar; za\u0161tita stru\u010dnosti i kvalitete struke energeti\u010dar; za\u0161tita prirode javnim radom i publiciranjem naprednih tehnika kori\u0161tenja energije.<\/p>\n\n\n\n<p class=\" has-medium-font-size eplus-wrapper\"><strong>Djelatnosti kojima se ostvaruju ciljevi \u2013 opis:<\/strong><br>poti\u010de i uklju\u010duje u rad Dru\u0161tva djelatnike energetske struke, predla\u017ee programe odnosno u\u010destvuje u utvr\u0111ivanju prijedloga programa aktivnosti na zadovoljavanju javnih potreba iz podru\u010dja iskori\u0161tavanja i upotrebe svih vidova energije; stvara i unapre\u0111uje meterijalne i druge uvjete zadovoljavanja potreba Dru\u0161tva; djeluje na promicanju stru\u010dnog rada i skrbi o osposobljavanju djelatnika u energetskim postrojenjima; organizira oblike znanstvenog i stru\u010dnog usavr\u0161avanja \u010dlanova Dru\u0161tva; organizira i promi\u010de oblike znanstvenog i tehni\u010dkog stvarala\u0161tva:<\/p>\n\n\n\n<p class=\" has-medium-font-size eplus-wrapper\"><strong>Djelatnost:<br><\/strong><strong>4.2.<\/strong> Energetika<br><strong>4.10.<\/strong> Strukovne udruge u gospodarstvu<br><strong>9.2.<\/strong> Znanost, stru\u010dni rad i istra\u017eivanje (9.2.10. Organizacija doma\u0107ih i me\u0111unarodnih znanstvenih i znanstvenostru\u010dnih skupova, \u0161kola, kongresa i seminara;)<br><strong>13.4.<\/strong> Strojarstvo i konstruktorstvo<\/p>\n\n\n\n<p class=\" has-medium-font-size eplus-wrapper\"><strong>Podru\u010dja djelovanja:<\/strong><br>Opis: <strong>TEHNI\u010cKA KULTURA, ENERGETIKA I EKOLOGIJA<\/strong><br>Klasifikacija: 4. GOSPODARSTVO<\/p>\n\n\n<ol class=\" wp-block-list eplus-wrapper eplus-styles-uid-193228\">\n<li class=\" has-medium-font-size eplus-wrapper\">OBRAZOVANJE, ZNANOST I ISTRA\u017dIVANJE<\/li>\n\n\n\n<li class=\" has-medium-font-size eplus-wrapper\">TEHNI\u010cKA KULTURA<br>Gospodarske djelatnosti \u2013 opis:<br>Organizacija stru\u010dnih predavanja; stru\u010dna pomo\u0107 gospodarskim subjektima<\/li>\n<\/ol>\n\n\n<hr class=\" wp-block-separator has-alpha-channel-opacity eplus-wrapper\"\/>\n\n\n\n<h1 class=\" wp-block-heading eplus-wrapper\" id=\"Aktualno\">Aktualno<\/h1>\n\n\n\n<div class=\"wp-block-ultimate-post-post-grid-parent ultp-post-grid-parent\" data-postid=\"915\" data-grids=\"[{&quot;blockId&quot;:&quot;e00e31&quot;,&quot;name&quot;:&quot;ultimate-post_post-grid-1&quot;}]\" data-pagi=\"[&quot;ultp-block-5354a7&quot;]\"><div  class=\"ultp-post-grid-block wp-block-ultimate-post-post-grid-1 ultp-block-e00e31\"><div class=\"ultp-block-wrapper\"><div class=\"ultp-loading\"><div class=\"ultp-loading-blocks\" style=\"width:100%;height:100%;\"><div style=\"left: 0;top: 0;animation-delay:0s;\"><\/div><div style=\"left: 21px;top: 0;animation-delay:0.125s;\"><\/div><div style=\"left: 42px;top: 0;animation-delay:0.25s;\"><\/div><div style=\"left: 0;top: 21px;animation-delay:0.875s;\"><\/div><div style=\"left: 42px;top: 21px;animation-delay:0.375s;\"><\/div><div style=\"left: 0;top: 42px;animation-delay:0.75s;\"><\/div><div style=\"left: 42px;top: 42px;animation-delay:0.625s;\"><\/div><div style=\"left: 21px;top: 42px;animation-delay:0.5s;\"><\/div><\/div><\/div><div class=\"ultp-block-items-wrap ultp-block-row ultp-pg1a-style1 ultp-grid1-responsive ultp-block-column-3 ultp-sm-column-2 ultp-xs-column-1 ultp-layout1\"><div class=\"ultp-block-item post-id-4174\"><div class=\"ultp-block-content-wrap\"><div class=\"ultp-block-image ultp-block-image-opacity\"><a href=\"https:\/\/energeticar.hr\/index.php\/2024\/12\/19\/skupstina-drustva-energeticara-tvornice-secera-osijek-2024-godine\/\" ><img decoding=\"async\"  class=\"ultp-block-image-content\"  alt=\"Skup\u0161tina Dru\u0161tva energeti\u010dara Tvornica \u0161e\u0107era Osijek 2024. godine\"  src=\"https:\/\/energeticar.hr\/wp-content\/uploads\/2024\/12\/thumbnail_1000025048.jpg\" \/><\/a><\/div><div class=\"ultp-block-content\"><h3 class=\"ultp-block-title \"><a href=\"https:\/\/energeticar.hr\/index.php\/2024\/12\/19\/skupstina-drustva-energeticara-tvornice-secera-osijek-2024-godine\/\" >Skup\u0161tina Dru\u0161tva energeti\u010dara Tvornica \u0161e\u0107era Osijek 2024. godine<\/a><\/h3><div class=\"ultp-block-excerpt\"><p>14. prosinca 2024. godine uspje\u0161no je odr\u017eana izvje\u0161tajna Skup\u0161tina Dru\u0161tva&hellip;<\/p>\n<\/div><div class=\"ultp-block-readmore\"><a aria-label=\"Skup\u0161tina Dru\u0161tva energeti\u010dara Tvornica \u0161e\u0107era Osijek 2024. godine\" href=\"https:\/\/energeticar.hr\/index.php\/2024\/12\/19\/skupstina-drustva-energeticara-tvornice-secera-osijek-2024-godine\/\" >Vi\u0161e o tome<\/a><\/div><\/div><\/div><\/div><\/div><\/div><div class=\"pagination-block-html\" aria-hidden=\"true\" style=\"display: none;\"><div class=\"ultp-pagination-wrap ultp-pagination-ajax-action\"  data-for=\"ultp-block-e00e31\"  data-blockid=\"e00e31\"  data-expost=\"\"  data-paged=\"1\"  data-pages=\"1\"  data-blockname=\"ultimate-post_post-grid-1\"  data-postid=\"915\"  data-selfpostid=\"yes\" ><\/div><\/div><\/div>\n\n\n<div class=\"wp-block-ultimate-post-post-pagination ultp-block-5354a7 ultp-pagination-block ultp-pagination-wrap\"><div class=\"ultp-pagination-wrap ultp-disable-editor-click ultp-pagination-ajax-action\"><ul class=\"ultp-pagination\"><li><a href=\"#\" class=\"ultp-prev-page-numbers\"><svg enable-background=\"new 0 0 477.175 477.175\" version=\"1.1\" viewBox=\"0 0 477.18 477.18\"><path d=\"m145.19 238.58 215.5-215.5c5.3-5.3 5.3-13.8 0-19.1s-13.8-5.3-19.1 0l-225.1 225.1c-5.3 5.3-5.3 13.8 0 19.1l225.1 225c2.6 2.6 6.1 4 9.5 4s6.9-1.3 9.5-4c5.3-5.3 5.3-13.8 0-19.1l-215.4-215.5z\"><\/path><\/svg><\/a><\/li><li><a href=\"#\">1<\/a><\/li><li><a href=\"#\">2<\/a><\/li><li><a href=\"#\">3<\/a><\/li><li><a href=\"#\" class=\"ultp-next-page-numbers\"><svg enable-background=\"new 0 0 477.175 477.175\" version=\"1.1\" viewBox=\"0 0 477.18 477.18\"><path d=\"m360.73 229.08-225.1-225.1c-5.3-5.3-13.8-5.3-19.1 0s-5.3 13.8 0 19.1l215.5 215.5-215.5 215.5c-5.3 5.3-5.3 13.8 0 19.1 2.6 2.6 6.1 4 9.5 4s6.9-1.3 9.5-4l225.1-225.1c5.3-5.2 5.3-13.8 0.1-19z\"><\/path><\/svg><\/a><\/li><\/ul><\/div><\/div>\n<\/div>\n\n\n\n<hr class=\" wp-block-separator has-alpha-channel-opacity eplus-wrapper\"\/>\n\n\n\n<h1 class=\" wp-block-heading eplus-wrapper\" id=\"Kontakti\">Kontakti<\/h1>\n\n\n<div class=\"wp-block-columns has-base-background-color has-background eplus-wrapper is-layout-flex wp-container-core-columns-is-layout-9d6595d7 wp-block-columns-is-layout-flex eplus-styles-uid-0d347f\">\n<div class=\"wp-block-column eplus-wrapper is-layout-flow wp-block-column-is-layout-flow\">\n<p class=\" has-base-background-color has-background has-medium-font-size eplus-wrapper\"><em>Vinogradska ulica 14, <em>31000<\/em><\/em> <em>Bilje<\/em><br><em>OIB: 29107478771<\/em><br>IBAN: HR0824850031100214011<br><br><strong><em>Predsjednik: Zlatko K<\/em>rvavica<\/strong><br>mobitel: 091 \/ 78 25 803<br>e-mail: <a href=\"mailto:zlatko348@gmail.com\">zlatko348@gmail.com<\/a><br><br><strong><em>Dopredsjednik: <\/em>Ivica Duvan\u010di\u0107<\/strong><br>mobitel: 099 \/ 50 97 925<br><br><strong><em>Tajnik: Robert V<\/em>izentaner, dipl. pravnik<\/strong><br>mobitel: 091 \/ 19 44 961<br>e-mail: <a href=\"mailto:robert.vizentaer@gmail.com\">robert.vizentaner@gmail.com<\/a><\/p>\n<\/div>\n\n\n\n<div class=\"wp-block-column is-vertically-aligned-center eplus-wrapper is-layout-flow wp-block-column-is-layout-flow\"><p><iframe src=\"https:\/\/www.google.com\/maps\/embed?pb=!1m18!1m12!1m3!1d2791.654683302147!2d18.745059876740722!3d45.59748612453497!2m3!1f0!2f0!3f0!3m2!1i1024!2i768!4f13.1!3m3!1m2!1s0x475cdd0071dbe617%3A0x237ba819a8fa0ce4!2sDru%C5%A1tvo%20energeti%C4%8Dara%20Tvornica%20%C5%A1e%C4%87era%20Osijek!5e0!3m2!1shr!2shr!4v1710509473822!5m2!1shr!2shr\" width=\"600\" height=\"450\" style=\"border:0;\" allowfullscreen=\"\" loading=\"lazy\" referrerpolicy=\"no-referrer-when-downgrade\"><\/iframe><\/p>\n<\/div>\n<\/div>\n\n<div class=\"wp-block-columns alignwide are-vertically-aligned-center eplus-wrapper is-layout-flex wp-container-core-columns-is-layout-9d6595d7 wp-block-columns-is-layout-flex eplus-styles-uid-bdbe75\">\n<div class=\"wp-block-column is-vertically-aligned-center eplus-wrapper is-layout-flow wp-block-column-is-layout-flow\">\n<div class=\"wp-block-buttons eplus-wrapper is-content-justification-center is-layout-flex wp-container-core-buttons-is-layout-5e6b19ed wp-block-buttons-is-layout-flex\"><div class=\" wp-block-button eplus-wrapper eplus-styles-uid-655e67\"><a class=\"wp-block-button__link has-contrast-color has-base-background-color has-text-color has-background has-link-color wp-element-button\" href=\"https:\/\/energeticar.hr\/\"><strong>povratak na NASLOVNICU Saveza<\/strong><\/a><\/div><\/div>\n<\/div>\n<\/div>","protected":false},"excerpt":{"rendered":"<p>Dru\u0161tvo energeti\u010daraTvornica \u0161e\u0107era Osijek O namaAktualnoKontakti O nama Skra\u0107eni naziv: \u201eD.E. TVORNICE \u0160E\u0106ERA OSIJEK\u201cRegistarski broj: 14000185OIB: 29107478771Adresa: Vinogradska ulica 14, Bilje Datum osniva\u010dke skup\u0161tine: 22.12.1997.Temeljni akt: STATUT 27.08.2015. (uskla\u0111en sa Zakonom o udrugama (NN 74\/14, 70\/17 i 98\/19) Izmjene i dopune STATUT 15.05.2021.Datum upisa u registar: 11.02.1998. Nomenklatura ciljane skupine: 019 GRA\u0110ANI \u2013 OP\u0106A POPULACIJACilj &#8230; <a title=\"Dru\u0161tvo energeti\u010dara TVORNICA \u0160E\u0106ERA OSIJEK\" class=\"read-more\" href=\"https:\/\/energeticar.hr\/index.php\/drustvo-energeticara-tvornica-secera-osijek\/\" aria-label=\"More on Dru\u0161tvo energeti\u010dara TVORNICA \u0160E\u0106ERA OSIJEK\">Vi\u0161e o tome<\/a><\/p>\n","protected":false},"author":1,"featured_media":0,"parent":0,"menu_order":0,"comment_status":"closed","ping_status":"closed","template":"","meta":{"editor_plus_copied_stylings":"{}","footnotes":""},"class_list":["post-915","page","type-page","status-publish"],"yoast_head":"<!-- This site is optimized with the Yoast SEO plugin v26.8 - https:\/\/yoast.com\/product\/yoast-seo-wordpress\/ -->\n<title>Dru\u0161tvo energeti\u010dara TVORNICA \u0160E\u0106ERA OSIJEK - Savez energeti\u010dara Slavonije i Baranje<\/title>\n<meta name=\"description\" content=\"Dru\u0161tvo energeti\u010daraTvornica \u0161e\u0107era Osijek povratak na NASLOVNICU Saveza O namaAktualnoKontakti O nama Skra\u0107eni naziv: \u201eD.E. TVORNICE \u0160E\u0106ERA\" \/>\n<meta name=\"robots\" content=\"index, follow, max-snippet:-1, max-image-preview:large, max-video-preview:-1\" \/>\n<link rel=\"canonical\" href=\"https:\/\/energeticar.hr\/index.php\/drustvo-energeticara-tvornica-secera-osijek\/\" \/>\n<meta property=\"og:locale\" content=\"en_US\" \/>\n<meta property=\"og:type\" content=\"article\" \/>\n<meta property=\"og:title\" content=\"Dru\u0161tvo energeti\u010dara TVORNICA \u0160E\u0106ERA OSIJEK - Savez energeti\u010dara Slavonije i Baranje\" \/>\n<meta property=\"og:description\" content=\"Dru\u0161tvo energeti\u010daraTvornica \u0161e\u0107era Osijek povratak na NASLOVNICU Saveza O namaAktualnoKontakti O nama Skra\u0107eni naziv: \u201eD.E. TVORNICE \u0160E\u0106ERA\" \/>\n<meta property=\"og:url\" content=\"https:\/\/energeticar.hr\/index.php\/drustvo-energeticara-tvornica-secera-osijek\/\" \/>\n<meta property=\"og:site_name\" content=\"Savez energeti\u010dara Slavonije i Baranje\" \/>\n<meta property=\"article:modified_time\" content=\"2026-01-20T19:59:18+00:00\" \/>\n<meta property=\"og:image\" content=\"https:\/\/energeticar.hr\/wp-content\/uploads\/2024\/02\/SESiB-logo-SMALL-1.png\" \/>\n<meta name=\"twitter:card\" content=\"summary_large_image\" \/>\n<meta name=\"twitter:label1\" content=\"Est. reading time\" \/>\n\t<meta name=\"twitter:data1\" content=\"2 minutes\" \/>\n<script type=\"application\/ld+json\" class=\"yoast-schema-graph\">{\"@context\":\"https:\/\/schema.org\",\"@graph\":[{\"@type\":\"WebPage\",\"@id\":\"https:\/\/energeticar.hr\/index.php\/drustvo-energeticara-tvornica-secera-osijek\/\",\"url\":\"https:\/\/energeticar.hr\/index.php\/drustvo-energeticara-tvornica-secera-osijek\/\",\"name\":\"Dru\u0161tvo energeti\u010dara TVORNICA \u0160E\u0106ERA OSIJEK - Savez energeti\u010dara Slavonije i Baranje\",\"isPartOf\":{\"@id\":\"https:\/\/energeticar.hr\/#website\"},\"primaryImageOfPage\":{\"@id\":\"https:\/\/energeticar.hr\/index.php\/drustvo-energeticara-tvornica-secera-osijek\/#primaryimage\"},\"image\":{\"@id\":\"https:\/\/energeticar.hr\/index.php\/drustvo-energeticara-tvornica-secera-osijek\/#primaryimage\"},\"thumbnailUrl\":\"https:\/\/energeticar.hr\/wp-content\/uploads\/2024\/02\/SESiB-logo-SMALL-1.png\",\"datePublished\":\"2024-02-17T06:53:20+00:00\",\"dateModified\":\"2026-01-20T19:59:18+00:00\",\"description\":\"Dru\u0161tvo energeti\u010daraTvornica \u0161e\u0107era Osijek povratak na NASLOVNICU Saveza O namaAktualnoKontakti O nama Skra\u0107eni naziv: \u201eD.E. TVORNICE \u0160E\u0106ERA\",\"breadcrumb\":{\"@id\":\"https:\/\/energeticar.hr\/index.php\/drustvo-energeticara-tvornica-secera-osijek\/#breadcrumb\"},\"inLanguage\":\"en-US\",\"potentialAction\":[{\"@type\":\"ReadAction\",\"target\":[\"https:\/\/energeticar.hr\/index.php\/drustvo-energeticara-tvornica-secera-osijek\/\"]}]},{\"@type\":\"ImageObject\",\"inLanguage\":\"en-US\",\"@id\":\"https:\/\/energeticar.hr\/index.php\/drustvo-energeticara-tvornica-secera-osijek\/#primaryimage\",\"url\":\"https:\/\/energeticar.hr\/wp-content\/uploads\/2024\/02\/SESiB-logo-SMALL-1.png\",\"contentUrl\":\"https:\/\/energeticar.hr\/wp-content\/uploads\/2024\/02\/SESiB-logo-SMALL-1.png\",\"width\":110,\"height\":101},{\"@type\":\"BreadcrumbList\",\"@id\":\"https:\/\/energeticar.hr\/index.php\/drustvo-energeticara-tvornica-secera-osijek\/#breadcrumb\",\"itemListElement\":[{\"@type\":\"ListItem\",\"position\":1,\"name\":\"Home\",\"item\":\"https:\/\/energeticar.hr\/\"},{\"@type\":\"ListItem\",\"position\":2,\"name\":\"Dru\u0161tvo energeti\u010dara TVORNICA \u0160E\u0106ERA OSIJEK\"}]},{\"@type\":\"WebSite\",\"@id\":\"https:\/\/energeticar.hr\/#website\",\"url\":\"https:\/\/energeticar.hr\/\",\"name\":\"Savez energeti\u010dara Slavonije i Baranje\",\"description\":\"SESIB\",\"publisher\":{\"@id\":\"https:\/\/energeticar.hr\/#organization\"},\"potentialAction\":[{\"@type\":\"SearchAction\",\"target\":{\"@type\":\"EntryPoint\",\"urlTemplate\":\"https:\/\/energeticar.hr\/?s={search_term_string}\"},\"query-input\":{\"@type\":\"PropertyValueSpecification\",\"valueRequired\":true,\"valueName\":\"search_term_string\"}}],\"inLanguage\":\"en-US\"},{\"@type\":\"Organization\",\"@id\":\"https:\/\/energeticar.hr\/#organization\",\"name\":\"Savez energeti\u010dara Slavonije i Baranje\",\"url\":\"https:\/\/energeticar.hr\/\",\"logo\":{\"@type\":\"ImageObject\",\"inLanguage\":\"en-US\",\"@id\":\"https:\/\/energeticar.hr\/#\/schema\/logo\/image\/\",\"url\":\"https:\/\/energeticar.hr\/wp-content\/uploads\/2024\/02\/SESiB-logo-SMALL-1.png\",\"contentUrl\":\"https:\/\/energeticar.hr\/wp-content\/uploads\/2024\/02\/SESiB-logo-SMALL-1.png\",\"width\":110,\"height\":101,\"caption\":\"Savez energeti\u010dara Slavonije i Baranje\"},\"image\":{\"@id\":\"https:\/\/energeticar.hr\/#\/schema\/logo\/image\/\"}}]}<\/script>\n<!-- \/ Yoast SEO plugin. -->","yoast_head_json":{"title":"Dru\u0161tvo energeti\u010dara TVORNICA \u0160E\u0106ERA OSIJEK - Savez energeti\u010dara Slavonije i Baranje","description":"Dru\u0161tvo energeti\u010daraTvornica \u0161e\u0107era Osijek povratak na NASLOVNICU Saveza O namaAktualnoKontakti O nama Skra\u0107eni naziv: \u201eD.E. TVORNICE \u0160E\u0106ERA","robots":{"index":"index","follow":"follow","max-snippet":"max-snippet:-1","max-image-preview":"max-image-preview:large","max-video-preview":"max-video-preview:-1"},"canonical":"https:\/\/energeticar.hr\/index.php\/drustvo-energeticara-tvornica-secera-osijek\/","og_locale":"en_US","og_type":"article","og_title":"Dru\u0161tvo energeti\u010dara TVORNICA \u0160E\u0106ERA OSIJEK - Savez energeti\u010dara Slavonije i Baranje","og_description":"Dru\u0161tvo energeti\u010daraTvornica \u0161e\u0107era Osijek povratak na NASLOVNICU Saveza O namaAktualnoKontakti O nama Skra\u0107eni naziv: \u201eD.E. TVORNICE \u0160E\u0106ERA","og_url":"https:\/\/energeticar.hr\/index.php\/drustvo-energeticara-tvornica-secera-osijek\/","og_site_name":"Savez energeti\u010dara Slavonije i Baranje","article_modified_time":"2026-01-20T19:59:18+00:00","og_image":[{"url":"https:\/\/energeticar.hr\/wp-content\/uploads\/2024\/02\/SESiB-logo-SMALL-1.png","type":"","width":"","height":""}],"twitter_card":"summary_large_image","twitter_misc":{"Est. reading time":"2 minutes"},"schema":{"@context":"https:\/\/schema.org","@graph":[{"@type":"WebPage","@id":"https:\/\/energeticar.hr\/index.php\/drustvo-energeticara-tvornica-secera-osijek\/","url":"https:\/\/energeticar.hr\/index.php\/drustvo-energeticara-tvornica-secera-osijek\/","name":"Dru\u0161tvo energeti\u010dara TVORNICA \u0160E\u0106ERA OSIJEK - Savez energeti\u010dara Slavonije i Baranje","isPartOf":{"@id":"https:\/\/energeticar.hr\/#website"},"primaryImageOfPage":{"@id":"https:\/\/energeticar.hr\/index.php\/drustvo-energeticara-tvornica-secera-osijek\/#primaryimage"},"image":{"@id":"https:\/\/energeticar.hr\/index.php\/drustvo-energeticara-tvornica-secera-osijek\/#primaryimage"},"thumbnailUrl":"https:\/\/energeticar.hr\/wp-content\/uploads\/2024\/02\/SESiB-logo-SMALL-1.png","datePublished":"2024-02-17T06:53:20+00:00","dateModified":"2026-01-20T19:59:18+00:00","description":"Dru\u0161tvo energeti\u010daraTvornica \u0161e\u0107era Osijek povratak na NASLOVNICU Saveza O namaAktualnoKontakti O nama Skra\u0107eni naziv: \u201eD.E. TVORNICE \u0160E\u0106ERA","breadcrumb":{"@id":"https:\/\/energeticar.hr\/index.php\/drustvo-energeticara-tvornica-secera-osijek\/#breadcrumb"},"inLanguage":"en-US","potentialAction":[{"@type":"ReadAction","target":["https:\/\/energeticar.hr\/index.php\/drustvo-energeticara-tvornica-secera-osijek\/"]}]},{"@type":"ImageObject","inLanguage":"en-US","@id":"https:\/\/energeticar.hr\/index.php\/drustvo-energeticara-tvornica-secera-osijek\/#primaryimage","url":"https:\/\/energeticar.hr\/wp-content\/uploads\/2024\/02\/SESiB-logo-SMALL-1.png","contentUrl":"https:\/\/energeticar.hr\/wp-content\/uploads\/2024\/02\/SESiB-logo-SMALL-1.png","width":110,"height":101},{"@type":"BreadcrumbList","@id":"https:\/\/energeticar.hr\/index.php\/drustvo-energeticara-tvornica-secera-osijek\/#breadcrumb","itemListElement":[{"@type":"ListItem","position":1,"name":"Home","item":"https:\/\/energeticar.hr\/"},{"@type":"ListItem","position":2,"name":"Dru\u0161tvo energeti\u010dara TVORNICA \u0160E\u0106ERA OSIJEK"}]},{"@type":"WebSite","@id":"https:\/\/energeticar.hr\/#website","url":"https:\/\/energeticar.hr\/","name":"Savez energeti\u010dara Slavonije i Baranje","description":"SESIB","publisher":{"@id":"https:\/\/energeticar.hr\/#organization"},"potentialAction":[{"@type":"SearchAction","target":{"@type":"EntryPoint","urlTemplate":"https:\/\/energeticar.hr\/?s={search_term_string}"},"query-input":{"@type":"PropertyValueSpecification","valueRequired":true,"valueName":"search_term_string"}}],"inLanguage":"en-US"},{"@type":"Organization","@id":"https:\/\/energeticar.hr\/#organization","name":"Savez energeti\u010dara Slavonije i Baranje","url":"https:\/\/energeticar.hr\/","logo":{"@type":"ImageObject","inLanguage":"en-US","@id":"https:\/\/energeticar.hr\/#\/schema\/logo\/image\/","url":"https:\/\/energeticar.hr\/wp-content\/uploads\/2024\/02\/SESiB-logo-SMALL-1.png","contentUrl":"https:\/\/energeticar.hr\/wp-content\/uploads\/2024\/02\/SESiB-logo-SMALL-1.png","width":110,"height":101,"caption":"Savez energeti\u010dara Slavonije i Baranje"},"image":{"@id":"https:\/\/energeticar.hr\/#\/schema\/logo\/image\/"}}]}},"_links":{"self":[{"href":"https:\/\/energeticar.hr\/index.php\/wp-json\/wp\/v2\/pages\/915","targetHints":{"allow":["GET"]}}],"collection":[{"href":"https:\/\/energeticar.hr\/index.php\/wp-json\/wp\/v2\/pages"}],"about":[{"href":"https:\/\/energeticar.hr\/index.php\/wp-json\/wp\/v2\/types\/page"}],"author":[{"embeddable":true,"href":"https:\/\/energeticar.hr\/index.php\/wp-json\/wp\/v2\/users\/1"}],"replies":[{"embeddable":true,"href":"https:\/\/energeticar.hr\/index.php\/wp-json\/wp\/v2\/comments?post=915"}],"version-history":[{"count":33,"href":"https:\/\/energeticar.hr\/index.php\/wp-json\/wp\/v2\/pages\/915\/revisions"}],"predecessor-version":[{"id":5005,"href":"https:\/\/energeticar.hr\/index.php\/wp-json\/wp\/v2\/pages\/915\/revisions\/5005"}],"wp:attachment":[{"href":"https:\/\/energeticar.hr\/index.php\/wp-json\/wp\/v2\/media?parent=915"}],"curies":[{"name":"wp","href":"https:\/\/api.w.org\/{rel}","templated":true}]}}