{"id":69,"date":"2024-02-14T17:22:25","date_gmt":"2024-02-14T17:22:25","guid":{"rendered":"http:\/\/energeticar.free.nf\/?page_id=69"},"modified":"2025-12-11T17:04:13","modified_gmt":"2025-12-11T17:04:13","slug":"pitanja-i-odgovori","status":"publish","type":"page","link":"https:\/\/energeticar.hr\/index.php\/pitanja-i-odgovori\/","title":{"rendered":"Pitanja i odgovori"},"content":{"rendered":"<ul class=\" wp-block-list eplus-wrapper eplus-styles-uid-30fc70\">\n<li class=\" has-medium-font-size eplus-wrapper\">\u0160to je stru\u010dni ispit?<\/li>\n<\/ul>\n\n\n<p class=\" has-medium-font-size eplus-wrapper\">Stru\u010dni ispit je postupak provjere znanja o poslovima i radnim zadacima upravljanja i rukovanja energetskim sustavima, postrojenjima, strojevima i ure\u0111ajima.<\/p>\n\n\n<ul class=\" wp-block-list eplus-wrapper eplus-styles-uid-81390c\">\n<li class=\" has-medium-font-size eplus-wrapper\">Za\u0161to je potrebno polo\u017eiti stru\u010dni ispit za energetska zvanja?<\/li>\n<\/ul>\n\n\n<p class=\" has-medium-font-size eplus-wrapper\">Razvoj energetike i novih tehnologija uz razvoj i primjenu za\u0161tite okoli\u0161a kao svoju posljedicu name\u0107u velike i \u010deste promjene u zakonskoj regulativi i standardima koji propisuju na\u010dine upravljanja i rukovanja energetskim sustavima, postrojenjima, strojevima i ure\u0111ajima, stoga je potrebno svakih 5 godina ste\u0107i aktualna znanja kako bi se poslovi pojedinog energetskog zvanja mogli nastaviti ispravno, sigurno i u\u010dinkovito obavljati.<\/p>\n\n\n<ul class=\" wp-block-list eplus-wrapper eplus-styles-uid-e76c1d\">\n<li class=\" has-medium-font-size eplus-wrapper\">Do kada vrijedi izdano Uvjerenje?<\/li>\n<\/ul>\n\n\n<p class=\" has-medium-font-size eplus-wrapper\">Uvjerenje o polo\u017eenom stru\u010dnom ispitu za energetska zvanja vrijedi pet (5) godina od datuma polaganja stru\u010dnog ispita tj. do datuma koje pi\u0161e na izdanom Uvjerenju.<\/p>\n\n\n<ul class=\" wp-block-list eplus-wrapper eplus-styles-uid-549f2a\">\n<li class=\" has-medium-font-size eplus-wrapper\">Za\u0161to je nakon 5 godina potrebno ponovno polagati stru\u010dni ispit?<\/li>\n<\/ul>\n\n\n<p class=\" has-medium-font-size eplus-wrapper\">Konstantni napredak u primjeni novih znanja i tehnologija u podru\u010dju energetike kao svoju posljedicu ima i \u010deste promjene u zakonskoj regulativi koja propisuje na\u010din upravljanja i rukovanja energetskim sustavima, postrojenjima, strojevima i ure\u0111ajima stoga je potrebno svakih 5 godina obnoviti znanje kako bi se poslovi pojedinog zvanja mogli \u0161to sigurnije i u\u010dinkovitije obavljati.<\/p>\n\n\n<ul class=\" wp-block-list eplus-wrapper eplus-styles-uid-307a2b\">\n<li class=\" has-medium-font-size eplus-wrapper\">Tko provodi polaganje stru\u010dnih ispita?<\/li>\n<\/ul>\n\n\n<p class=\" has-medium-font-size eplus-wrapper\">Organizaciju provedbe polaganja stru\u010dnih ispita za energetska zvanja provodi ovla\u0161teni izvo\u0111a\u010d tj. <a href=\"https:\/\/www.seh.hr\/\" target=\"_blank\" rel=\"noreferrer noopener\">Savez energeti\u010dara Hrvatske<\/a> putem svojih tajnika podru\u010dnih <a href=\"https:\/\/energeticar.hr\/index.php\/ispitne-komisije\/\">Ispitnih komisija MINGO<\/a>.<\/p>\n\n\n<ul class=\" wp-block-list eplus-wrapper eplus-styles-uid-3f9519\"><li class=\" has-medium-font-size eplus-wrapper eplus-styles-uid-ee0fe0\">Pripremni te\u010daj prije polaganja stru\u010dnog ispita?<\/li><\/ul>\n\n\n<p class=\" has-medium-font-size eplus-wrapper\">Ako \u017eelite &#8211; zbog efikasnije pripreme programskog gradiva &#8211; za svako zvanje prije prijave i pristupanja stru\u010dnom ispitu, mo\u017eete po vlastitom izboru prijaviti osposobljavanje i provjeru znanja.<\/p>\n\n\n<p class=\" has-medium-font-size eplus-wrapper eplus-styles-uid-eb50a4\">Za sve informacije o Pripremnim te\u010dajevima za polaganje stru\u010dnih ispita obratiti se na:<\/p>\n\n<p class=\" has-medium-font-size eplus-wrapper eplus-styles-uid-eb50a4\">Predsjednik Sekcije za obrazovanje i osposobljavanje energetskih kadrova Saveza energeti\u010dara Slavonije i Baranje:<br><br><strong><em>Marijan Peri\u0161ki\u0107, dipl. ing. stroj.<\/em><\/strong><br>Mob: 098 \/ 933 4309<br>Radno vrijeme: radnim danom u vremenu od 10:00 do 14:00 sati<br>e-mail: <a href=\"mailto:marijan.periskic@energeticar.hr\">marijan.periskic@energeticar.hr<\/a><\/p>\n\n<ul class=\" wp-block-list eplus-wrapper eplus-styles-uid-474fca\">\n<li class=\" has-medium-font-size eplus-wrapper\">Gdje i kada se pola\u017ee stru\u010dni ispit?<\/li>\n<\/ul>\n\n\n<p class=\" has-medium-font-size eplus-wrapper\">O mjestu i terminima polaganja stru\u010dnih ispita molimo Vas kontaktirajte <a href=\"https:\/\/energeticar.hr\/index.php\/ispitne-komisije\/\">podru\u010dne tajnike Ispitnih komisija MINGO<\/a>.<\/p>\n\n\n<ul class=\" wp-block-list eplus-wrapper eplus-styles-uid-c98c46\">\n<li class=\" has-medium-font-size eplus-wrapper\">Tko izdaje Uvjerenje o polo\u017eenom ispitu?<\/li>\n<\/ul>\n\n\n<p class=\" has-medium-font-size eplus-wrapper\">Uvjerenje o polo\u017eenom stru\u010dnom ispitu izdaje <a href=\"https:\/\/mingor.gov.hr\/\" target=\"_blank\" rel=\"noreferrer noopener\">Ministarstvo gospodarstva<\/a> te isto \u0161alje po\u0161tom na adresu kandidata.<\/p>\n\n\n<ul class=\" wp-block-list eplus-wrapper eplus-styles-uid-438116\">\n<li class=\" has-medium-font-size eplus-wrapper\">Tko ima pravo pristupiti ispitu?<\/li>\n<\/ul>\n\n\n<p class=\" has-medium-font-size eplus-wrapper\">Pristupiti stru\u010dnom ispitu ima pravo svatko tko ispunjava uvjete vezane za stru\u010dnu spremu i radno iskustvo koji su propisani za pojedino zvanje <a href=\"https:\/\/narodne-novine.nn.hr\/clanci\/sluzbeni\/2014_07_88_1781.html\" target=\"_blank\" rel=\"noreferrer noopener\">u \u010dlancima 6.-32. Pravilnika o poslovima upravljanja i rukovanja energetskim postrojenjima i ure\u0111ajima<\/a>.<\/p>\n\n\n<ul class=\" wp-block-list eplus-wrapper eplus-styles-uid-09eafc\">\n<li class=\" has-medium-font-size eplus-wrapper\">Kako prijaviti polaganje stru\u010dnog ispita?<\/li>\n<\/ul>\n\n\n<p class=\" has-medium-font-size eplus-wrapper\">Polaganje stru\u010dnog ispita prijavljuje se <a href=\"http:\/\/energeticar.free.nf\/index.php\/ispitne-komisije\/\" target=\"_blank\" rel=\"noreferrer noopener\"><\/a><a href=\"https:\/\/energeticar.hr\/index.php\/ispitne-komisije\/\">tajnici ili tajniku podru\u010dne Ispitne komisije MINGO<\/a>, ovisno o lokaciji prebivali\u0161ta ili rada ili o posebnim razlozima* o kojima je kandidat ili poslodavac du\u017ean pismenim putem obavijestiti <a href=\"https:\/\/energeticar.hr\/index.php\/ispitne-komisije\/\">tajnicu ili tajnika podru\u010dne Ispitne komisije MINGO<\/a> kod koje je prijavio polaganje stru\u010dnog ispita.<\/p>\n\n\n<ul class=\" wp-block-list eplus-wrapper eplus-styles-uid-aca079\">\n<li class=\" has-medium-font-size eplus-wrapper\">Podaci za uplatu:<\/li>\n<\/ul>\n\n\n<p class=\" has-medium-font-size eplus-wrapper\">Tajnica ili tajnik odabrane podru\u010dne Ispitne komisije uputit \u0107e kandidata u postupak uplate za polaganje stru\u010dnog ispita.<\/p>\n\n\n<p class=\" has-medium-font-size eplus-wrapper eplus-styles-uid-eb50a4\">Uplatnica u Dr\u017eavni prora\u010dun<\/p>\n\n<p class=\" has-medium-font-size eplus-wrapper eplus-styles-uid-eb50a4\">Uplatnica za Savez energeti\u010dara Hrvatske<\/p>\n\n\n<p class=\" has-medium-font-size eplus-wrapper\">Napomena:<\/p>\n\n\n\n<p class=\" has-medium-font-size eplus-wrapper\">Informacije o podacima za uplatu nalazit \u0107e se i u pozivima na ispit koji tajnice ili tajnik Ispitne komisije \u0161alju kandidatima do deset (10) dana prije zakazanog termina ispita.<\/p>\n\n\n<ul class=\" wp-block-list eplus-wrapper eplus-styles-uid-4f385e\">\n<li class=\" has-medium-font-size eplus-wrapper\">Kada se vr\u0161i uplata za polaganje stru\u010dnog ispita?<\/li>\n<\/ul>\n\n\n<p class=\" has-medium-font-size eplus-wrapper\">Uplata za polaganje stru\u010dnog ispita vr\u0161i se ISKLJU\u010cIVO nakon \u0161to dobijete poziv za polaganje stru\u010dnog ispita.<\/p>\n\n\n<ul class=\" wp-block-list eplus-wrapper eplus-styles-uid-842194\">\n<li class=\" has-medium-font-size eplus-wrapper\">Mo\u017ee li se istodobno prijaviti polaganje vi\u0161e stru\u010dnih ispita?<\/li>\n<\/ul>\n\n\n<p class=\" has-medium-font-size eplus-wrapper\">Mo\u017eete istodobno polagati stru\u010dne ispite za neograni\u010deni broj zvanja ako ispunjavate uvjete vezane za stru\u010dnu spremu i radno iskustvo koji su propisani za pojedino zvanje <a href=\"https:\/\/narodne-novine.nn.hr\/clanci\/sluzbeni\/2014_07_88_1781.html\" target=\"_blank\" rel=\"noreferrer noopener\">u \u010dlancima 6.-32. Pravilnika o poslovima upravljanja i rukovanja energetskim postrojenjima i ure\u0111ajima<\/a>.<\/p>\n\n\n<ul class=\" wp-block-list eplus-wrapper eplus-styles-uid-934b67\">\n<li class=\" has-medium-font-size eplus-wrapper\">Koji je rok za prijavu ispita?<\/li>\n<\/ul>\n\n\n<p class=\" has-medium-font-size eplus-wrapper\">Redovni rokovi za polaganje stru\u010dnih ispita za energetska zvanja provode se tijekom cijele godine, osim u periodu od 15.07. do 31.08. i od 15.12. do 15.01., stoga je prijava mogu\u0107a bilo kada.<\/p>\n\n\n<ul class=\" wp-block-list eplus-wrapper eplus-styles-uid-21d102\">\n<li class=\" has-medium-font-size eplus-wrapper\">Kako se pripremiti za polaganje stru\u010dnog ispita?<\/li>\n<\/ul>\n\n\n<p class=\" has-medium-font-size eplus-wrapper\">Za svako zvanje, prije prijave i pristupanja stru\u010dnom ispitu, mo\u017eete prijaviti osposobljavanje i provjeru znanja.<\/p>\n\n\n<p class=\" has-medium-font-size eplus-wrapper eplus-styles-uid-eb50a4\">Za sve informacije o Pripremnim te\u010dajevima za polaganje stru\u010dnih ispita obratiti se na:<\/p>\n\n<p class=\" has-medium-font-size eplus-wrapper eplus-styles-uid-eb50a4\">Predsjednik Sekcije za obrazovanje i osposobljavanje energetskih kadrova Saveza energeti\u010dara Slavonije i Baranje:<br><br><strong><em>Marijan Peri\u0161ki\u0107, dipl. ing. stroj.<\/em><\/strong><br>Mob: 098 \/ 933 4309<br>Radno vrijeme: radnim danom u vremenu od 10:00 do 14:00 sati<br>e-mail: <a href=\"mailto:marijan.periskic@energeticar.hr\">marijan.periskic@energeticar.hr<\/a><\/p>\n\n\n<p class=\" has-medium-font-size eplus-wrapper\">Za polaganje stru\u010dnog ispita za energetska zvanja potrebno je stru\u010dno osposobljavanje koje se sastoji od teorijskog i prakti\u010dnog dijela.<\/p>\n\n\n\n<p class=\" has-medium-font-size eplus-wrapper\">TEORIJSKI dio provodi se na temelju <a href=\"http:\/\/energeticar.free.nf\/index.php\/program-priprema-za-polaganje-strucnih-ispita\/\" target=\"_blank\" rel=\"noreferrer noopener\">Programa priprema za polaganje stru\u010dnog ispita radnika koji obavljaju poslove upravljanja i rukovanja energetskim postrojenjima<\/a>.<\/p>\n\n\n\n<p class=\" has-medium-font-size eplus-wrapper\">PRAKTI\u010cNI dio odnosi se na OBVEZNO prakti\u010dno osposobljavanje radnika kroz praksu pod nadzorom mentora (<a href=\"https:\/\/narodne-novine.nn.hr\/clanci\/sluzbeni\/2014_07_88_1781.html\" target=\"_blank\" rel=\"noreferrer noopener\">vidi \u010dlanke 36. i 37. Pravilnika o poslovima upravljanja i rukovanja energetskim postrojenjima i ure\u0111ajima<\/a>).<\/p>\n\n\n<ul class=\" wp-block-list eplus-wrapper eplus-styles-uid-38c876\">\n<li class=\" has-medium-font-size eplus-wrapper\">\u0160to u slu\u010daju ako ne plo\u017eim ispit?<\/li>\n<\/ul>\n\n\n<p class=\" has-medium-font-size eplus-wrapper\">Ukoliko nakon prvog pristupanja ne polo\u017eite stru\u010dni ispit tajnik ili tajnica podru\u010dne Ispitne komisije poslat \u0107e Vam poziv za polaganje popravnog ispita s uputama o polaganju. Nakon poziva kandidat je obvezan iza\u0107i na popravak u roku od godine dana. Nakon proteka roka od godine dana kandidat mora polagati cijeli prvi ili povremeni ispit.<\/p>\n\n\n<ul class=\" wp-block-list eplus-wrapper eplus-styles-uid-9bb549\">\n<li class=\" has-medium-font-size eplus-wrapper\">\u0160to u\u010diniti ako Vam treba potvrda o plo\u017eenom stru\u010dnom ispitu, a jo\u0161 niste dobili Uvjerenje?<\/li>\n<\/ul>\n\n\n<p class=\" has-medium-font-size eplus-wrapper\">Uvjerenje o polo\u017eenom stru\u010dnom ispitu u roku od trideset (30) dana od polaganja Stru\u010dnog ispita po\u0161tom se otprema na adresu koju ste naveli u prijavi za polaganje stru\u010dnog ispita.<\/p>\n\n\n\n<p class=\" has-medium-font-size eplus-wrapper\">Ukoliko Vam je potrebna potvrda o polo\u017eenom stru\u010dnom ispitu prije tog roka mo\u017eete <a href=\"https:\/\/energeticar.hr\/index.php\/ispitne-komisije\/\">tajnika ili tajnicu Ispitne komisije<\/a> kod koje ste pristupili polaganju stru\u010dnog ispita zamoliti za izdavanje ovjerene privremene potvrde o polo\u017eenom ispitu.<\/p>\n\n\n<ul class=\" wp-block-list eplus-wrapper eplus-styles-uid-69b90d\">\n<li class=\" has-medium-font-size eplus-wrapper\">Kako postupiti u slu\u010daju gubitka slu\u017ebenog Uvjerenja?<\/li>\n<\/ul>\n\n\n<p class=\" has-medium-font-size eplus-wrapper\">U slu\u010daju gubitka Uvjerenja o polo\u017eenom stru\u010dnom ispitu potrebno je <a href=\"https:\/\/mingor.gov.hr\/\" target=\"_blank\" rel=\"noreferrer noopener\">Ministarstvu gospodarstva<\/a> uputiti zahtjev za izdavanje preslike Uvjerenja o polo\u017eenom stru\u010dnom ispitu za energetska zvanja.<\/p>\n\n\n\n<p class=\" has-medium-font-size eplus-wrapper\">Upute za slanje zahtjeva mo\u017eete na\u0107i ovdje: <a href=\"https:\/\/energeticar.hr\/index.php\/informacija-o-proceduri-izdavanja-preslike-uvjerenja\/\">Informacija o proceduri izdavanja preslike Uvjerenja<\/a>.<\/p>\n","protected":false},"excerpt":{"rendered":"<p>Stru\u010dni ispit je postupak provjere znanja o poslovima i radnim zadacima upravljanja i rukovanja energetskim sustavima, postrojenjima, strojevima i ure\u0111ajima. Razvoj energetike i novih tehnologija uz razvoj i primjenu za\u0161tite okoli\u0161a kao svoju posljedicu name\u0107u velike i \u010deste promjene u zakonskoj regulativi i standardima koji propisuju na\u010dine upravljanja i rukovanja energetskim sustavima, postrojenjima, strojevima i &#8230; <a title=\"Pitanja i odgovori\" class=\"read-more\" href=\"https:\/\/energeticar.hr\/index.php\/pitanja-i-odgovori\/\" aria-label=\"More on Pitanja i odgovori\">Vi\u0161e o tome<\/a><\/p>\n","protected":false},"author":1,"featured_media":0,"parent":0,"menu_order":0,"comment_status":"closed","ping_status":"closed","template":"","meta":{"editor_plus_copied_stylings":"{}","footnotes":""},"class_list":["post-69","page","type-page","status-publish"],"yoast_head":"<!-- This site is optimized with the Yoast SEO plugin v26.8 - https:\/\/yoast.com\/product\/yoast-seo-wordpress\/ -->\n<title>Pitanja i odgovori - Savez energeti\u010dara Slavonije i Baranje<\/title>\n<meta name=\"description\" content=\"\u0160to je stru\u010dni ispit? Stru\u010dni ispit je postupak provjere znanja o poslovima i radnim zadacima upravljanja i rukovanja energetskim sustavima,\" \/>\n<meta name=\"robots\" content=\"index, follow, max-snippet:-1, max-image-preview:large, max-video-preview:-1\" \/>\n<link rel=\"canonical\" href=\"https:\/\/energeticar.hr\/index.php\/pitanja-i-odgovori\/\" \/>\n<meta property=\"og:locale\" content=\"en_US\" \/>\n<meta property=\"og:type\" content=\"article\" \/>\n<meta property=\"og:title\" content=\"Pitanja i odgovori - Savez energeti\u010dara Slavonije i Baranje\" \/>\n<meta property=\"og:description\" content=\"\u0160to je stru\u010dni ispit? Stru\u010dni ispit je postupak provjere znanja o poslovima i radnim zadacima upravljanja i rukovanja energetskim sustavima,\" \/>\n<meta property=\"og:url\" content=\"https:\/\/energeticar.hr\/index.php\/pitanja-i-odgovori\/\" \/>\n<meta property=\"og:site_name\" content=\"Savez energeti\u010dara Slavonije i Baranje\" \/>\n<meta property=\"article:modified_time\" content=\"2025-12-11T17:04:13+00:00\" \/>\n<meta name=\"twitter:card\" content=\"summary_large_image\" \/>\n<meta name=\"twitter:label1\" content=\"Est. reading time\" \/>\n\t<meta name=\"twitter:data1\" content=\"5 minutes\" \/>\n<script type=\"application\/ld+json\" class=\"yoast-schema-graph\">{\"@context\":\"https:\/\/schema.org\",\"@graph\":[{\"@type\":\"WebPage\",\"@id\":\"https:\/\/energeticar.hr\/index.php\/pitanja-i-odgovori\/\",\"url\":\"https:\/\/energeticar.hr\/index.php\/pitanja-i-odgovori\/\",\"name\":\"Pitanja i odgovori - Savez energeti\u010dara Slavonije i Baranje\",\"isPartOf\":{\"@id\":\"https:\/\/energeticar.hr\/#website\"},\"datePublished\":\"2024-02-14T17:22:25+00:00\",\"dateModified\":\"2025-12-11T17:04:13+00:00\",\"description\":\"\u0160to je stru\u010dni ispit? Stru\u010dni ispit je postupak provjere znanja o poslovima i radnim zadacima upravljanja i rukovanja energetskim sustavima,\",\"breadcrumb\":{\"@id\":\"https:\/\/energeticar.hr\/index.php\/pitanja-i-odgovori\/#breadcrumb\"},\"inLanguage\":\"en-US\",\"potentialAction\":[{\"@type\":\"ReadAction\",\"target\":[\"https:\/\/energeticar.hr\/index.php\/pitanja-i-odgovori\/\"]}]},{\"@type\":\"BreadcrumbList\",\"@id\":\"https:\/\/energeticar.hr\/index.php\/pitanja-i-odgovori\/#breadcrumb\",\"itemListElement\":[{\"@type\":\"ListItem\",\"position\":1,\"name\":\"Home\",\"item\":\"https:\/\/energeticar.hr\/\"},{\"@type\":\"ListItem\",\"position\":2,\"name\":\"Pitanja i odgovori\"}]},{\"@type\":\"WebSite\",\"@id\":\"https:\/\/energeticar.hr\/#website\",\"url\":\"https:\/\/energeticar.hr\/\",\"name\":\"Savez energeti\u010dara Slavonije i Baranje\",\"description\":\"SESIB\",\"publisher\":{\"@id\":\"https:\/\/energeticar.hr\/#organization\"},\"potentialAction\":[{\"@type\":\"SearchAction\",\"target\":{\"@type\":\"EntryPoint\",\"urlTemplate\":\"https:\/\/energeticar.hr\/?s={search_term_string}\"},\"query-input\":{\"@type\":\"PropertyValueSpecification\",\"valueRequired\":true,\"valueName\":\"search_term_string\"}}],\"inLanguage\":\"en-US\"},{\"@type\":\"Organization\",\"@id\":\"https:\/\/energeticar.hr\/#organization\",\"name\":\"Savez energeti\u010dara Slavonije i Baranje\",\"url\":\"https:\/\/energeticar.hr\/\",\"logo\":{\"@type\":\"ImageObject\",\"inLanguage\":\"en-US\",\"@id\":\"https:\/\/energeticar.hr\/#\/schema\/logo\/image\/\",\"url\":\"https:\/\/energeticar.hr\/wp-content\/uploads\/2024\/02\/SESiB-logo-SMALL-1.png\",\"contentUrl\":\"https:\/\/energeticar.hr\/wp-content\/uploads\/2024\/02\/SESiB-logo-SMALL-1.png\",\"width\":110,\"height\":101,\"caption\":\"Savez energeti\u010dara Slavonije i Baranje\"},\"image\":{\"@id\":\"https:\/\/energeticar.hr\/#\/schema\/logo\/image\/\"}}]}<\/script>\n<!-- \/ Yoast SEO plugin. -->","yoast_head_json":{"title":"Pitanja i odgovori - Savez energeti\u010dara Slavonije i Baranje","description":"\u0160to je stru\u010dni ispit? Stru\u010dni ispit je postupak provjere znanja o poslovima i radnim zadacima upravljanja i rukovanja energetskim sustavima,","robots":{"index":"index","follow":"follow","max-snippet":"max-snippet:-1","max-image-preview":"max-image-preview:large","max-video-preview":"max-video-preview:-1"},"canonical":"https:\/\/energeticar.hr\/index.php\/pitanja-i-odgovori\/","og_locale":"en_US","og_type":"article","og_title":"Pitanja i odgovori - Savez energeti\u010dara Slavonije i Baranje","og_description":"\u0160to je stru\u010dni ispit? Stru\u010dni ispit je postupak provjere znanja o poslovima i radnim zadacima upravljanja i rukovanja energetskim sustavima,","og_url":"https:\/\/energeticar.hr\/index.php\/pitanja-i-odgovori\/","og_site_name":"Savez energeti\u010dara Slavonije i Baranje","article_modified_time":"2025-12-11T17:04:13+00:00","twitter_card":"summary_large_image","twitter_misc":{"Est. reading time":"5 minutes"},"schema":{"@context":"https:\/\/schema.org","@graph":[{"@type":"WebPage","@id":"https:\/\/energeticar.hr\/index.php\/pitanja-i-odgovori\/","url":"https:\/\/energeticar.hr\/index.php\/pitanja-i-odgovori\/","name":"Pitanja i odgovori - Savez energeti\u010dara Slavonije i Baranje","isPartOf":{"@id":"https:\/\/energeticar.hr\/#website"},"datePublished":"2024-02-14T17:22:25+00:00","dateModified":"2025-12-11T17:04:13+00:00","description":"\u0160to je stru\u010dni ispit? Stru\u010dni ispit je postupak provjere znanja o poslovima i radnim zadacima upravljanja i rukovanja energetskim sustavima,","breadcrumb":{"@id":"https:\/\/energeticar.hr\/index.php\/pitanja-i-odgovori\/#breadcrumb"},"inLanguage":"en-US","potentialAction":[{"@type":"ReadAction","target":["https:\/\/energeticar.hr\/index.php\/pitanja-i-odgovori\/"]}]},{"@type":"BreadcrumbList","@id":"https:\/\/energeticar.hr\/index.php\/pitanja-i-odgovori\/#breadcrumb","itemListElement":[{"@type":"ListItem","position":1,"name":"Home","item":"https:\/\/energeticar.hr\/"},{"@type":"ListItem","position":2,"name":"Pitanja i odgovori"}]},{"@type":"WebSite","@id":"https:\/\/energeticar.hr\/#website","url":"https:\/\/energeticar.hr\/","name":"Savez energeti\u010dara Slavonije i Baranje","description":"SESIB","publisher":{"@id":"https:\/\/energeticar.hr\/#organization"},"potentialAction":[{"@type":"SearchAction","target":{"@type":"EntryPoint","urlTemplate":"https:\/\/energeticar.hr\/?s={search_term_string}"},"query-input":{"@type":"PropertyValueSpecification","valueRequired":true,"valueName":"search_term_string"}}],"inLanguage":"en-US"},{"@type":"Organization","@id":"https:\/\/energeticar.hr\/#organization","name":"Savez energeti\u010dara Slavonije i Baranje","url":"https:\/\/energeticar.hr\/","logo":{"@type":"ImageObject","inLanguage":"en-US","@id":"https:\/\/energeticar.hr\/#\/schema\/logo\/image\/","url":"https:\/\/energeticar.hr\/wp-content\/uploads\/2024\/02\/SESiB-logo-SMALL-1.png","contentUrl":"https:\/\/energeticar.hr\/wp-content\/uploads\/2024\/02\/SESiB-logo-SMALL-1.png","width":110,"height":101,"caption":"Savez energeti\u010dara Slavonije i Baranje"},"image":{"@id":"https:\/\/energeticar.hr\/#\/schema\/logo\/image\/"}}]}},"_links":{"self":[{"href":"https:\/\/energeticar.hr\/index.php\/wp-json\/wp\/v2\/pages\/69","targetHints":{"allow":["GET"]}}],"collection":[{"href":"https:\/\/energeticar.hr\/index.php\/wp-json\/wp\/v2\/pages"}],"about":[{"href":"https:\/\/energeticar.hr\/index.php\/wp-json\/wp\/v2\/types\/page"}],"author":[{"embeddable":true,"href":"https:\/\/energeticar.hr\/index.php\/wp-json\/wp\/v2\/users\/1"}],"replies":[{"embeddable":true,"href":"https:\/\/energeticar.hr\/index.php\/wp-json\/wp\/v2\/comments?post=69"}],"version-history":[{"count":44,"href":"https:\/\/energeticar.hr\/index.php\/wp-json\/wp\/v2\/pages\/69\/revisions"}],"predecessor-version":[{"id":4659,"href":"https:\/\/energeticar.hr\/index.php\/wp-json\/wp\/v2\/pages\/69\/revisions\/4659"}],"wp:attachment":[{"href":"https:\/\/energeticar.hr\/index.php\/wp-json\/wp\/v2\/media?parent=69"}],"curies":[{"name":"wp","href":"https:\/\/api.w.org\/{rel}","templated":true}]}}