{"id":67,"date":"2024-02-14T17:22:04","date_gmt":"2024-02-14T17:22:04","guid":{"rendered":"http:\/\/energeticar.free.nf\/?page_id=67"},"modified":"2024-02-24T12:50:07","modified_gmt":"2024-02-24T12:50:07","slug":"priznavanje-inozemnih-visokoskolskih-kvalifikacija","status":"publish","type":"page","link":"https:\/\/energeticar.hr\/index.php\/priznavanje-inozemnih-visokoskolskih-kvalifikacija\/","title":{"rendered":"Priznavanje inozemnih visoko\u0161kolskih kvalifikacija"},"content":{"rendered":"\n<p class=\" has-medium-font-size eplus-wrapper\"><strong>(jedan od uvjeta za stjecanje prava polaganja stru\u010dnog ispita za energetska zanimanja)<\/strong><\/p>\n\n\n\n<p class=\" has-medium-font-size eplus-wrapper\">Ukoliko kandidat\/kandidatkinja za polaganje stru\u010dnog ispita za energetska zanimanja posjeduje inozemnu visoko\u0161kolsku kvalifikaciju (diplomu), koja je jedan od uvjeta za stjecanje prava polaganja stru\u010dnog ispita za energetska zanimanja, vrijednost iste je potrebno formalno potvrditi.<br><br><a href=\"https:\/\/narodne-novine.nn.hr\/clanci\/sluzbeni\/2003_10_158_2258.html\" target=\"_blank\" rel=\"noreferrer noopener\">Prema Zakonu o priznavanju inozemnih obrazovnih kvalifikacija (NN 158\/2003)<\/a>&nbsp;stru\u010dno i akademsko priznavanje inozemnih visoko\u0161kolskih kvalifikacija obavlja AGENCIJA ZA ZNANOST I VISOKO OBRAZOVANJE na temelju prethodnog vrednovanja kvalifikacije.<br><br>Dodatne informacije nalaze se na<a href=\"https:\/\/www.azvo.hr\/hr\/\" target=\"_blank\" rel=\"noreferrer noopener\">&nbsp;https:\/\/www.azvo.hr\/hr\/<\/a><\/p>\n","protected":false},"excerpt":{"rendered":"<p>(jedan od uvjeta za stjecanje prava polaganja stru\u010dnog ispita za energetska zanimanja) Ukoliko kandidat\/kandidatkinja za polaganje stru\u010dnog ispita za energetska zanimanja posjeduje inozemnu visoko\u0161kolsku kvalifikaciju (diplomu), koja je jedan od uvjeta za stjecanje prava polaganja stru\u010dnog ispita za energetska zanimanja, vrijednost iste je potrebno formalno potvrditi. Prema Zakonu o priznavanju inozemnih obrazovnih kvalifikacija (NN 158\/2003)&nbsp;stru\u010dno &#8230; <a title=\"Priznavanje inozemnih visoko\u0161kolskih kvalifikacija\" class=\"read-more\" href=\"https:\/\/energeticar.hr\/index.php\/priznavanje-inozemnih-visokoskolskih-kvalifikacija\/\" aria-label=\"More on Priznavanje inozemnih visoko\u0161kolskih kvalifikacija\">Vi\u0161e o tome<\/a><\/p>\n","protected":false},"author":1,"featured_media":0,"parent":0,"menu_order":0,"comment_status":"closed","ping_status":"closed","template":"","meta":{"editor_plus_copied_stylings":"{}","footnotes":""},"class_list":["post-67","page","type-page","status-publish"],"yoast_head":"<!-- This site is optimized with the Yoast SEO plugin v26.8 - https:\/\/yoast.com\/product\/yoast-seo-wordpress\/ -->\n<title>Priznavanje inozemnih visoko\u0161kolskih kvalifikacija - Savez energeti\u010dara Slavonije i Baranje<\/title>\n<meta name=\"description\" content=\"(jedan od uvjeta za stjecanje prava polaganja stru\u010dnog ispita za energetska zanimanja) Ukoliko kandidat\/kandidatkinja za polaganje stru\u010dnog ispita za\" \/>\n<meta name=\"robots\" content=\"index, follow, max-snippet:-1, max-image-preview:large, max-video-preview:-1\" \/>\n<link rel=\"canonical\" href=\"https:\/\/energeticar.hr\/index.php\/priznavanje-inozemnih-visokoskolskih-kvalifikacija\/\" \/>\n<meta property=\"og:locale\" content=\"en_US\" \/>\n<meta property=\"og:type\" content=\"article\" \/>\n<meta property=\"og:title\" content=\"Priznavanje inozemnih visoko\u0161kolskih kvalifikacija - Savez energeti\u010dara Slavonije i Baranje\" \/>\n<meta property=\"og:description\" content=\"(jedan od uvjeta za stjecanje prava polaganja stru\u010dnog ispita za energetska zanimanja) Ukoliko kandidat\/kandidatkinja za polaganje stru\u010dnog ispita za\" \/>\n<meta property=\"og:url\" content=\"https:\/\/energeticar.hr\/index.php\/priznavanje-inozemnih-visokoskolskih-kvalifikacija\/\" \/>\n<meta property=\"og:site_name\" content=\"Savez energeti\u010dara Slavonije i Baranje\" \/>\n<meta property=\"article:modified_time\" content=\"2024-02-24T12:50:07+00:00\" \/>\n<meta name=\"twitter:card\" content=\"summary_large_image\" \/>\n<script type=\"application\/ld+json\" class=\"yoast-schema-graph\">{\"@context\":\"https:\/\/schema.org\",\"@graph\":[{\"@type\":\"WebPage\",\"@id\":\"https:\/\/energeticar.hr\/index.php\/priznavanje-inozemnih-visokoskolskih-kvalifikacija\/\",\"url\":\"https:\/\/energeticar.hr\/index.php\/priznavanje-inozemnih-visokoskolskih-kvalifikacija\/\",\"name\":\"Priznavanje inozemnih visoko\u0161kolskih kvalifikacija - Savez energeti\u010dara Slavonije i Baranje\",\"isPartOf\":{\"@id\":\"https:\/\/energeticar.hr\/#website\"},\"datePublished\":\"2024-02-14T17:22:04+00:00\",\"dateModified\":\"2024-02-24T12:50:07+00:00\",\"description\":\"(jedan od uvjeta za stjecanje prava polaganja stru\u010dnog ispita za energetska zanimanja) Ukoliko kandidat\/kandidatkinja za polaganje stru\u010dnog ispita za\",\"breadcrumb\":{\"@id\":\"https:\/\/energeticar.hr\/index.php\/priznavanje-inozemnih-visokoskolskih-kvalifikacija\/#breadcrumb\"},\"inLanguage\":\"en-US\",\"potentialAction\":[{\"@type\":\"ReadAction\",\"target\":[\"https:\/\/energeticar.hr\/index.php\/priznavanje-inozemnih-visokoskolskih-kvalifikacija\/\"]}]},{\"@type\":\"BreadcrumbList\",\"@id\":\"https:\/\/energeticar.hr\/index.php\/priznavanje-inozemnih-visokoskolskih-kvalifikacija\/#breadcrumb\",\"itemListElement\":[{\"@type\":\"ListItem\",\"position\":1,\"name\":\"Home\",\"item\":\"https:\/\/energeticar.hr\/\"},{\"@type\":\"ListItem\",\"position\":2,\"name\":\"Priznavanje inozemnih visoko\u0161kolskih kvalifikacija\"}]},{\"@type\":\"WebSite\",\"@id\":\"https:\/\/energeticar.hr\/#website\",\"url\":\"https:\/\/energeticar.hr\/\",\"name\":\"Savez energeti\u010dara Slavonije i Baranje\",\"description\":\"SESIB\",\"publisher\":{\"@id\":\"https:\/\/energeticar.hr\/#organization\"},\"potentialAction\":[{\"@type\":\"SearchAction\",\"target\":{\"@type\":\"EntryPoint\",\"urlTemplate\":\"https:\/\/energeticar.hr\/?s={search_term_string}\"},\"query-input\":{\"@type\":\"PropertyValueSpecification\",\"valueRequired\":true,\"valueName\":\"search_term_string\"}}],\"inLanguage\":\"en-US\"},{\"@type\":\"Organization\",\"@id\":\"https:\/\/energeticar.hr\/#organization\",\"name\":\"Savez energeti\u010dara Slavonije i Baranje\",\"url\":\"https:\/\/energeticar.hr\/\",\"logo\":{\"@type\":\"ImageObject\",\"inLanguage\":\"en-US\",\"@id\":\"https:\/\/energeticar.hr\/#\/schema\/logo\/image\/\",\"url\":\"https:\/\/energeticar.hr\/wp-content\/uploads\/2024\/02\/SESiB-logo-SMALL-1.png\",\"contentUrl\":\"https:\/\/energeticar.hr\/wp-content\/uploads\/2024\/02\/SESiB-logo-SMALL-1.png\",\"width\":110,\"height\":101,\"caption\":\"Savez energeti\u010dara Slavonije i Baranje\"},\"image\":{\"@id\":\"https:\/\/energeticar.hr\/#\/schema\/logo\/image\/\"}}]}<\/script>\n<!-- \/ Yoast SEO plugin. -->","yoast_head_json":{"title":"Priznavanje inozemnih visoko\u0161kolskih kvalifikacija - Savez energeti\u010dara Slavonije i Baranje","description":"(jedan od uvjeta za stjecanje prava polaganja stru\u010dnog ispita za energetska zanimanja) Ukoliko kandidat\/kandidatkinja za polaganje stru\u010dnog ispita za","robots":{"index":"index","follow":"follow","max-snippet":"max-snippet:-1","max-image-preview":"max-image-preview:large","max-video-preview":"max-video-preview:-1"},"canonical":"https:\/\/energeticar.hr\/index.php\/priznavanje-inozemnih-visokoskolskih-kvalifikacija\/","og_locale":"en_US","og_type":"article","og_title":"Priznavanje inozemnih visoko\u0161kolskih kvalifikacija - Savez energeti\u010dara Slavonije i Baranje","og_description":"(jedan od uvjeta za stjecanje prava polaganja stru\u010dnog ispita za energetska zanimanja) Ukoliko kandidat\/kandidatkinja za polaganje stru\u010dnog ispita za","og_url":"https:\/\/energeticar.hr\/index.php\/priznavanje-inozemnih-visokoskolskih-kvalifikacija\/","og_site_name":"Savez energeti\u010dara Slavonije i Baranje","article_modified_time":"2024-02-24T12:50:07+00:00","twitter_card":"summary_large_image","schema":{"@context":"https:\/\/schema.org","@graph":[{"@type":"WebPage","@id":"https:\/\/energeticar.hr\/index.php\/priznavanje-inozemnih-visokoskolskih-kvalifikacija\/","url":"https:\/\/energeticar.hr\/index.php\/priznavanje-inozemnih-visokoskolskih-kvalifikacija\/","name":"Priznavanje inozemnih visoko\u0161kolskih kvalifikacija - Savez energeti\u010dara Slavonije i Baranje","isPartOf":{"@id":"https:\/\/energeticar.hr\/#website"},"datePublished":"2024-02-14T17:22:04+00:00","dateModified":"2024-02-24T12:50:07+00:00","description":"(jedan od uvjeta za stjecanje prava polaganja stru\u010dnog ispita za energetska zanimanja) Ukoliko kandidat\/kandidatkinja za polaganje stru\u010dnog ispita za","breadcrumb":{"@id":"https:\/\/energeticar.hr\/index.php\/priznavanje-inozemnih-visokoskolskih-kvalifikacija\/#breadcrumb"},"inLanguage":"en-US","potentialAction":[{"@type":"ReadAction","target":["https:\/\/energeticar.hr\/index.php\/priznavanje-inozemnih-visokoskolskih-kvalifikacija\/"]}]},{"@type":"BreadcrumbList","@id":"https:\/\/energeticar.hr\/index.php\/priznavanje-inozemnih-visokoskolskih-kvalifikacija\/#breadcrumb","itemListElement":[{"@type":"ListItem","position":1,"name":"Home","item":"https:\/\/energeticar.hr\/"},{"@type":"ListItem","position":2,"name":"Priznavanje inozemnih visoko\u0161kolskih kvalifikacija"}]},{"@type":"WebSite","@id":"https:\/\/energeticar.hr\/#website","url":"https:\/\/energeticar.hr\/","name":"Savez energeti\u010dara Slavonije i Baranje","description":"SESIB","publisher":{"@id":"https:\/\/energeticar.hr\/#organization"},"potentialAction":[{"@type":"SearchAction","target":{"@type":"EntryPoint","urlTemplate":"https:\/\/energeticar.hr\/?s={search_term_string}"},"query-input":{"@type":"PropertyValueSpecification","valueRequired":true,"valueName":"search_term_string"}}],"inLanguage":"en-US"},{"@type":"Organization","@id":"https:\/\/energeticar.hr\/#organization","name":"Savez energeti\u010dara Slavonije i Baranje","url":"https:\/\/energeticar.hr\/","logo":{"@type":"ImageObject","inLanguage":"en-US","@id":"https:\/\/energeticar.hr\/#\/schema\/logo\/image\/","url":"https:\/\/energeticar.hr\/wp-content\/uploads\/2024\/02\/SESiB-logo-SMALL-1.png","contentUrl":"https:\/\/energeticar.hr\/wp-content\/uploads\/2024\/02\/SESiB-logo-SMALL-1.png","width":110,"height":101,"caption":"Savez energeti\u010dara Slavonije i Baranje"},"image":{"@id":"https:\/\/energeticar.hr\/#\/schema\/logo\/image\/"}}]}},"_links":{"self":[{"href":"https:\/\/energeticar.hr\/index.php\/wp-json\/wp\/v2\/pages\/67","targetHints":{"allow":["GET"]}}],"collection":[{"href":"https:\/\/energeticar.hr\/index.php\/wp-json\/wp\/v2\/pages"}],"about":[{"href":"https:\/\/energeticar.hr\/index.php\/wp-json\/wp\/v2\/types\/page"}],"author":[{"embeddable":true,"href":"https:\/\/energeticar.hr\/index.php\/wp-json\/wp\/v2\/users\/1"}],"replies":[{"embeddable":true,"href":"https:\/\/energeticar.hr\/index.php\/wp-json\/wp\/v2\/comments?post=67"}],"version-history":[{"count":2,"href":"https:\/\/energeticar.hr\/index.php\/wp-json\/wp\/v2\/pages\/67\/revisions"}],"predecessor-version":[{"id":616,"href":"https:\/\/energeticar.hr\/index.php\/wp-json\/wp\/v2\/pages\/67\/revisions\/616"}],"wp:attachment":[{"href":"https:\/\/energeticar.hr\/index.php\/wp-json\/wp\/v2\/media?parent=67"}],"curies":[{"name":"wp","href":"https:\/\/api.w.org\/{rel}","templated":true}]}}