{"id":65,"date":"2024-02-14T17:21:43","date_gmt":"2024-02-14T17:21:43","guid":{"rendered":"http:\/\/energeticar.free.nf\/?page_id=65"},"modified":"2025-12-11T16:41:52","modified_gmt":"2025-12-11T16:41:52","slug":"priznavanje-inozemnih-isprava-o-strucnoj-osposobljenosti","status":"publish","type":"page","link":"https:\/\/energeticar.hr\/index.php\/priznavanje-inozemnih-isprava-o-strucnoj-osposobljenosti\/","title":{"rendered":"Priznavanje inozemnih isprava o stru\u010dnoj osposobljenosti"},"content":{"rendered":"\n<p class=\" has-medium-font-size eplus-wrapper\">Priznavanje inozemnih isprava o stru\u010dnoj osposobljenosti za rad na poslovima rukovanja i upravljanja energetskim sustavima, postrojenjima, strojevima i ure\u0111ajima provodi&nbsp;<a href=\"https:\/\/mingor.gov.hr\/\" target=\"_blank\" rel=\"noreferrer noopener\">Ministarstvo gospodarstva<\/a>.<\/p>\n\n\n\n<p class=\" has-medium-font-size eplus-wrapper\">Postupak priznavanja isprava&nbsp;<strong>isti je<\/strong>&nbsp;za isprave izdane unutar dr\u017eava \u010dlanica EU te za isprave izdane unutar dr\u017eava koje nisu \u010dlanice EU.<br>Pokre\u0107e se na zahtjev stranke te se provodi na temelju dokaza o stru\u010dnoj osposobljenosti.<\/p>\n\n\n\n<p class=\"has-vivid-red-color has-text-color has-link-color has-medium-font-size eplus-wrapper wp-elements-2d90b4c68f88c6940a72889cfa1f69ee\"><strong>Pismeni zahtjev<\/strong><\/p>\n\n\n\n<p class=\"has-vivid-red-color has-text-color has-link-color has-medium-font-size eplus-wrapper wp-elements-9281e2eafee6f8c38e338488d8d346ff\">U pismeni zahtjev za priznavanje inozemnih isprava o stru\u010dnoj osposobljenosti potrebno je napisati:<\/p>\n\n\n\n<p class=\"has-vivid-red-color has-text-color has-link-color has-medium-font-size eplus-wrapper wp-elements-ddf204bcbb2d4c251b1c3e51c085bace\">Ime i prezime osobe za koju se priznavanje tra\u017ei te je potrebno prilo\u017eiti:<\/p>\n\n\n<ul class=\"wp-block-list has-vivid-red-color has-text-color has-link-color eplus-wrapper wp-elements-fb658933c45812d5abc0753dd0caede7 eplus-styles-uid-fedea4\">\n<li class=\" has-medium-font-size eplus-wrapper\">ispravu kojom se dokazuje inozemna stru\u010dna osposobljenost u originalu ili ovjerenoj preslici<\/li>\n\n\n\n<li class=\" has-medium-font-size eplus-wrapper\">ovjereni prijevod isprave kojom se dokazuje inozemna stru\u010dna osposobljenost (ne treba samo u slu\u010daju dokazivanja isprava iz BiH, Crne Gore i Srbije)<\/li>\n\n\n\n<li class=\" has-medium-font-size eplus-wrapper\">dokaz o polaganju stru\u010dnog osposobljavanja prije polaganja stru\u010dnog ispita ukoliko se poha\u0111alo stru\u010dno osposobljavanje<\/li>\n\n\n\n<li class=\" has-medium-font-size eplus-wrapper\">popis uvjeta\/kriterija koji su bili va\u017ee\u0107i kod pristupanja polaganju ispita<\/li>\n\n\n\n<li class=\" has-medium-font-size eplus-wrapper\">slu\u017ebeni program i plan iz kojeg je vidljiv sadr\u017eaj polo\u017eenih ispita<\/li>\n\n\n\n<li class=\" has-medium-font-size eplus-wrapper\">potvrdu o uplati naknade za tro\u0161kove koji iznose 39, 82 EUR a upla\u0107uju se u Dr\u017eavni prora\u010dun Republike Hrvatske na \u017eiro ra\u010dun: IBAN HR1210010051863000160 i pozivom na broj 64 5002-47053 &#8211; OIB uplatitelja<\/li>\n\n\n\n<li class=\" has-medium-font-size eplus-wrapper\">ispravu o dr\u017eavljanstvu<\/li>\n<\/ul>\n\n\n<p class=\" has-medium-font-size eplus-wrapper\">Ukoliko nadle\u017eno Ministarstvo prizna ispravu ona vrijedi\u00a0<strong>1 (jednu) godinu od datuma njenog izdavanja<\/strong>\u00a0te je nakon toga potrebno pristupiti polaganju stru\u010dnog ispita za energetska zvanja u Republici Hrvatskoj.<\/p>\n\n\n\n<p class=\" has-medium-font-size eplus-wrapper\">Za prijavu polaganja stru\u010dnih ispita za energetska zvanja u Republici Hrvatskoj potrebno je\u00a0<strong><a href=\"https:\/\/login.microsoftonline.com\/common\/oauth2\/authorize?client_id=00000002-0000-0ff1-ce00-000000000000&amp;redirect_uri=https%3a%2f%2foutlook.office.com%2fowa%2f&amp;resource=00000002-0000-0ff1-ce00-000000000000&amp;response_mode=form_post&amp;response_type=code+id_token&amp;scope=openid&amp;msafed=1&amp;msaredir=1&amp;client-request-id=813ac24b-f485-9ab3-b8ac-c23e5db20cf7&amp;protectedtoken=true&amp;claims=%7b%22id_token%22%3a%7b%22xms_cc%22%3a%7b%22values%22%3a%5b%22CP1%22%5d%7d%7d%7d&amp;nonce=638420389460499149.ed638e11-fa85-47a1-b3c3-e8a50d423f86&amp;state=JUzdboIwGIXtWfQObGlBekF2sWQSwkyGRIS7r6UGsB0bIExfcq9ks12ck5PzZ1uW9WzwZGAjQ9Y2ICH1EAkZDRBlDFPmytqYEmPnDKHv0C1ghxNBHBmCj2rqkXMY2Gb7a2_6BTYvGlo19dehjf7VigB8wjjBve3A5TBMvernVqwoGmXjNsPaZJOM8HqQdTtIMeV9BHGGRPwepDc216ds5B4bUs10pVVXHfyOe2jmxdsXf2WXqjgufKeucGPGxwsne5Xe2VQWaqx3DAt9YX_dOJuTfN-Uhd8IkjVSq-_y4LflKUHc-5lr853kH4vwjn2qm9sD\" target=\"_blank\" rel=\"noreferrer noopener\">kontaktirati tajnicu ili tajnika podru\u010dne Ispitne komisije<\/a><\/strong> u kojoj se \u017eeli polagati stru\u010dni ispit.<\/p>\n","protected":false},"excerpt":{"rendered":"<p>Priznavanje inozemnih isprava o stru\u010dnoj osposobljenosti za rad na poslovima rukovanja i upravljanja energetskim sustavima, postrojenjima, strojevima i ure\u0111ajima provodi&nbsp;Ministarstvo gospodarstva. Postupak priznavanja isprava&nbsp;isti je&nbsp;za isprave izdane unutar dr\u017eava \u010dlanica EU te za isprave izdane unutar dr\u017eava koje nisu \u010dlanice EU.Pokre\u0107e se na zahtjev stranke te se provodi na temelju dokaza o stru\u010dnoj osposobljenosti. Pismeni &#8230; <a title=\"Priznavanje inozemnih isprava o stru\u010dnoj osposobljenosti\" class=\"read-more\" href=\"https:\/\/energeticar.hr\/index.php\/priznavanje-inozemnih-isprava-o-strucnoj-osposobljenosti\/\" aria-label=\"More on Priznavanje inozemnih isprava o stru\u010dnoj osposobljenosti\">Vi\u0161e o tome<\/a><\/p>\n","protected":false},"author":1,"featured_media":0,"parent":0,"menu_order":0,"comment_status":"closed","ping_status":"closed","template":"","meta":{"editor_plus_copied_stylings":"{}","footnotes":""},"class_list":["post-65","page","type-page","status-publish"],"yoast_head":"<!-- This site is optimized with the Yoast SEO plugin v26.8 - https:\/\/yoast.com\/product\/yoast-seo-wordpress\/ -->\n<title>Priznavanje inozemnih isprava o stru\u010dnoj osposobljenosti - Savez energeti\u010dara Slavonije i Baranje<\/title>\n<meta name=\"description\" content=\"Priznavanje inozemnih isprava o stru\u010dnoj osposobljenosti za rad na poslovima rukovanja i upravljanja energetskim sustavima, postrojenjima, strojevima i\" \/>\n<meta name=\"robots\" content=\"index, follow, max-snippet:-1, max-image-preview:large, max-video-preview:-1\" \/>\n<link rel=\"canonical\" href=\"https:\/\/energeticar.hr\/index.php\/priznavanje-inozemnih-isprava-o-strucnoj-osposobljenosti\/\" \/>\n<meta property=\"og:locale\" content=\"en_US\" \/>\n<meta property=\"og:type\" content=\"article\" \/>\n<meta property=\"og:title\" content=\"Priznavanje inozemnih isprava o stru\u010dnoj osposobljenosti - Savez energeti\u010dara Slavonije i Baranje\" \/>\n<meta property=\"og:description\" content=\"Priznavanje inozemnih isprava o stru\u010dnoj osposobljenosti za rad na poslovima rukovanja i upravljanja energetskim sustavima, postrojenjima, strojevima i\" \/>\n<meta property=\"og:url\" content=\"https:\/\/energeticar.hr\/index.php\/priznavanje-inozemnih-isprava-o-strucnoj-osposobljenosti\/\" \/>\n<meta property=\"og:site_name\" content=\"Savez energeti\u010dara Slavonije i Baranje\" \/>\n<meta property=\"article:modified_time\" content=\"2025-12-11T16:41:52+00:00\" \/>\n<meta name=\"twitter:card\" content=\"summary_large_image\" \/>\n<meta name=\"twitter:label1\" content=\"Est. reading time\" \/>\n\t<meta name=\"twitter:data1\" content=\"2 minutes\" \/>\n<script type=\"application\/ld+json\" class=\"yoast-schema-graph\">{\"@context\":\"https:\/\/schema.org\",\"@graph\":[{\"@type\":\"WebPage\",\"@id\":\"https:\/\/energeticar.hr\/index.php\/priznavanje-inozemnih-isprava-o-strucnoj-osposobljenosti\/\",\"url\":\"https:\/\/energeticar.hr\/index.php\/priznavanje-inozemnih-isprava-o-strucnoj-osposobljenosti\/\",\"name\":\"Priznavanje inozemnih isprava o stru\u010dnoj osposobljenosti - Savez energeti\u010dara Slavonije i Baranje\",\"isPartOf\":{\"@id\":\"https:\/\/energeticar.hr\/#website\"},\"datePublished\":\"2024-02-14T17:21:43+00:00\",\"dateModified\":\"2025-12-11T16:41:52+00:00\",\"description\":\"Priznavanje inozemnih isprava o stru\u010dnoj osposobljenosti za rad na poslovima rukovanja i upravljanja energetskim sustavima, postrojenjima, strojevima i\",\"breadcrumb\":{\"@id\":\"https:\/\/energeticar.hr\/index.php\/priznavanje-inozemnih-isprava-o-strucnoj-osposobljenosti\/#breadcrumb\"},\"inLanguage\":\"en-US\",\"potentialAction\":[{\"@type\":\"ReadAction\",\"target\":[\"https:\/\/energeticar.hr\/index.php\/priznavanje-inozemnih-isprava-o-strucnoj-osposobljenosti\/\"]}]},{\"@type\":\"BreadcrumbList\",\"@id\":\"https:\/\/energeticar.hr\/index.php\/priznavanje-inozemnih-isprava-o-strucnoj-osposobljenosti\/#breadcrumb\",\"itemListElement\":[{\"@type\":\"ListItem\",\"position\":1,\"name\":\"Home\",\"item\":\"https:\/\/energeticar.hr\/\"},{\"@type\":\"ListItem\",\"position\":2,\"name\":\"Priznavanje inozemnih isprava o stru\u010dnoj osposobljenosti\"}]},{\"@type\":\"WebSite\",\"@id\":\"https:\/\/energeticar.hr\/#website\",\"url\":\"https:\/\/energeticar.hr\/\",\"name\":\"Savez energeti\u010dara Slavonije i Baranje\",\"description\":\"SESIB\",\"publisher\":{\"@id\":\"https:\/\/energeticar.hr\/#organization\"},\"potentialAction\":[{\"@type\":\"SearchAction\",\"target\":{\"@type\":\"EntryPoint\",\"urlTemplate\":\"https:\/\/energeticar.hr\/?s={search_term_string}\"},\"query-input\":{\"@type\":\"PropertyValueSpecification\",\"valueRequired\":true,\"valueName\":\"search_term_string\"}}],\"inLanguage\":\"en-US\"},{\"@type\":\"Organization\",\"@id\":\"https:\/\/energeticar.hr\/#organization\",\"name\":\"Savez energeti\u010dara Slavonije i Baranje\",\"url\":\"https:\/\/energeticar.hr\/\",\"logo\":{\"@type\":\"ImageObject\",\"inLanguage\":\"en-US\",\"@id\":\"https:\/\/energeticar.hr\/#\/schema\/logo\/image\/\",\"url\":\"https:\/\/energeticar.hr\/wp-content\/uploads\/2024\/02\/SESiB-logo-SMALL-1.png\",\"contentUrl\":\"https:\/\/energeticar.hr\/wp-content\/uploads\/2024\/02\/SESiB-logo-SMALL-1.png\",\"width\":110,\"height\":101,\"caption\":\"Savez energeti\u010dara Slavonije i Baranje\"},\"image\":{\"@id\":\"https:\/\/energeticar.hr\/#\/schema\/logo\/image\/\"}}]}<\/script>\n<!-- \/ Yoast SEO plugin. -->","yoast_head_json":{"title":"Priznavanje inozemnih isprava o stru\u010dnoj osposobljenosti - Savez energeti\u010dara Slavonije i Baranje","description":"Priznavanje inozemnih isprava o stru\u010dnoj osposobljenosti za rad na poslovima rukovanja i upravljanja energetskim sustavima, postrojenjima, strojevima i","robots":{"index":"index","follow":"follow","max-snippet":"max-snippet:-1","max-image-preview":"max-image-preview:large","max-video-preview":"max-video-preview:-1"},"canonical":"https:\/\/energeticar.hr\/index.php\/priznavanje-inozemnih-isprava-o-strucnoj-osposobljenosti\/","og_locale":"en_US","og_type":"article","og_title":"Priznavanje inozemnih isprava o stru\u010dnoj osposobljenosti - Savez energeti\u010dara Slavonije i Baranje","og_description":"Priznavanje inozemnih isprava o stru\u010dnoj osposobljenosti za rad na poslovima rukovanja i upravljanja energetskim sustavima, postrojenjima, strojevima i","og_url":"https:\/\/energeticar.hr\/index.php\/priznavanje-inozemnih-isprava-o-strucnoj-osposobljenosti\/","og_site_name":"Savez energeti\u010dara Slavonije i Baranje","article_modified_time":"2025-12-11T16:41:52+00:00","twitter_card":"summary_large_image","twitter_misc":{"Est. reading time":"2 minutes"},"schema":{"@context":"https:\/\/schema.org","@graph":[{"@type":"WebPage","@id":"https:\/\/energeticar.hr\/index.php\/priznavanje-inozemnih-isprava-o-strucnoj-osposobljenosti\/","url":"https:\/\/energeticar.hr\/index.php\/priznavanje-inozemnih-isprava-o-strucnoj-osposobljenosti\/","name":"Priznavanje inozemnih isprava o stru\u010dnoj osposobljenosti - Savez energeti\u010dara Slavonije i Baranje","isPartOf":{"@id":"https:\/\/energeticar.hr\/#website"},"datePublished":"2024-02-14T17:21:43+00:00","dateModified":"2025-12-11T16:41:52+00:00","description":"Priznavanje inozemnih isprava o stru\u010dnoj osposobljenosti za rad na poslovima rukovanja i upravljanja energetskim sustavima, postrojenjima, strojevima i","breadcrumb":{"@id":"https:\/\/energeticar.hr\/index.php\/priznavanje-inozemnih-isprava-o-strucnoj-osposobljenosti\/#breadcrumb"},"inLanguage":"en-US","potentialAction":[{"@type":"ReadAction","target":["https:\/\/energeticar.hr\/index.php\/priznavanje-inozemnih-isprava-o-strucnoj-osposobljenosti\/"]}]},{"@type":"BreadcrumbList","@id":"https:\/\/energeticar.hr\/index.php\/priznavanje-inozemnih-isprava-o-strucnoj-osposobljenosti\/#breadcrumb","itemListElement":[{"@type":"ListItem","position":1,"name":"Home","item":"https:\/\/energeticar.hr\/"},{"@type":"ListItem","position":2,"name":"Priznavanje inozemnih isprava o stru\u010dnoj osposobljenosti"}]},{"@type":"WebSite","@id":"https:\/\/energeticar.hr\/#website","url":"https:\/\/energeticar.hr\/","name":"Savez energeti\u010dara Slavonije i Baranje","description":"SESIB","publisher":{"@id":"https:\/\/energeticar.hr\/#organization"},"potentialAction":[{"@type":"SearchAction","target":{"@type":"EntryPoint","urlTemplate":"https:\/\/energeticar.hr\/?s={search_term_string}"},"query-input":{"@type":"PropertyValueSpecification","valueRequired":true,"valueName":"search_term_string"}}],"inLanguage":"en-US"},{"@type":"Organization","@id":"https:\/\/energeticar.hr\/#organization","name":"Savez energeti\u010dara Slavonije i Baranje","url":"https:\/\/energeticar.hr\/","logo":{"@type":"ImageObject","inLanguage":"en-US","@id":"https:\/\/energeticar.hr\/#\/schema\/logo\/image\/","url":"https:\/\/energeticar.hr\/wp-content\/uploads\/2024\/02\/SESiB-logo-SMALL-1.png","contentUrl":"https:\/\/energeticar.hr\/wp-content\/uploads\/2024\/02\/SESiB-logo-SMALL-1.png","width":110,"height":101,"caption":"Savez energeti\u010dara Slavonije i Baranje"},"image":{"@id":"https:\/\/energeticar.hr\/#\/schema\/logo\/image\/"}}]}},"_links":{"self":[{"href":"https:\/\/energeticar.hr\/index.php\/wp-json\/wp\/v2\/pages\/65","targetHints":{"allow":["GET"]}}],"collection":[{"href":"https:\/\/energeticar.hr\/index.php\/wp-json\/wp\/v2\/pages"}],"about":[{"href":"https:\/\/energeticar.hr\/index.php\/wp-json\/wp\/v2\/types\/page"}],"author":[{"embeddable":true,"href":"https:\/\/energeticar.hr\/index.php\/wp-json\/wp\/v2\/users\/1"}],"replies":[{"embeddable":true,"href":"https:\/\/energeticar.hr\/index.php\/wp-json\/wp\/v2\/comments?post=65"}],"version-history":[{"count":7,"href":"https:\/\/energeticar.hr\/index.php\/wp-json\/wp\/v2\/pages\/65\/revisions"}],"predecessor-version":[{"id":4634,"href":"https:\/\/energeticar.hr\/index.php\/wp-json\/wp\/v2\/pages\/65\/revisions\/4634"}],"wp:attachment":[{"href":"https:\/\/energeticar.hr\/index.php\/wp-json\/wp\/v2\/media?parent=65"}],"curies":[{"name":"wp","href":"https:\/\/api.w.org\/{rel}","templated":true}]}}