{"id":61,"date":"2024-02-14T17:20:52","date_gmt":"2024-02-14T17:20:52","guid":{"rendered":"http:\/\/energeticar.free.nf\/?page_id=61"},"modified":"2025-12-11T16:43:23","modified_gmt":"2025-12-11T16:43:23","slug":"informacija-o-proceduri-izdavanja-preslike-uvjerenja","status":"publish","type":"page","link":"https:\/\/energeticar.hr\/index.php\/informacija-o-proceduri-izdavanja-preslike-uvjerenja\/","title":{"rendered":"Informacija o proceduri izdavanja preslike Uvjerenja"},"content":{"rendered":"\n<p class=\"has-vivid-red-color has-text-color has-link-color has-medium-font-size eplus-wrapper wp-elements-a8c2756d55233170b13cae3a05a771f6\"><strong>U PISMENI ZAHTJEV ZA IZDAVANJE PRESLIKE UVJERENJA NAVESTI:<\/strong><\/p>\n\n\n\n<p class=\"has-vivid-red-color has-text-color has-link-color has-medium-font-size eplus-wrapper wp-elements-e6472da20b10542df6b086a06400c94b\">ime i prezime osobe za koju se tra\u017ei Uvjerenje<br>godinu ro\u0111enja<br>OIB<br>adresu stanovanja<br>cjelovit naziv zvanja<br>podru\u010dnu Ispitnu komisiju u kojoj je polagan stru\u010dni ispit te okvirni datum polaganja<br>adresu na koju se \u0161alje preslika Uvjerenja<br> <br><\/p>\n\n\n\n<p class=\"has-vivid-cyan-blue-color has-text-color has-link-color has-medium-font-size eplus-wrapper wp-elements-a5458a4ffff77f6d4ba3cfe8516cfcce\"><strong>Pismeni zahtjev poslati na Ministarstvo gospodarstva:<\/strong><\/p>\n\n\n\n<p class=\"has-vivid-cyan-blue-color has-text-color has-link-color has-medium-font-size eplus-wrapper wp-elements-279d80f3afed063703d7e68211f703cd\">Ministarstvo gospodarstva<br>n\/r gosp.Ivana Benkovi\u0107a<br>Ispitna komisija za energetska zvanja<br>Ulica grada Vukovara 78<br>10000 Zagreb<\/p>\n","protected":false},"excerpt":{"rendered":"<p>U PISMENI ZAHTJEV ZA IZDAVANJE PRESLIKE UVJERENJA NAVESTI: ime i prezime osobe za koju se tra\u017ei Uvjerenjegodinu ro\u0111enjaOIBadresu stanovanjacjelovit naziv zvanjapodru\u010dnu Ispitnu komisiju u kojoj je polagan stru\u010dni ispit te okvirni datum polaganjaadresu na koju se \u0161alje preslika Uvjerenja Pismeni zahtjev poslati na Ministarstvo gospodarstva: Ministarstvo gospodarstvan\/r gosp.Ivana Benkovi\u0107aIspitna komisija za energetska zvanjaUlica grada Vukovara &#8230; <a title=\"Informacija o proceduri izdavanja preslike Uvjerenja\" class=\"read-more\" href=\"https:\/\/energeticar.hr\/index.php\/informacija-o-proceduri-izdavanja-preslike-uvjerenja\/\" aria-label=\"More on Informacija o proceduri izdavanja preslike Uvjerenja\">Vi\u0161e o tome<\/a><\/p>\n","protected":false},"author":1,"featured_media":0,"parent":0,"menu_order":0,"comment_status":"closed","ping_status":"closed","template":"","meta":{"editor_plus_copied_stylings":"{}","footnotes":""},"class_list":["post-61","page","type-page","status-publish"],"yoast_head":"<!-- This site is optimized with the Yoast SEO plugin v26.8 - https:\/\/yoast.com\/product\/yoast-seo-wordpress\/ -->\n<title>Informacija o proceduri izdavanja preslike Uvjerenja - Savez energeti\u010dara Slavonije i Baranje<\/title>\n<meta name=\"description\" content=\"U PISMENI ZAHTJEV ZA IZDAVANJE PRESLIKE UVJERENJA NAVESTI: ime i prezime osobe za koju se tra\u017ei Uvjerenjegodinu ro\u0111enjaOIBadresu stanovanjacjelovit naziv\" \/>\n<meta name=\"robots\" content=\"index, follow, max-snippet:-1, max-image-preview:large, max-video-preview:-1\" \/>\n<link rel=\"canonical\" href=\"https:\/\/energeticar.hr\/index.php\/informacija-o-proceduri-izdavanja-preslike-uvjerenja\/\" \/>\n<meta property=\"og:locale\" content=\"en_US\" \/>\n<meta property=\"og:type\" content=\"article\" \/>\n<meta property=\"og:title\" content=\"Informacija o proceduri izdavanja preslike Uvjerenja - Savez energeti\u010dara Slavonije i Baranje\" \/>\n<meta property=\"og:description\" content=\"U PISMENI ZAHTJEV ZA IZDAVANJE PRESLIKE UVJERENJA NAVESTI: ime i prezime osobe za koju se tra\u017ei Uvjerenjegodinu ro\u0111enjaOIBadresu stanovanjacjelovit naziv\" \/>\n<meta property=\"og:url\" content=\"https:\/\/energeticar.hr\/index.php\/informacija-o-proceduri-izdavanja-preslike-uvjerenja\/\" \/>\n<meta property=\"og:site_name\" content=\"Savez energeti\u010dara Slavonije i Baranje\" \/>\n<meta property=\"article:modified_time\" content=\"2025-12-11T16:43:23+00:00\" \/>\n<meta name=\"twitter:card\" content=\"summary_large_image\" \/>\n<meta name=\"twitter:label1\" content=\"Est. reading time\" \/>\n\t<meta name=\"twitter:data1\" content=\"1 minute\" \/>\n<script type=\"application\/ld+json\" class=\"yoast-schema-graph\">{\"@context\":\"https:\/\/schema.org\",\"@graph\":[{\"@type\":\"WebPage\",\"@id\":\"https:\/\/energeticar.hr\/index.php\/informacija-o-proceduri-izdavanja-preslike-uvjerenja\/\",\"url\":\"https:\/\/energeticar.hr\/index.php\/informacija-o-proceduri-izdavanja-preslike-uvjerenja\/\",\"name\":\"Informacija o proceduri izdavanja preslike Uvjerenja - Savez energeti\u010dara Slavonije i Baranje\",\"isPartOf\":{\"@id\":\"https:\/\/energeticar.hr\/#website\"},\"datePublished\":\"2024-02-14T17:20:52+00:00\",\"dateModified\":\"2025-12-11T16:43:23+00:00\",\"description\":\"U PISMENI ZAHTJEV ZA IZDAVANJE PRESLIKE UVJERENJA NAVESTI: ime i prezime osobe za koju se tra\u017ei Uvjerenjegodinu ro\u0111enjaOIBadresu stanovanjacjelovit naziv\",\"breadcrumb\":{\"@id\":\"https:\/\/energeticar.hr\/index.php\/informacija-o-proceduri-izdavanja-preslike-uvjerenja\/#breadcrumb\"},\"inLanguage\":\"en-US\",\"potentialAction\":[{\"@type\":\"ReadAction\",\"target\":[\"https:\/\/energeticar.hr\/index.php\/informacija-o-proceduri-izdavanja-preslike-uvjerenja\/\"]}]},{\"@type\":\"BreadcrumbList\",\"@id\":\"https:\/\/energeticar.hr\/index.php\/informacija-o-proceduri-izdavanja-preslike-uvjerenja\/#breadcrumb\",\"itemListElement\":[{\"@type\":\"ListItem\",\"position\":1,\"name\":\"Home\",\"item\":\"https:\/\/energeticar.hr\/\"},{\"@type\":\"ListItem\",\"position\":2,\"name\":\"Informacija o proceduri izdavanja preslike Uvjerenja\"}]},{\"@type\":\"WebSite\",\"@id\":\"https:\/\/energeticar.hr\/#website\",\"url\":\"https:\/\/energeticar.hr\/\",\"name\":\"Savez energeti\u010dara Slavonije i Baranje\",\"description\":\"SESIB\",\"publisher\":{\"@id\":\"https:\/\/energeticar.hr\/#organization\"},\"potentialAction\":[{\"@type\":\"SearchAction\",\"target\":{\"@type\":\"EntryPoint\",\"urlTemplate\":\"https:\/\/energeticar.hr\/?s={search_term_string}\"},\"query-input\":{\"@type\":\"PropertyValueSpecification\",\"valueRequired\":true,\"valueName\":\"search_term_string\"}}],\"inLanguage\":\"en-US\"},{\"@type\":\"Organization\",\"@id\":\"https:\/\/energeticar.hr\/#organization\",\"name\":\"Savez energeti\u010dara Slavonije i Baranje\",\"url\":\"https:\/\/energeticar.hr\/\",\"logo\":{\"@type\":\"ImageObject\",\"inLanguage\":\"en-US\",\"@id\":\"https:\/\/energeticar.hr\/#\/schema\/logo\/image\/\",\"url\":\"https:\/\/energeticar.hr\/wp-content\/uploads\/2024\/02\/SESiB-logo-SMALL-1.png\",\"contentUrl\":\"https:\/\/energeticar.hr\/wp-content\/uploads\/2024\/02\/SESiB-logo-SMALL-1.png\",\"width\":110,\"height\":101,\"caption\":\"Savez energeti\u010dara Slavonije i Baranje\"},\"image\":{\"@id\":\"https:\/\/energeticar.hr\/#\/schema\/logo\/image\/\"}}]}<\/script>\n<!-- \/ Yoast SEO plugin. -->","yoast_head_json":{"title":"Informacija o proceduri izdavanja preslike Uvjerenja - Savez energeti\u010dara Slavonije i Baranje","description":"U PISMENI ZAHTJEV ZA IZDAVANJE PRESLIKE UVJERENJA NAVESTI: ime i prezime osobe za koju se tra\u017ei Uvjerenjegodinu ro\u0111enjaOIBadresu stanovanjacjelovit naziv","robots":{"index":"index","follow":"follow","max-snippet":"max-snippet:-1","max-image-preview":"max-image-preview:large","max-video-preview":"max-video-preview:-1"},"canonical":"https:\/\/energeticar.hr\/index.php\/informacija-o-proceduri-izdavanja-preslike-uvjerenja\/","og_locale":"en_US","og_type":"article","og_title":"Informacija o proceduri izdavanja preslike Uvjerenja - Savez energeti\u010dara Slavonije i Baranje","og_description":"U PISMENI ZAHTJEV ZA IZDAVANJE PRESLIKE UVJERENJA NAVESTI: ime i prezime osobe za koju se tra\u017ei Uvjerenjegodinu ro\u0111enjaOIBadresu stanovanjacjelovit naziv","og_url":"https:\/\/energeticar.hr\/index.php\/informacija-o-proceduri-izdavanja-preslike-uvjerenja\/","og_site_name":"Savez energeti\u010dara Slavonije i Baranje","article_modified_time":"2025-12-11T16:43:23+00:00","twitter_card":"summary_large_image","twitter_misc":{"Est. reading time":"1 minute"},"schema":{"@context":"https:\/\/schema.org","@graph":[{"@type":"WebPage","@id":"https:\/\/energeticar.hr\/index.php\/informacija-o-proceduri-izdavanja-preslike-uvjerenja\/","url":"https:\/\/energeticar.hr\/index.php\/informacija-o-proceduri-izdavanja-preslike-uvjerenja\/","name":"Informacija o proceduri izdavanja preslike Uvjerenja - Savez energeti\u010dara Slavonije i Baranje","isPartOf":{"@id":"https:\/\/energeticar.hr\/#website"},"datePublished":"2024-02-14T17:20:52+00:00","dateModified":"2025-12-11T16:43:23+00:00","description":"U PISMENI ZAHTJEV ZA IZDAVANJE PRESLIKE UVJERENJA NAVESTI: ime i prezime osobe za koju se tra\u017ei Uvjerenjegodinu ro\u0111enjaOIBadresu stanovanjacjelovit naziv","breadcrumb":{"@id":"https:\/\/energeticar.hr\/index.php\/informacija-o-proceduri-izdavanja-preslike-uvjerenja\/#breadcrumb"},"inLanguage":"en-US","potentialAction":[{"@type":"ReadAction","target":["https:\/\/energeticar.hr\/index.php\/informacija-o-proceduri-izdavanja-preslike-uvjerenja\/"]}]},{"@type":"BreadcrumbList","@id":"https:\/\/energeticar.hr\/index.php\/informacija-o-proceduri-izdavanja-preslike-uvjerenja\/#breadcrumb","itemListElement":[{"@type":"ListItem","position":1,"name":"Home","item":"https:\/\/energeticar.hr\/"},{"@type":"ListItem","position":2,"name":"Informacija o proceduri izdavanja preslike Uvjerenja"}]},{"@type":"WebSite","@id":"https:\/\/energeticar.hr\/#website","url":"https:\/\/energeticar.hr\/","name":"Savez energeti\u010dara Slavonije i Baranje","description":"SESIB","publisher":{"@id":"https:\/\/energeticar.hr\/#organization"},"potentialAction":[{"@type":"SearchAction","target":{"@type":"EntryPoint","urlTemplate":"https:\/\/energeticar.hr\/?s={search_term_string}"},"query-input":{"@type":"PropertyValueSpecification","valueRequired":true,"valueName":"search_term_string"}}],"inLanguage":"en-US"},{"@type":"Organization","@id":"https:\/\/energeticar.hr\/#organization","name":"Savez energeti\u010dara Slavonije i Baranje","url":"https:\/\/energeticar.hr\/","logo":{"@type":"ImageObject","inLanguage":"en-US","@id":"https:\/\/energeticar.hr\/#\/schema\/logo\/image\/","url":"https:\/\/energeticar.hr\/wp-content\/uploads\/2024\/02\/SESiB-logo-SMALL-1.png","contentUrl":"https:\/\/energeticar.hr\/wp-content\/uploads\/2024\/02\/SESiB-logo-SMALL-1.png","width":110,"height":101,"caption":"Savez energeti\u010dara Slavonije i Baranje"},"image":{"@id":"https:\/\/energeticar.hr\/#\/schema\/logo\/image\/"}}]}},"_links":{"self":[{"href":"https:\/\/energeticar.hr\/index.php\/wp-json\/wp\/v2\/pages\/61","targetHints":{"allow":["GET"]}}],"collection":[{"href":"https:\/\/energeticar.hr\/index.php\/wp-json\/wp\/v2\/pages"}],"about":[{"href":"https:\/\/energeticar.hr\/index.php\/wp-json\/wp\/v2\/types\/page"}],"author":[{"embeddable":true,"href":"https:\/\/energeticar.hr\/index.php\/wp-json\/wp\/v2\/users\/1"}],"replies":[{"embeddable":true,"href":"https:\/\/energeticar.hr\/index.php\/wp-json\/wp\/v2\/comments?post=61"}],"version-history":[{"count":4,"href":"https:\/\/energeticar.hr\/index.php\/wp-json\/wp\/v2\/pages\/61\/revisions"}],"predecessor-version":[{"id":4635,"href":"https:\/\/energeticar.hr\/index.php\/wp-json\/wp\/v2\/pages\/61\/revisions\/4635"}],"wp:attachment":[{"href":"https:\/\/energeticar.hr\/index.php\/wp-json\/wp\/v2\/media?parent=61"}],"curies":[{"name":"wp","href":"https:\/\/api.w.org\/{rel}","templated":true}]}}