{"id":57,"date":"2024-02-14T17:18:28","date_gmt":"2024-02-14T17:18:28","guid":{"rendered":"http:\/\/energeticar.free.nf\/?page_id=57"},"modified":"2024-09-06T16:32:18","modified_gmt":"2024-09-06T16:32:18","slug":"cjenik-strucnih-ispita","status":"publish","type":"page","link":"https:\/\/energeticar.hr\/index.php\/cjenik-strucnih-ispita\/","title":{"rendered":"Uplate za polaganje stru\u010dnih ispita"},"content":{"rendered":"\n<hr class=\" wp-block-separator has-alpha-channel-opacity eplus-wrapper\"\/>\n\n\n<p class=\" has-text-align-center has-large-font-size eplus-wrapper eplus-styles-uid-974cd6\"><strong>Iznos za polaganje stru\u010dnog ispita upla\u0107uje se u 2 dijela:<\/strong><\/p>\n\n<div class=\"wp-block-columns are-vertically-aligned-center eplus-wrapper is-layout-flex wp-container-core-columns-is-layout-9d6595d7 wp-block-columns-is-layout-flex eplus-styles-uid-4db890\"><div class=\"wp-block-column is-vertically-aligned-center eplus-wrapper is-layout-flow wp-block-column-is-layout-flow eplus-styles-uid-92baf8\"><p class=\" has-text-align-center has-medium-font-size eplus-wrapper eplus-styles-uid-2689a9\"><br><strong>u Dr\u017eavni prora\u010dun<\/strong><br><strong><em>Dr\u017eavni prora\u010dun: HR1210010051863000160<br>Poziv na broj: 65 7005-230-47115-8170262<\/em><\/strong><br><\/p><\/div>\n\n<div class=\"wp-block-column is-vertically-aligned-center eplus-wrapper is-layout-flow wp-block-column-is-layout-flow eplus-styles-uid-92baf8\"><p class=\" has-text-align-center has-medium-font-size eplus-wrapper eplus-styles-uid-3d0642\"><strong>Savez energeti\u010dara Hrvatske \u2013 SEH (za administrativne i organizacijske aktivnosti stru\u010dnih ispita)<\/strong><br><strong><em>IBAN: HR95 23600001101427258<br>Poziv na broj: 5-31-2014<\/em><\/strong><\/p><\/div><\/div>\n\n\n<hr class=\" wp-block-separator has-alpha-channel-opacity eplus-wrapper\"\/>\n\n\n\n<p class=\" has-medium-font-size eplus-wrapper\"><strong>Prema vrsti polaganja navodimo sljede\u0107e cijene u eurima:<\/strong><\/p>\n\n\n\n<p class=\" has-base-background-color has-background has-medium-font-size eplus-wrapper\"><strong>\u2022 PRVI STRU\u010cNI ISPIT<\/strong><br><br>&#8211;,&#8211; EUR (uplata u Dr\u017eavni prora\u010dun, ne pla\u0107a se PDV)<br>&#8211;,&#8211; EUR + PDV &#8211;.&#8211; EUR = &#8211;,&#8211; EUR \u2013 uplatiti u SEH<\/p>\n\n\n\n<p class=\" has-base-background-color has-background has-medium-font-size eplus-wrapper\"><strong>\u2022 POVREMENI STRU\u010cNI ISPIT (PERIODI\u010cNA OBNOVA ISPITA SVAKIH 5 GODINA)<\/strong><br><br>&#8211;,&#8211; EUR (uplata u Dr\u017eavni prora\u010dun, ne pla\u0107a se PDV)<br>&#8211;,&#8211; EUR + PDV &#8211;.&#8211; EUR = &#8211;,&#8211; EUR \u2013 uplatiti u SEH<\/p>\n\n\n\n<p class=\" has-base-background-color has-background has-medium-font-size eplus-wrapper\"><strong>\u2022 POPRAVAK STRU\u010cNOG ISPITA<\/strong><br><br>&#8211;,&#8211; EUR (uplata u Dr\u017eavni prora\u010dun, ne pla\u0107a se PDV)<br>&#8211;,&#8211; EUR + PDV &#8211;,&#8211; EUR = &#8211;,&#8211; EUR \u2013 uplatiti u SEH<\/p>\n\n\n\n<hr class=\" wp-block-separator has-alpha-channel-opacity eplus-wrapper\"\/>\n\n\n\n<p class=\"has-vivid-red-color has-text-color has-link-color has-medium-font-size eplus-wrapper wp-elements-17d2f0d4aa16ffd328e635fd0ceae0b6\"><strong>VA\u017dNA NAPOMENA: navedeni iznosi ispita upla\u0107uju se tek nakon primljenog pismenog poziva na ispit<\/strong> !!!<\/p>\n\n\n\n<p class=\" has-medium-font-size eplus-wrapper\">Poziv s terminom odre\u0111enog ispita zajedno s uputom \u0161alje se svakom kandidatu posebno.<\/p>\n","protected":false},"excerpt":{"rendered":"<p>Iznos za polaganje stru\u010dnog ispita upla\u0107uje se u 2 dijela: u Dr\u017eavni prora\u010dunDr\u017eavni prora\u010dun: HR1210010051863000160Poziv na broj: 65 7005-230-47115-8170262 Savez energeti\u010dara Hrvatske \u2013 SEH (za administrativne i organizacijske aktivnosti stru\u010dnih ispita)IBAN: HR95 23600001101427258Poziv na broj: 5-31-2014 Prema vrsti polaganja navodimo sljede\u0107e cijene u eurima: \u2022 PRVI STRU\u010cNI ISPIT &#8211;,&#8211; EUR (uplata u Dr\u017eavni prora\u010dun, ne &#8230; <a title=\"Uplate za polaganje stru\u010dnih ispita\" class=\"read-more\" href=\"https:\/\/energeticar.hr\/index.php\/cjenik-strucnih-ispita\/\" aria-label=\"More on Uplate za polaganje stru\u010dnih ispita\">Vi\u0161e o tome<\/a><\/p>\n","protected":false},"author":1,"featured_media":0,"parent":0,"menu_order":0,"comment_status":"closed","ping_status":"closed","template":"","meta":{"editor_plus_copied_stylings":"{}","footnotes":""},"class_list":["post-57","page","type-page","status-publish"],"yoast_head":"<!-- This site is optimized with the Yoast SEO plugin v26.8 - https:\/\/yoast.com\/product\/yoast-seo-wordpress\/ -->\n<title>Uplate za polaganje stru\u010dnih ispita - Savez energeti\u010dara Slavonije i Baranje<\/title>\n<meta name=\"description\" content=\"Iznos za polaganje stru\u010dnog ispita upla\u0107uje se u 2 dijela: u Dr\u017eavni prora\u010dunDr\u017eavni prora\u010dun: HR1210010051863000160Poziv na broj: 65\" \/>\n<meta name=\"robots\" content=\"index, follow, max-snippet:-1, max-image-preview:large, max-video-preview:-1\" \/>\n<link rel=\"canonical\" href=\"https:\/\/energeticar.hr\/index.php\/cjenik-strucnih-ispita\/\" \/>\n<meta property=\"og:locale\" content=\"en_US\" \/>\n<meta property=\"og:type\" content=\"article\" \/>\n<meta property=\"og:title\" content=\"Uplate za polaganje stru\u010dnih ispita - Savez energeti\u010dara Slavonije i Baranje\" \/>\n<meta property=\"og:description\" content=\"Iznos za polaganje stru\u010dnog ispita upla\u0107uje se u 2 dijela: u Dr\u017eavni prora\u010dunDr\u017eavni prora\u010dun: HR1210010051863000160Poziv na broj: 65\" \/>\n<meta property=\"og:url\" content=\"https:\/\/energeticar.hr\/index.php\/cjenik-strucnih-ispita\/\" \/>\n<meta property=\"og:site_name\" content=\"Savez energeti\u010dara Slavonije i Baranje\" \/>\n<meta property=\"article:modified_time\" content=\"2024-09-06T16:32:18+00:00\" \/>\n<meta name=\"twitter:card\" content=\"summary_large_image\" \/>\n<meta name=\"twitter:label1\" content=\"Est. reading time\" \/>\n\t<meta name=\"twitter:data1\" content=\"1 minute\" \/>\n<script type=\"application\/ld+json\" class=\"yoast-schema-graph\">{\"@context\":\"https:\/\/schema.org\",\"@graph\":[{\"@type\":\"WebPage\",\"@id\":\"https:\/\/energeticar.hr\/index.php\/cjenik-strucnih-ispita\/\",\"url\":\"https:\/\/energeticar.hr\/index.php\/cjenik-strucnih-ispita\/\",\"name\":\"Uplate za polaganje stru\u010dnih ispita - Savez energeti\u010dara Slavonije i Baranje\",\"isPartOf\":{\"@id\":\"https:\/\/energeticar.hr\/#website\"},\"datePublished\":\"2024-02-14T17:18:28+00:00\",\"dateModified\":\"2024-09-06T16:32:18+00:00\",\"description\":\"Iznos za polaganje stru\u010dnog ispita upla\u0107uje se u 2 dijela: u Dr\u017eavni prora\u010dunDr\u017eavni prora\u010dun: HR1210010051863000160Poziv na broj: 65\",\"breadcrumb\":{\"@id\":\"https:\/\/energeticar.hr\/index.php\/cjenik-strucnih-ispita\/#breadcrumb\"},\"inLanguage\":\"en-US\",\"potentialAction\":[{\"@type\":\"ReadAction\",\"target\":[\"https:\/\/energeticar.hr\/index.php\/cjenik-strucnih-ispita\/\"]}]},{\"@type\":\"BreadcrumbList\",\"@id\":\"https:\/\/energeticar.hr\/index.php\/cjenik-strucnih-ispita\/#breadcrumb\",\"itemListElement\":[{\"@type\":\"ListItem\",\"position\":1,\"name\":\"Home\",\"item\":\"https:\/\/energeticar.hr\/\"},{\"@type\":\"ListItem\",\"position\":2,\"name\":\"Uplate za polaganje stru\u010dnih ispita\"}]},{\"@type\":\"WebSite\",\"@id\":\"https:\/\/energeticar.hr\/#website\",\"url\":\"https:\/\/energeticar.hr\/\",\"name\":\"Savez energeti\u010dara Slavonije i Baranje\",\"description\":\"SESIB\",\"publisher\":{\"@id\":\"https:\/\/energeticar.hr\/#organization\"},\"potentialAction\":[{\"@type\":\"SearchAction\",\"target\":{\"@type\":\"EntryPoint\",\"urlTemplate\":\"https:\/\/energeticar.hr\/?s={search_term_string}\"},\"query-input\":{\"@type\":\"PropertyValueSpecification\",\"valueRequired\":true,\"valueName\":\"search_term_string\"}}],\"inLanguage\":\"en-US\"},{\"@type\":\"Organization\",\"@id\":\"https:\/\/energeticar.hr\/#organization\",\"name\":\"Savez energeti\u010dara Slavonije i Baranje\",\"url\":\"https:\/\/energeticar.hr\/\",\"logo\":{\"@type\":\"ImageObject\",\"inLanguage\":\"en-US\",\"@id\":\"https:\/\/energeticar.hr\/#\/schema\/logo\/image\/\",\"url\":\"https:\/\/energeticar.hr\/wp-content\/uploads\/2024\/02\/SESiB-logo-SMALL-1.png\",\"contentUrl\":\"https:\/\/energeticar.hr\/wp-content\/uploads\/2024\/02\/SESiB-logo-SMALL-1.png\",\"width\":110,\"height\":101,\"caption\":\"Savez energeti\u010dara Slavonije i Baranje\"},\"image\":{\"@id\":\"https:\/\/energeticar.hr\/#\/schema\/logo\/image\/\"}}]}<\/script>\n<!-- \/ Yoast SEO plugin. -->","yoast_head_json":{"title":"Uplate za polaganje stru\u010dnih ispita - Savez energeti\u010dara Slavonije i Baranje","description":"Iznos za polaganje stru\u010dnog ispita upla\u0107uje se u 2 dijela: u Dr\u017eavni prora\u010dunDr\u017eavni prora\u010dun: HR1210010051863000160Poziv na broj: 65","robots":{"index":"index","follow":"follow","max-snippet":"max-snippet:-1","max-image-preview":"max-image-preview:large","max-video-preview":"max-video-preview:-1"},"canonical":"https:\/\/energeticar.hr\/index.php\/cjenik-strucnih-ispita\/","og_locale":"en_US","og_type":"article","og_title":"Uplate za polaganje stru\u010dnih ispita - Savez energeti\u010dara Slavonije i Baranje","og_description":"Iznos za polaganje stru\u010dnog ispita upla\u0107uje se u 2 dijela: u Dr\u017eavni prora\u010dunDr\u017eavni prora\u010dun: HR1210010051863000160Poziv na broj: 65","og_url":"https:\/\/energeticar.hr\/index.php\/cjenik-strucnih-ispita\/","og_site_name":"Savez energeti\u010dara Slavonije i Baranje","article_modified_time":"2024-09-06T16:32:18+00:00","twitter_card":"summary_large_image","twitter_misc":{"Est. reading time":"1 minute"},"schema":{"@context":"https:\/\/schema.org","@graph":[{"@type":"WebPage","@id":"https:\/\/energeticar.hr\/index.php\/cjenik-strucnih-ispita\/","url":"https:\/\/energeticar.hr\/index.php\/cjenik-strucnih-ispita\/","name":"Uplate za polaganje stru\u010dnih ispita - Savez energeti\u010dara Slavonije i Baranje","isPartOf":{"@id":"https:\/\/energeticar.hr\/#website"},"datePublished":"2024-02-14T17:18:28+00:00","dateModified":"2024-09-06T16:32:18+00:00","description":"Iznos za polaganje stru\u010dnog ispita upla\u0107uje se u 2 dijela: u Dr\u017eavni prora\u010dunDr\u017eavni prora\u010dun: HR1210010051863000160Poziv na broj: 65","breadcrumb":{"@id":"https:\/\/energeticar.hr\/index.php\/cjenik-strucnih-ispita\/#breadcrumb"},"inLanguage":"en-US","potentialAction":[{"@type":"ReadAction","target":["https:\/\/energeticar.hr\/index.php\/cjenik-strucnih-ispita\/"]}]},{"@type":"BreadcrumbList","@id":"https:\/\/energeticar.hr\/index.php\/cjenik-strucnih-ispita\/#breadcrumb","itemListElement":[{"@type":"ListItem","position":1,"name":"Home","item":"https:\/\/energeticar.hr\/"},{"@type":"ListItem","position":2,"name":"Uplate za polaganje stru\u010dnih ispita"}]},{"@type":"WebSite","@id":"https:\/\/energeticar.hr\/#website","url":"https:\/\/energeticar.hr\/","name":"Savez energeti\u010dara Slavonije i Baranje","description":"SESIB","publisher":{"@id":"https:\/\/energeticar.hr\/#organization"},"potentialAction":[{"@type":"SearchAction","target":{"@type":"EntryPoint","urlTemplate":"https:\/\/energeticar.hr\/?s={search_term_string}"},"query-input":{"@type":"PropertyValueSpecification","valueRequired":true,"valueName":"search_term_string"}}],"inLanguage":"en-US"},{"@type":"Organization","@id":"https:\/\/energeticar.hr\/#organization","name":"Savez energeti\u010dara Slavonije i Baranje","url":"https:\/\/energeticar.hr\/","logo":{"@type":"ImageObject","inLanguage":"en-US","@id":"https:\/\/energeticar.hr\/#\/schema\/logo\/image\/","url":"https:\/\/energeticar.hr\/wp-content\/uploads\/2024\/02\/SESiB-logo-SMALL-1.png","contentUrl":"https:\/\/energeticar.hr\/wp-content\/uploads\/2024\/02\/SESiB-logo-SMALL-1.png","width":110,"height":101,"caption":"Savez energeti\u010dara Slavonije i Baranje"},"image":{"@id":"https:\/\/energeticar.hr\/#\/schema\/logo\/image\/"}}]}},"_links":{"self":[{"href":"https:\/\/energeticar.hr\/index.php\/wp-json\/wp\/v2\/pages\/57","targetHints":{"allow":["GET"]}}],"collection":[{"href":"https:\/\/energeticar.hr\/index.php\/wp-json\/wp\/v2\/pages"}],"about":[{"href":"https:\/\/energeticar.hr\/index.php\/wp-json\/wp\/v2\/types\/page"}],"author":[{"embeddable":true,"href":"https:\/\/energeticar.hr\/index.php\/wp-json\/wp\/v2\/users\/1"}],"replies":[{"embeddable":true,"href":"https:\/\/energeticar.hr\/index.php\/wp-json\/wp\/v2\/comments?post=57"}],"version-history":[{"count":16,"href":"https:\/\/energeticar.hr\/index.php\/wp-json\/wp\/v2\/pages\/57\/revisions"}],"predecessor-version":[{"id":3735,"href":"https:\/\/energeticar.hr\/index.php\/wp-json\/wp\/v2\/pages\/57\/revisions\/3735"}],"wp:attachment":[{"href":"https:\/\/energeticar.hr\/index.php\/wp-json\/wp\/v2\/media?parent=57"}],"curies":[{"name":"wp","href":"https:\/\/api.w.org\/{rel}","templated":true}]}}