{"id":55,"date":"2024-02-14T17:17:42","date_gmt":"2024-02-14T17:17:42","guid":{"rendered":"http:\/\/energeticar.free.nf\/?page_id=55"},"modified":"2026-03-06T20:51:04","modified_gmt":"2026-03-06T20:51:04","slug":"prijavnice","status":"publish","type":"page","link":"https:\/\/energeticar.hr\/index.php\/prijavnice\/","title":{"rendered":"Prijavnice"},"content":{"rendered":"\n<h2 class=\" wp-block-heading has-base-background-color has-background eplus-wrapper\"><strong>1. Prijavnica za Pripremne te\u010dajeve<\/strong><\/h2>\n\n\n<p class=\" has-base-background-color has-background has-medium-font-size eplus-wrapper eplus-styles-uid-8138bb\"><strong>Preuzmi prijavnicu za Pripremne te\u010dajeve, ispuni je, isprintaj, potpi\u0161i i ovjeri te skeniraj i po\u0161alji na:<\/strong><\/p>\n\n<div class=\"wp-block-columns is-not-stacked-on-mobile has-base-background-color has-background eplus-wrapper is-layout-flex wp-container-core-columns-is-layout-9d6595d7 wp-block-columns-is-layout-flex eplus-styles-uid-7296f5\">\n<div class=\"wp-block-column eplus-wrapper is-layout-flow wp-block-column-is-layout-flow\" style=\"flex-basis:25%\">\n<p class=\"has-text-align-right has-accent-color has-text-color has-link-color has-medium-font-size eplus-wrapper wp-elements-9be00df59b943e319a118e96aa42dd92\"><strong>e-mail:<br>fax:<br>po\u0161tom na adresu udruge:<\/strong><\/p>\n<\/div>\n\n\n\n<div class=\"wp-block-column eplus-wrapper is-layout-flow wp-block-column-is-layout-flow\">\n<p class=\"has-accent-color has-text-color has-link-color has-medium-font-size eplus-wrapper wp-elements-2f39cc307ca812d8a5672d4f3a9851ad\"><strong><a href=\"mailto:marijan.periskic@energeticar.hr\">marijan.periskic@energeticar.hr<\/a><br>031\/ 251 005<br>Savez energeti\u010dara Slavonije i Baranje<br>31 000 Osijek, Trg Ljudevita Gaja 6, PP 83<\/strong><\/p>\n<\/div>\n<\/div>\n\n<div class=\"wp-block-buttons eplus-wrapper is-content-justification-right is-layout-flex wp-container-core-buttons-is-layout-765c4724 wp-block-buttons-is-layout-flex eplus-styles-uid-3ab1da\"><div class=\" is-style-fill wp-block-button eplus-wrapper eplus-styles-uid-e9b7ca\"><a class=\"wp-block-button__link has-accent-background-color has-background wp-element-button\" href=\"https:\/\/energeticar.hr\/wp-content\/uploads\/2025\/12\/Prijavnica-za-pripremne-tecajeve.docx\" target=\"_blank\" rel=\"noreferrer noopener\"><strong>Preuzmi prijavnicu<\/strong><\/a><\/div><\/div>\n\n<h2 class=\" wp-block-heading has-base-background-color has-background eplus-wrapper eplus-styles-uid-4721e6\"><strong>2. Prijave za prvi ispit<\/strong><\/h2>\n\n\n<p class=\" has-base-background-color has-background has-medium-font-size eplus-wrapper\"><strong>Potrebna dokumentacija:<\/strong><br><br><a href=\"https:\/\/energeticar.hr\/wp-content\/uploads\/2026\/01\/UPUTE-ZA-PRIJAVU-NA-ISPIT.pdf\" target=\"_blank\" rel=\"noreferrer noopener\">&#8211; Upute za prijavu na ispite<\/a><br><br>&#8211; Prijava za polaganje prvog stru\u010dnog ispita <strong><a href=\"https:\/\/energeticar.hr\/wp-content\/uploads\/2024\/10\/Prijava_P_1_V2024_V2.docx\">Pri<\/a><a href=\"https:\/\/energeticar.hr\/wp-content\/uploads\/2024\/10\/Prijava_P_1_V2024_V2.docx\" target=\"_blank\" rel=\"noreferrer noopener\">java P-1<\/a><\/strong><br><br>&#8211; Potvrda o radnom iskustvu <strong><a href=\"https:\/\/energeticar.hr\/wp-content\/uploads\/2024\/10\/Prilog_P_6_V2024_V2.docx\">Prilog <\/a><a href=\"https:\/\/energeticar.hr\/wp-content\/uploads\/2024\/10\/Prilog_P_6_V2024_V2.docx\" target=\"_blank\" rel=\"noreferrer noopener\">6<\/a><\/strong><br><br>&#8211; Izvje\u0161\u0107e mentora <strong><a href=\"https:\/\/energeticar.hr\/wp-content\/uploads\/2024\/10\/Prilog_4_V2024_V2.docx\">Prilog <\/a><a href=\"https:\/\/energeticar.hr\/wp-content\/uploads\/2024\/10\/Prilog_4_V2024_V2.docx\" target=\"_blank\" rel=\"noreferrer noopener\">4<\/a><\/strong><br><br>&#8211; Prijava za polaganje popravka prvog stru\u010dnog ispita <strong><a href=\"https:\/\/energeticar.hr\/wp-content\/uploads\/2024\/10\/Prijava_Popr_P_2_V2024_V2.docx\">Prijava P-<\/a><a href=\"https:\/\/energeticar.hr\/wp-content\/uploads\/2024\/10\/Prijava_Popr_P_2_V2024_V2.docx\" target=\"_blank\" rel=\"noreferrer noopener\">2<\/a><\/strong><\/p>\n\n\n<p class=\" has-base-background-color has-background has-medium-font-size eplus-wrapper eplus-styles-uid-4721e6\"><strong>Dokumentaciju za prijavu ispita potrebno je poslati po\u0161tom na adresu:<\/strong><\/p>\n\n\n<p class=\"has-text-align-left has-accent-color has-base-background-color has-text-color has-background has-link-color has-medium-font-size eplus-wrapper wp-elements-9b2ad755ef85f22c5a4d95a06e65f24b\"><strong>Savez energeti\u010dara Slavonije i Baranje<\/strong><br><strong>Trg Ljudevita Gaja 6<\/strong><br><strong>PP 83<\/strong><br><strong><strong>31 000 Osijek<\/strong><\/strong><br><strong>(za ispitnu komisiju)<\/strong><br><strong><br>ili<\/strong><br><br><strong>osobno prema dogovoru s tajnicom Ispitne komisije: g\u0111a Anita Higi (mob: 099 61 36 198, e-mail: <a href=\"mailto:anita.higi@seh.hr\">anita.higi@seh.hr<\/a>)<\/strong><\/p>\n\n\n\n<h2 class=\" wp-block-heading has-base-background-color has-background eplus-wrapper\"><strong>3. Prijave za povremeni ispit<\/strong><\/h2>\n\n\n<p class=\" has-base-background-color has-background has-medium-font-size eplus-wrapper eplus-styles-uid-9a102f\"><strong>Potrebna dokumentacija<\/strong>:<br><strong><br><\/strong><a href=\"https:\/\/energeticar.hr\/wp-content\/uploads\/2026\/01\/UPUTE-ZA-PRIJAVU-NA-ISPIT.pdf\" target=\"_blank\" rel=\"noreferrer noopener\">&#8211; Upute za prijavu na ispite<\/a><br><br>&#8211; Prijava za polaganje povremenog stru\u010dnog ispita <strong><a href=\"https:\/\/energeticar.hr\/wp-content\/uploads\/2024\/10\/Prijava_P_3_V2024_V2.docx\">Prijava <\/a><a href=\"https:\/\/energeticar.hr\/wp-content\/uploads\/2024\/10\/Prijava_P_3_V2024_V2.docx\" target=\"_blank\" rel=\"noreferrer noopener\">P-3<\/a><\/strong><br><br>&#8211; Prijava za polaganje popravka povremenog stru\u010dnog ispit <strong><a href=\"https:\/\/energeticar.hr\/wp-content\/uploads\/2024\/10\/Prijava_Popr_P_4_V2024_V2.docx\">Prijava P-<\/a><a href=\"https:\/\/energeticar.hr\/wp-content\/uploads\/2024\/10\/Prijava_Popr_P_4_V2024_V2.docx\" target=\"_blank\" rel=\"noreferrer noopener\">4<\/a><\/strong><\/p>\n\n<p class=\" has-medium-font-size eplus-wrapper eplus-styles-uid-2689a9\"><strong><em>NAPOMENA: Svi obrasci koji se popunjavaju (Prijave P-1, P-2, P-3, P-4, Potvrda o radnom iskustvu Prilog 6 i Izvje\u0161\u0107e mentora Prilog 4 ) dostupne su na stranicama udruge.<\/em><\/strong><\/p>\n\n\n<p class=\" has-medium-font-size eplus-wrapper\">Dokumentaciju za prijavu ispita potrebno je dostaviti na vrijeme (30 dana prije odr\u017eavanja ispita) radi kompletiranja, pregleda, ovjere i slanja na proceduru urud\u017ebiranja u nadle\u017eno ministarstvo.<\/p>\n\n\n<p class=\" has-medium-font-size eplus-wrapper eplus-styles-uid-2689a9\"><strong><em>Kandidatima koji su poslali prijavu za Pripremni te\u010daj javit \u0107e se tajnica podru\u010dne Ispitne komisije Osijek radi dogovora, poja\u0161njenja i uputa o pravovremenoj dostavi dokumentacije za prijavu ispita.<\/em><\/strong><br><br><strong>Tajnica podru\u010dne Ispitne komisije MINGO Osijek<\/strong>:<strong><br>Anita Higi<br>mob: 099 61 36 198<br>e-mail: <a href=\"mailto:anita.higi@seh.hr\">anita.higi@seh.hr<\/a><\/strong><br><\/p>\n\n<p class=\" has-medium-font-size eplus-wrapper eplus-styles-uid-ed0b45\">Stru\u010dni ispiti (provjere znanja) pred podru\u010dnom Ispitnom komisijom Ministarstva gospodarstva u pravilu odr\u017eavaju se neposredno nakon zavr\u0161etka pripremnih te\u010dajeva, u prostorijama udruge u Osijeku, Trg Ljudevita Gaja 6.<\/p>","protected":false},"excerpt":{"rendered":"<p>1. Prijavnica za Pripremne te\u010dajeve Preuzmi prijavnicu za Pripremne te\u010dajeve, ispuni je, isprintaj, potpi\u0161i i ovjeri te skeniraj i po\u0161alji na: e-mail:fax:po\u0161tom na adresu udruge: marijan.periskic@energeticar.hr031\/ 251 005Savez energeti\u010dara Slavonije i Baranje31 000 Osijek, Trg Ljudevita Gaja 6, PP 83 2. Prijave za prvi ispit Potrebna dokumentacija: &#8211; Upute za prijavu na ispite &#8211; Prijava &#8230; <a title=\"Prijavnice\" class=\"read-more\" href=\"https:\/\/energeticar.hr\/index.php\/prijavnice\/\" aria-label=\"More on Prijavnice\">Vi\u0161e o tome<\/a><\/p>\n","protected":false},"author":1,"featured_media":0,"parent":0,"menu_order":0,"comment_status":"closed","ping_status":"closed","template":"","meta":{"editor_plus_copied_stylings":"{}","footnotes":""},"class_list":["post-55","page","type-page","status-publish"],"yoast_head":"<!-- This site is optimized with the Yoast SEO plugin v26.8 - https:\/\/yoast.com\/product\/yoast-seo-wordpress\/ -->\n<title>Prijavnice - Savez energeti\u010dara Slavonije i Baranje<\/title>\n<meta name=\"description\" content=\"1. Prijavnica za Pripremne te\u010dajeve Preuzmi prijavnicu za Pripremne te\u010dajeve, ispuni je, isprintaj, potpi\u0161i i ovjeri te skeniraj i po\u0161alji na:\" \/>\n<meta name=\"robots\" content=\"index, follow, max-snippet:-1, max-image-preview:large, max-video-preview:-1\" \/>\n<link rel=\"canonical\" href=\"https:\/\/energeticar.hr\/index.php\/prijavnice\/\" \/>\n<meta property=\"og:locale\" content=\"en_US\" \/>\n<meta property=\"og:type\" content=\"article\" \/>\n<meta property=\"og:title\" content=\"Prijavnice - Savez energeti\u010dara Slavonije i Baranje\" \/>\n<meta property=\"og:description\" content=\"1. Prijavnica za Pripremne te\u010dajeve Preuzmi prijavnicu za Pripremne te\u010dajeve, ispuni je, isprintaj, potpi\u0161i i ovjeri te skeniraj i po\u0161alji na:\" \/>\n<meta property=\"og:url\" content=\"https:\/\/energeticar.hr\/index.php\/prijavnice\/\" \/>\n<meta property=\"og:site_name\" content=\"Savez energeti\u010dara Slavonije i Baranje\" \/>\n<meta property=\"article:modified_time\" content=\"2026-03-06T20:51:04+00:00\" \/>\n<meta name=\"twitter:card\" content=\"summary_large_image\" \/>\n<meta name=\"twitter:label1\" content=\"Est. reading time\" \/>\n\t<meta name=\"twitter:data1\" content=\"2 minutes\" \/>\n<script type=\"application\/ld+json\" class=\"yoast-schema-graph\">{\"@context\":\"https:\/\/schema.org\",\"@graph\":[{\"@type\":\"WebPage\",\"@id\":\"https:\/\/energeticar.hr\/index.php\/prijavnice\/\",\"url\":\"https:\/\/energeticar.hr\/index.php\/prijavnice\/\",\"name\":\"Prijavnice - Savez energeti\u010dara Slavonije i Baranje\",\"isPartOf\":{\"@id\":\"https:\/\/energeticar.hr\/#website\"},\"datePublished\":\"2024-02-14T17:17:42+00:00\",\"dateModified\":\"2026-03-06T20:51:04+00:00\",\"description\":\"1. Prijavnica za Pripremne te\u010dajeve Preuzmi prijavnicu za Pripremne te\u010dajeve, ispuni je, isprintaj, potpi\u0161i i ovjeri te skeniraj i po\u0161alji na:\",\"breadcrumb\":{\"@id\":\"https:\/\/energeticar.hr\/index.php\/prijavnice\/#breadcrumb\"},\"inLanguage\":\"en-US\",\"potentialAction\":[{\"@type\":\"ReadAction\",\"target\":[\"https:\/\/energeticar.hr\/index.php\/prijavnice\/\"]}]},{\"@type\":\"BreadcrumbList\",\"@id\":\"https:\/\/energeticar.hr\/index.php\/prijavnice\/#breadcrumb\",\"itemListElement\":[{\"@type\":\"ListItem\",\"position\":1,\"name\":\"Home\",\"item\":\"https:\/\/energeticar.hr\/\"},{\"@type\":\"ListItem\",\"position\":2,\"name\":\"Prijavnice\"}]},{\"@type\":\"WebSite\",\"@id\":\"https:\/\/energeticar.hr\/#website\",\"url\":\"https:\/\/energeticar.hr\/\",\"name\":\"Savez energeti\u010dara Slavonije i Baranje\",\"description\":\"SESIB\",\"publisher\":{\"@id\":\"https:\/\/energeticar.hr\/#organization\"},\"potentialAction\":[{\"@type\":\"SearchAction\",\"target\":{\"@type\":\"EntryPoint\",\"urlTemplate\":\"https:\/\/energeticar.hr\/?s={search_term_string}\"},\"query-input\":{\"@type\":\"PropertyValueSpecification\",\"valueRequired\":true,\"valueName\":\"search_term_string\"}}],\"inLanguage\":\"en-US\"},{\"@type\":\"Organization\",\"@id\":\"https:\/\/energeticar.hr\/#organization\",\"name\":\"Savez energeti\u010dara Slavonije i Baranje\",\"url\":\"https:\/\/energeticar.hr\/\",\"logo\":{\"@type\":\"ImageObject\",\"inLanguage\":\"en-US\",\"@id\":\"https:\/\/energeticar.hr\/#\/schema\/logo\/image\/\",\"url\":\"https:\/\/energeticar.hr\/wp-content\/uploads\/2024\/02\/SESiB-logo-SMALL-1.png\",\"contentUrl\":\"https:\/\/energeticar.hr\/wp-content\/uploads\/2024\/02\/SESiB-logo-SMALL-1.png\",\"width\":110,\"height\":101,\"caption\":\"Savez energeti\u010dara Slavonije i Baranje\"},\"image\":{\"@id\":\"https:\/\/energeticar.hr\/#\/schema\/logo\/image\/\"}}]}<\/script>\n<!-- \/ Yoast SEO plugin. -->","yoast_head_json":{"title":"Prijavnice - Savez energeti\u010dara Slavonije i Baranje","description":"1. Prijavnica za Pripremne te\u010dajeve Preuzmi prijavnicu za Pripremne te\u010dajeve, ispuni je, isprintaj, potpi\u0161i i ovjeri te skeniraj i po\u0161alji na:","robots":{"index":"index","follow":"follow","max-snippet":"max-snippet:-1","max-image-preview":"max-image-preview:large","max-video-preview":"max-video-preview:-1"},"canonical":"https:\/\/energeticar.hr\/index.php\/prijavnice\/","og_locale":"en_US","og_type":"article","og_title":"Prijavnice - Savez energeti\u010dara Slavonije i Baranje","og_description":"1. Prijavnica za Pripremne te\u010dajeve Preuzmi prijavnicu za Pripremne te\u010dajeve, ispuni je, isprintaj, potpi\u0161i i ovjeri te skeniraj i po\u0161alji na:","og_url":"https:\/\/energeticar.hr\/index.php\/prijavnice\/","og_site_name":"Savez energeti\u010dara Slavonije i Baranje","article_modified_time":"2026-03-06T20:51:04+00:00","twitter_card":"summary_large_image","twitter_misc":{"Est. reading time":"2 minutes"},"schema":{"@context":"https:\/\/schema.org","@graph":[{"@type":"WebPage","@id":"https:\/\/energeticar.hr\/index.php\/prijavnice\/","url":"https:\/\/energeticar.hr\/index.php\/prijavnice\/","name":"Prijavnice - Savez energeti\u010dara Slavonije i Baranje","isPartOf":{"@id":"https:\/\/energeticar.hr\/#website"},"datePublished":"2024-02-14T17:17:42+00:00","dateModified":"2026-03-06T20:51:04+00:00","description":"1. Prijavnica za Pripremne te\u010dajeve Preuzmi prijavnicu za Pripremne te\u010dajeve, ispuni je, isprintaj, potpi\u0161i i ovjeri te skeniraj i po\u0161alji na:","breadcrumb":{"@id":"https:\/\/energeticar.hr\/index.php\/prijavnice\/#breadcrumb"},"inLanguage":"en-US","potentialAction":[{"@type":"ReadAction","target":["https:\/\/energeticar.hr\/index.php\/prijavnice\/"]}]},{"@type":"BreadcrumbList","@id":"https:\/\/energeticar.hr\/index.php\/prijavnice\/#breadcrumb","itemListElement":[{"@type":"ListItem","position":1,"name":"Home","item":"https:\/\/energeticar.hr\/"},{"@type":"ListItem","position":2,"name":"Prijavnice"}]},{"@type":"WebSite","@id":"https:\/\/energeticar.hr\/#website","url":"https:\/\/energeticar.hr\/","name":"Savez energeti\u010dara Slavonije i Baranje","description":"SESIB","publisher":{"@id":"https:\/\/energeticar.hr\/#organization"},"potentialAction":[{"@type":"SearchAction","target":{"@type":"EntryPoint","urlTemplate":"https:\/\/energeticar.hr\/?s={search_term_string}"},"query-input":{"@type":"PropertyValueSpecification","valueRequired":true,"valueName":"search_term_string"}}],"inLanguage":"en-US"},{"@type":"Organization","@id":"https:\/\/energeticar.hr\/#organization","name":"Savez energeti\u010dara Slavonije i Baranje","url":"https:\/\/energeticar.hr\/","logo":{"@type":"ImageObject","inLanguage":"en-US","@id":"https:\/\/energeticar.hr\/#\/schema\/logo\/image\/","url":"https:\/\/energeticar.hr\/wp-content\/uploads\/2024\/02\/SESiB-logo-SMALL-1.png","contentUrl":"https:\/\/energeticar.hr\/wp-content\/uploads\/2024\/02\/SESiB-logo-SMALL-1.png","width":110,"height":101,"caption":"Savez energeti\u010dara Slavonije i Baranje"},"image":{"@id":"https:\/\/energeticar.hr\/#\/schema\/logo\/image\/"}}]}},"_links":{"self":[{"href":"https:\/\/energeticar.hr\/index.php\/wp-json\/wp\/v2\/pages\/55","targetHints":{"allow":["GET"]}}],"collection":[{"href":"https:\/\/energeticar.hr\/index.php\/wp-json\/wp\/v2\/pages"}],"about":[{"href":"https:\/\/energeticar.hr\/index.php\/wp-json\/wp\/v2\/types\/page"}],"author":[{"embeddable":true,"href":"https:\/\/energeticar.hr\/index.php\/wp-json\/wp\/v2\/users\/1"}],"replies":[{"embeddable":true,"href":"https:\/\/energeticar.hr\/index.php\/wp-json\/wp\/v2\/comments?post=55"}],"version-history":[{"count":238,"href":"https:\/\/energeticar.hr\/index.php\/wp-json\/wp\/v2\/pages\/55\/revisions"}],"predecessor-version":[{"id":5108,"href":"https:\/\/energeticar.hr\/index.php\/wp-json\/wp\/v2\/pages\/55\/revisions\/5108"}],"wp:attachment":[{"href":"https:\/\/energeticar.hr\/index.php\/wp-json\/wp\/v2\/media?parent=55"}],"curies":[{"name":"wp","href":"https:\/\/api.w.org\/{rel}","templated":true}]}}