{"id":51,"date":"2024-02-14T17:16:48","date_gmt":"2024-02-14T17:16:48","guid":{"rendered":"http:\/\/energeticar.free.nf\/?page_id=51"},"modified":"2025-12-16T11:28:09","modified_gmt":"2025-12-16T11:28:09","slug":"pripremni-tecaji","status":"publish","type":"page","link":"https:\/\/energeticar.hr\/index.php\/pripremni-tecaji\/","title":{"rendered":"Pripremni te\u010dajevi"},"content":{"rendered":"<p class=\" has-text-align-left has-medium-font-size eplus-wrapper eplus-styles-uid-2689a9\"><strong>Upravljanje i rukovanje energetskim postrojenjima i ure\u0111ajima dozvoljeno je samo stru\u010dnim radnicima koji su teorijski i prakti\u010dno osposobljeni za odre\u0111eno zvanje koji imaju va\u017ee\u0107e Uvjerenje o osposobljenosti temeljem polo\u017eenog stru\u010dnog ispita pred Ispitnom komisijom Ministarstva gospodarstva Republike Hrvatske!<\/strong><\/p>\n\n\n<p class=\" has-medium-font-size eplus-wrapper\">Uvjeti za polaganje ispita za upravljanje i rukovanje energetskim postrojenjima i ure\u0111ajima regulirani su <a href=\"http:\/\/narodne-novine.nn.hr\/clanci\/sluzbeni\/2014_07_88_1781.html\" target=\"_blank\" rel=\"noreferrer noopener\">Pravilnikom o poslovima upravljanja i rukovanja energetskim postrojenjima i ure\u0111ajima (NN 88\/2014)<\/a> i <a href=\"http:\/\/narodne-novine.nn.hr\/clanci\/sluzbeni\/2015_02_20_427.html\" target=\"_blank\" rel=\"noreferrer noopener\">Pravilnikom o izmjenama i dopunama Pravilnika o poslovima upravljanja i rukovanja energetskim postrojenjima i ure\u0111ajima (NN 20\/2015)<\/a> koje je donijelo Ministarstvo gospodarstva na temelju Zakona o energiji (<a href=\"https:\/\/narodne-novine.nn.hr\/clanci\/sluzbeni\/2012_10_120_2583.html\" target=\"_blank\" rel=\"noreferrer noopener\">NN 120\/2012<\/a>, <a href=\"https:\/\/www.zakon.hr\/cms.htm?id=39167\" target=\"_blank\" rel=\"noreferrer noopener\">14\/2014<\/a>).<\/p>\n\n\n\n<p class=\" has-base-background-color has-background has-medium-font-size eplus-wrapper\">Sekcija za obrazovanje i osposobljavanje energetskih kadrova Saveza energeti\u010dara Slavonije i Baranje sukladno <a href=\"http:\/\/narodne-novine.nn.hr\/clanci\/sluzbeni\/2010_06_70_2122.html\" target=\"_blank\" rel=\"noreferrer noopener\">Pravilniku o stru\u010dnom osposobljavanju i provjeri znanja za upravljanje i rukovanje energetskim postrojenjima (NN 70\/2010)<\/a> i <a href=\"https:\/\/energeticar.hr\/index.php\/program-priprema-za-polaganje-strucnih-ispita\/\">Programu priprema za polaganje stru\u010dnog ispita radnika koji obavljaju poslove upravljanja i rukovanja energetskim postrojenjima<\/a> organizira Pripremne te\u010dajeve za polaganje stru\u010dnih ispita pred Ispitnom komisijom Ministarstva gospodarstva za sljede\u0107a energetska zvanja:<br><br>1.Strojar malog energetskog objekta<br>2.Strojar parnih turbina<br>3.Strojar plinskih turbina<br>4. Strojar hidroturbina<br>5.1 Vo\u0111a smjene termoelektrane<br>5.2 Vo\u0111a bloka termoelektrane<br>5.3 Vo\u0111a smjene hidroelektrane<br>5.4 Vode\u0107i operater i operater u komandi lanca hidroelektrana<br>6. Voditelj pogona obnovljivih izvora<br>7. Strojar energetskog objekta<br>8. Strojar kotlovskog postrojenja<br>9. Strojar kotla<br>10. Rukovatelj industrijske pe\u0107i<br>11. Rukovatelj motora s unutarnjim izgaranjem<br>12. Strojar kompresorske stanice<br>13. Strojar crpne stanice<br>14. Rukovatelj plinskim ure\u0111ajima i postrojenjima<br>15. Rukovatelj klimatizacije<br>16. Rukovatelj centralnog grijanja<br>17. Lo\u017ea\u010d centralnog grijanja<br>18. Rukovatelj pripreme vode<br>19. Lo\u017ea\u010d &#8211; rukovatelj kotlom<br>20. Rukovatelj posudama stla\u010denih plinova<br>21. Dispe\u010der u elektroenergetskom sustavu<br>22. Uklopni\u010dar u elektroenergetskom sustavu<br>23. Uklopni\u010dar elektroenergetskih postrojenja u industriji<br>24. Punitelj motornih vozila ukapljenim naftnim plinovima ili komprimiranim plinovima<br>25. Voditelj energetskog objekta<\/p>\n\n\n\n<p class=\" has-medium-font-size eplus-wrapper\">Na Pripremne te\u010dajeve za navedena zvanja o\u010dekujemo kandidate s podru\u010dja Osje\u010dko-baranjske, Vukovarsko-srijemske, Brodsko-posavske i Po\u017ee\u0161ko-slavonske \u017eupanije koji gravitiraju prema Osijeku.<\/p>\n\n\n\n<p class=\" has-medium-font-size eplus-wrapper\">Predavanja se odr\u017eavaju tijekom radnog tjedna, u popodnevnim satima, u sjedi\u0161tu udruge u Osijeku, Trg Ljudevita Gaja 6 i to u proljetnom (velja\u010da-travanj) i jesenskom (listopad-prosinac) ciklusu osposobljavanja.<\/p>\n\n\n\n<p class=\" has-medium-font-size eplus-wrapper\">Te\u010dajeve za vi\u0161e polaznika po potrebi i prema dogovoru organiziramo i izvan sjedi\u0161ta udruge, za Brodsko-posavsku i Po\u017ee\u0161ko-slavonsku \u017eupaniju u Slavonskom Brodu i Po\u017eegi, za Beli\u0161\u0107e i okolicu u Beli\u0161\u0107u. Tako\u0111er, za ve\u0107i broj polaznika, postoji mogu\u0107nost organizacije te\u010dajeva i u prostorima Naru\u010ditelja.<\/p>\n\n\n\n<p class=\" has-medium-font-size eplus-wrapper\">Stru\u010dni ispiti (provjere znanja) u pravilu se odr\u017eavaju neposredno nakon zavr\u0161etka Pripremnih te\u010dajeva. Stru\u010dne ispite provodi, na temelju Rje\u0161enja Ministarstva gospodarstva, podru\u010dna Ispitna komisija Osijek, u prostorijama udruge u Osijeku, Trg Ljudevita Gaja 6.<\/p>\n\n\n<p class=\" has-base-background-color has-background has-medium-font-size eplus-wrapper eplus-styles-uid-2689a9\">Za sve informacije o Pripremnim te\u010dajevima za polaganje stru\u010dnih ispita obratiti se na:<br>predsjednik Sekcije za obrazovanje i osposobljavanje energetskih kadrova Saveza energeti\u010dara Slavonije i Baranje:<br><br><strong><em>Marijan Peri\u0161ki\u0107, dipl. ing. stroj.<\/em><\/strong><br>Mob: 098 \/ 933 4309<br>e-mail: <a href=\"mailto:marijan.periskic@energeticar.hr\">marijan.periskic@energeticar.hr<\/a><\/p>\n\n\n<p class=\" has-medium-font-size eplus-wrapper\">Za prijavu na Pripremni te\u010daj potrebno je ispunjenu i ovjerenu pisanu prijavu dostaviti putem faxa na broj 031\/ 251 005, e-mail-om na &nbsp;<a href=\"mailto:marijan.periskic@energeticar.hr\">marijan.periskic@energeticar.hr<\/a> ili po\u0161tom na adresu udruge.<\/p>\n\n\n\n<p class=\" has-medium-font-size eplus-wrapper\">Prilikom prijave potrebno je navesti to\u010dno zvanje prema gore navedenom Pravilniku i karakteristike postrojenja na kojem je kandidat proveo prakti\u010dno osposobljavanje pod nadzorom mentora. Prijavljeni kandidati bit \u0107e na vrijeme obavije\u0161teni o datumu po\u010detka osposobljavanja.<\/p>\n\n\n\n<p class=\" has-medium-font-size eplus-wrapper\">Obratite nam se s povjerenjem.<\/p>\n","protected":false},"excerpt":{"rendered":"<p>Upravljanje i rukovanje energetskim postrojenjima i ure\u0111ajima dozvoljeno je samo stru\u010dnim radnicima koji su teorijski i prakti\u010dno osposobljeni za odre\u0111eno zvanje koji imaju va\u017ee\u0107e Uvjerenje o osposobljenosti temeljem polo\u017eenog stru\u010dnog ispita pred Ispitnom komisijom Ministarstva gospodarstva Republike Hrvatske! Uvjeti za polaganje ispita za upravljanje i rukovanje energetskim postrojenjima i ure\u0111ajima regulirani su Pravilnikom o poslovima &#8230; <a title=\"Pripremni te\u010dajevi\" class=\"read-more\" href=\"https:\/\/energeticar.hr\/index.php\/pripremni-tecaji\/\" aria-label=\"More on Pripremni te\u010dajevi\">Vi\u0161e o tome<\/a><\/p>\n","protected":false},"author":1,"featured_media":0,"parent":0,"menu_order":0,"comment_status":"closed","ping_status":"closed","template":"","meta":{"editor_plus_copied_stylings":"{}","footnotes":""},"class_list":["post-51","page","type-page","status-publish"],"yoast_head":"<!-- This site is optimized with the Yoast SEO plugin v26.8 - https:\/\/yoast.com\/product\/yoast-seo-wordpress\/ -->\n<title>Pripremni te\u010dajevi - Savez energeti\u010dara Slavonije i Baranje<\/title>\n<meta name=\"description\" content=\"Upravljanje i rukovanje energetskim postrojenjima i ure\u0111ajima dozvoljeno je samo stru\u010dnim radnicima koji su teorijski i prakti\u010dno osposobljeni za odre\u0111eno\" \/>\n<meta name=\"robots\" content=\"index, follow, max-snippet:-1, max-image-preview:large, max-video-preview:-1\" \/>\n<link rel=\"canonical\" href=\"https:\/\/energeticar.hr\/index.php\/pripremni-tecaji\/\" \/>\n<meta property=\"og:locale\" content=\"en_US\" \/>\n<meta property=\"og:type\" content=\"article\" \/>\n<meta property=\"og:title\" content=\"Pripremni te\u010dajevi - Savez energeti\u010dara Slavonije i Baranje\" \/>\n<meta property=\"og:description\" content=\"Upravljanje i rukovanje energetskim postrojenjima i ure\u0111ajima dozvoljeno je samo stru\u010dnim radnicima koji su teorijski i prakti\u010dno osposobljeni za odre\u0111eno\" \/>\n<meta property=\"og:url\" content=\"https:\/\/energeticar.hr\/index.php\/pripremni-tecaji\/\" \/>\n<meta property=\"og:site_name\" content=\"Savez energeti\u010dara Slavonije i Baranje\" \/>\n<meta property=\"article:modified_time\" content=\"2025-12-16T11:28:09+00:00\" \/>\n<meta name=\"twitter:card\" content=\"summary_large_image\" \/>\n<meta name=\"twitter:label1\" content=\"Est. reading time\" \/>\n\t<meta name=\"twitter:data1\" content=\"3 minutes\" \/>\n<script type=\"application\/ld+json\" class=\"yoast-schema-graph\">{\"@context\":\"https:\/\/schema.org\",\"@graph\":[{\"@type\":\"WebPage\",\"@id\":\"https:\/\/energeticar.hr\/index.php\/pripremni-tecaji\/\",\"url\":\"https:\/\/energeticar.hr\/index.php\/pripremni-tecaji\/\",\"name\":\"Pripremni te\u010dajevi - Savez energeti\u010dara Slavonije i Baranje\",\"isPartOf\":{\"@id\":\"https:\/\/energeticar.hr\/#website\"},\"datePublished\":\"2024-02-14T17:16:48+00:00\",\"dateModified\":\"2025-12-16T11:28:09+00:00\",\"description\":\"Upravljanje i rukovanje energetskim postrojenjima i ure\u0111ajima dozvoljeno je samo stru\u010dnim radnicima koji su teorijski i prakti\u010dno osposobljeni za odre\u0111eno\",\"breadcrumb\":{\"@id\":\"https:\/\/energeticar.hr\/index.php\/pripremni-tecaji\/#breadcrumb\"},\"inLanguage\":\"en-US\",\"potentialAction\":[{\"@type\":\"ReadAction\",\"target\":[\"https:\/\/energeticar.hr\/index.php\/pripremni-tecaji\/\"]}]},{\"@type\":\"BreadcrumbList\",\"@id\":\"https:\/\/energeticar.hr\/index.php\/pripremni-tecaji\/#breadcrumb\",\"itemListElement\":[{\"@type\":\"ListItem\",\"position\":1,\"name\":\"Home\",\"item\":\"https:\/\/energeticar.hr\/\"},{\"@type\":\"ListItem\",\"position\":2,\"name\":\"Pripremni te\u010dajevi\"}]},{\"@type\":\"WebSite\",\"@id\":\"https:\/\/energeticar.hr\/#website\",\"url\":\"https:\/\/energeticar.hr\/\",\"name\":\"Savez energeti\u010dara Slavonije i Baranje\",\"description\":\"SESIB\",\"publisher\":{\"@id\":\"https:\/\/energeticar.hr\/#organization\"},\"potentialAction\":[{\"@type\":\"SearchAction\",\"target\":{\"@type\":\"EntryPoint\",\"urlTemplate\":\"https:\/\/energeticar.hr\/?s={search_term_string}\"},\"query-input\":{\"@type\":\"PropertyValueSpecification\",\"valueRequired\":true,\"valueName\":\"search_term_string\"}}],\"inLanguage\":\"en-US\"},{\"@type\":\"Organization\",\"@id\":\"https:\/\/energeticar.hr\/#organization\",\"name\":\"Savez energeti\u010dara Slavonije i Baranje\",\"url\":\"https:\/\/energeticar.hr\/\",\"logo\":{\"@type\":\"ImageObject\",\"inLanguage\":\"en-US\",\"@id\":\"https:\/\/energeticar.hr\/#\/schema\/logo\/image\/\",\"url\":\"https:\/\/energeticar.hr\/wp-content\/uploads\/2024\/02\/SESiB-logo-SMALL-1.png\",\"contentUrl\":\"https:\/\/energeticar.hr\/wp-content\/uploads\/2024\/02\/SESiB-logo-SMALL-1.png\",\"width\":110,\"height\":101,\"caption\":\"Savez energeti\u010dara Slavonije i Baranje\"},\"image\":{\"@id\":\"https:\/\/energeticar.hr\/#\/schema\/logo\/image\/\"}}]}<\/script>\n<!-- \/ Yoast SEO plugin. -->","yoast_head_json":{"title":"Pripremni te\u010dajevi - Savez energeti\u010dara Slavonije i Baranje","description":"Upravljanje i rukovanje energetskim postrojenjima i ure\u0111ajima dozvoljeno je samo stru\u010dnim radnicima koji su teorijski i prakti\u010dno osposobljeni za odre\u0111eno","robots":{"index":"index","follow":"follow","max-snippet":"max-snippet:-1","max-image-preview":"max-image-preview:large","max-video-preview":"max-video-preview:-1"},"canonical":"https:\/\/energeticar.hr\/index.php\/pripremni-tecaji\/","og_locale":"en_US","og_type":"article","og_title":"Pripremni te\u010dajevi - Savez energeti\u010dara Slavonije i Baranje","og_description":"Upravljanje i rukovanje energetskim postrojenjima i ure\u0111ajima dozvoljeno je samo stru\u010dnim radnicima koji su teorijski i prakti\u010dno osposobljeni za odre\u0111eno","og_url":"https:\/\/energeticar.hr\/index.php\/pripremni-tecaji\/","og_site_name":"Savez energeti\u010dara Slavonije i Baranje","article_modified_time":"2025-12-16T11:28:09+00:00","twitter_card":"summary_large_image","twitter_misc":{"Est. reading time":"3 minutes"},"schema":{"@context":"https:\/\/schema.org","@graph":[{"@type":"WebPage","@id":"https:\/\/energeticar.hr\/index.php\/pripremni-tecaji\/","url":"https:\/\/energeticar.hr\/index.php\/pripremni-tecaji\/","name":"Pripremni te\u010dajevi - Savez energeti\u010dara Slavonije i Baranje","isPartOf":{"@id":"https:\/\/energeticar.hr\/#website"},"datePublished":"2024-02-14T17:16:48+00:00","dateModified":"2025-12-16T11:28:09+00:00","description":"Upravljanje i rukovanje energetskim postrojenjima i ure\u0111ajima dozvoljeno je samo stru\u010dnim radnicima koji su teorijski i prakti\u010dno osposobljeni za odre\u0111eno","breadcrumb":{"@id":"https:\/\/energeticar.hr\/index.php\/pripremni-tecaji\/#breadcrumb"},"inLanguage":"en-US","potentialAction":[{"@type":"ReadAction","target":["https:\/\/energeticar.hr\/index.php\/pripremni-tecaji\/"]}]},{"@type":"BreadcrumbList","@id":"https:\/\/energeticar.hr\/index.php\/pripremni-tecaji\/#breadcrumb","itemListElement":[{"@type":"ListItem","position":1,"name":"Home","item":"https:\/\/energeticar.hr\/"},{"@type":"ListItem","position":2,"name":"Pripremni te\u010dajevi"}]},{"@type":"WebSite","@id":"https:\/\/energeticar.hr\/#website","url":"https:\/\/energeticar.hr\/","name":"Savez energeti\u010dara Slavonije i Baranje","description":"SESIB","publisher":{"@id":"https:\/\/energeticar.hr\/#organization"},"potentialAction":[{"@type":"SearchAction","target":{"@type":"EntryPoint","urlTemplate":"https:\/\/energeticar.hr\/?s={search_term_string}"},"query-input":{"@type":"PropertyValueSpecification","valueRequired":true,"valueName":"search_term_string"}}],"inLanguage":"en-US"},{"@type":"Organization","@id":"https:\/\/energeticar.hr\/#organization","name":"Savez energeti\u010dara Slavonije i Baranje","url":"https:\/\/energeticar.hr\/","logo":{"@type":"ImageObject","inLanguage":"en-US","@id":"https:\/\/energeticar.hr\/#\/schema\/logo\/image\/","url":"https:\/\/energeticar.hr\/wp-content\/uploads\/2024\/02\/SESiB-logo-SMALL-1.png","contentUrl":"https:\/\/energeticar.hr\/wp-content\/uploads\/2024\/02\/SESiB-logo-SMALL-1.png","width":110,"height":101,"caption":"Savez energeti\u010dara Slavonije i Baranje"},"image":{"@id":"https:\/\/energeticar.hr\/#\/schema\/logo\/image\/"}}]}},"_links":{"self":[{"href":"https:\/\/energeticar.hr\/index.php\/wp-json\/wp\/v2\/pages\/51","targetHints":{"allow":["GET"]}}],"collection":[{"href":"https:\/\/energeticar.hr\/index.php\/wp-json\/wp\/v2\/pages"}],"about":[{"href":"https:\/\/energeticar.hr\/index.php\/wp-json\/wp\/v2\/types\/page"}],"author":[{"embeddable":true,"href":"https:\/\/energeticar.hr\/index.php\/wp-json\/wp\/v2\/users\/1"}],"replies":[{"embeddable":true,"href":"https:\/\/energeticar.hr\/index.php\/wp-json\/wp\/v2\/comments?post=51"}],"version-history":[{"count":51,"href":"https:\/\/energeticar.hr\/index.php\/wp-json\/wp\/v2\/pages\/51\/revisions"}],"predecessor-version":[{"id":4789,"href":"https:\/\/energeticar.hr\/index.php\/wp-json\/wp\/v2\/pages\/51\/revisions\/4789"}],"wp:attachment":[{"href":"https:\/\/energeticar.hr\/index.php\/wp-json\/wp\/v2\/media?parent=51"}],"curies":[{"name":"wp","href":"https:\/\/api.w.org\/{rel}","templated":true}]}}