{"id":2770,"date":"2024-05-18T13:30:17","date_gmt":"2024-05-18T13:30:17","guid":{"rendered":"http:\/\/energeticar.free.nf\/?page_id=2770"},"modified":"2026-01-20T17:39:12","modified_gmt":"2026-01-20T17:39:12","slug":"iz-povijesti-udruge","status":"publish","type":"page","link":"https:\/\/energeticar.hr\/index.php\/iz-povijesti-udruge\/","title":{"rendered":"Iz povijesti udruge"},"content":{"rendered":"\n<p class=\" has-medium-font-size eplus-wrapper\">Savez energeti\u010dara Slavonije i Baranje je udruga dru\u0161tava energeti\u010dara koja su registrirana i djeluju na podru\u010dju Osje\u010dko-baranjske, Vukovarsko-srijemske, Brodsko-posavske i Po\u017ee\u0161ko-slavonske \u017eupanije.<\/p>\n\n\n\n<p class=\" has-medium-font-size eplus-wrapper\">Po\u010detak djelovanja udruge, u Osijeku kao industrijskom sredi\u0161tu Slavonije i Baranje, zabilje\u017een je 1928. godine osnivanjem podru\u017enice Osijek u okviru Dru\u0161tva ispitanih strojara Zagreb.<\/p>\n\n\n\n<p class=\" has-medium-font-size eplus-wrapper\">Uklju\u010divanjem strojovo\u0111a i lo\u017ea\u010da parnih lokomotiva Dru\u0161tvo ispitanih strojara Zagreb mijenja naziv u Dru\u0161tvo strojara, strojovo\u0111a i lo\u017ea\u010da Zagreb, u okviru kojeg djeluje podru\u017enica Osijek sve do po\u010detka Drugog svjetskog rata.<\/p>\n\n\n\n<p class=\" has-medium-font-size eplus-wrapper\">Od 1946. godine, udruga djeluje kao podru\u017enica Dru\u0161tva strojara, strojovo\u0111a i lo\u017ea\u010da Hrvatske.<\/p>\n\n\n\n<p class=\" has-medium-font-size eplus-wrapper\">Godine 1954. Dru\u0161tvo strojara, strojovo\u0111a i lo\u017ea\u010da Hrvatske mijenja naziv u Savez strojara, strojovo\u0111a i lo\u017ea\u010da Hrvatske, u \u010dijem okviru udruga djeluje kao podru\u017enica.<\/p>\n\n\n\n<p class=\" has-medium-font-size eplus-wrapper\">Godine 1967. Savez strojara, strojovo\u0111a i lo\u017ea\u010da Hrvatske mijenja naziv u Savez energeti\u010dara Hrvatske. Do promjene naziva do\u0161lo je prvenstveno uslijed razvoja energetike u cijeloj zemlji i izgradnje velikih energetskih objekata, u kojima su osim strojara, strojovo\u0111a i lo\u017ea\u010da radili i radnici drugih struka (elektrotehni\u010dke, kemijske, ekonomske i dr.). Tako da od 1967. godine udruga pod nazivom Dru\u0161tvo energeti\u010dara Slavonije i Baranje djeluje kao podru\u017enica Saveza energeti\u010dara Hrvatske.<\/p>\n\n\n\n<p class=\" has-medium-font-size eplus-wrapper\">Udruga samostalno djeluje od 1988. godine kada je done\u0161ena odluka o okupljanju svih dru\u0161tava energeti\u010dara na teritoriju Zajednice op\u0107ina Osijek u jedinstvenu organizaciju pod nazivom Savez energeti\u010dara Zajednice op\u0107ina Osijek.<\/p>\n\n\n\n<p class=\" has-medium-font-size eplus-wrapper\">Savez energeti\u010dara Zajednice op\u0107ina Osijek temeljem Rje\u0161enja Republi\u010dkog sekretarijata za pravosu\u0111e i upravu upisan je 1. kolovoza 1988. godine u Registar saveza i drugih oblika udru\u017eivanja dru\u0161tvenih organizacija Socijalisti\u010dke Republike Hrvatske.<\/p>\n\n\n\n<p class=\" has-medium-font-size eplus-wrapper\">Sukladno odluci Skup\u0161tine od 26. velja\u010de 1991. godine Savez energeti\u010dara Zajednice op\u0107ina Osijek mijenja naziv u Savez energeti\u010dara Slavonije i Baranje i pod tim nazivom&nbsp; upisan je 13. o\u017eujka 1991. godine u Registar saveza i drugih oblika udru\u017eivanja dru\u0161tvenih organizacija Socijalisti\u010dke Republike Hrvatske.<\/p>\n\n\n\n<p class=\" has-medium-font-size eplus-wrapper\">Ministarstvo uprave, temeljem Zakona o udrugama iz 1997. godine donosi Rje\u0161enje kojim je Savez energeti\u010dara Slavonije i Baranje, po slu\u017ebenoj du\u017enosti, postao udruga te se ista 27. travnja 1998. godine upisuje u Registar udruga Republike Hrvatske.<\/p>\n\n\n\n<p class=\" has-medium-font-size eplus-wrapper\">Savez energeti\u010dara Slavonije i Baranje danas je jedna od \u010dlanica Saveza energeti\u010dara Hrvatske zajedno s drugim udrugama i dru\u0161tvima energeti\u010dara koja su registrirana i djeluju na podru\u010dju Republike Hrvatske.<\/p>\n\n\n\n<p class=\" has-medium-font-size eplus-wrapper\">Savez energeti\u010dara Slavonije i Baranje trenutno \u010dine sljede\u0107a dru\u0161tva energeti\u010dara:<\/p>\n\n\n<ol start=\"1\" class=\" wp-block-list eplus-wrapper eplus-styles-uid-a7c9c1\">\n<li class=\" has-medium-font-size eplus-wrapper\"><a href=\"https:\/\/energeticar.hr\/index.php\/drustvo-energeticara-belisce\/\">Dru\u0161tvo energeti\u010dara Beli\u0161\u0107e<\/a><\/li>\n\n\n\n<li class=\" has-medium-font-size eplus-wrapper\"><a href=\"https:\/\/energeticar.hr\/index.php\/drustvo-energeticara-osijek\/\">Dru\u0161tvo energeti\u010dara Osijek<\/a><\/li>\n\n\n\n<li class=\" has-medium-font-size eplus-wrapper\"><a href=\"https:\/\/energeticar.hr\/index.php\/drustvo-energeticara-pozega\/\">Dru\u0161tvo energeti\u010dara Po\u017eega<\/a><\/li>\n\n\n\n<li class=\" has-medium-font-size eplus-wrapper\"><a href=\"https:\/\/energeticar.hr\/index.php\/drustvo-energeticara-slavonski-brod\/\">Dru\u0161tvo energeti\u010dara Slavonski Brod<\/a><\/li>\n\n\n\n<li class=\" has-medium-font-size eplus-wrapper\"><a href=\"https:\/\/energeticar.hr\/index.php\/drustvo-energeticara-tvornica-secera-osijek\/\">Dru\u0161tvo energeti\u010dara Tvornica \u0161e\u0107era Osijek<\/a><\/li>\n\n\n\n<li class=\" has-medium-font-size eplus-wrapper\"><a href=\"https:\/\/energeticar.hr\/index.php\/drustvo-energeticara-vukovarsko-srijemske-zupanije\/\">Dru\u0161tvo energeti\u010dara Vukovarsko-srijemske \u017eupanije<\/a><\/li>\n<\/ol>\n\n\n<p class=\" has-medium-font-size eplus-wrapper\">Sjedi\u0161te Saveza energeti\u010dara Slavonije i Baranje je u Osijeku, Trg Ljudevita Gaja 6.<\/p>\n\n\n\n<p class=\" has-medium-font-size eplus-wrapper\">Osnovna djelatnost Saveza energeti\u010dara Slavonije i Baranje je edukacija i stru\u010dno osposobljavanje svojih \u010dlanova, te organizacija Pripremnih te\u010dajeva za polaganje stru\u010dnih ispita za radnike koji obavljaju poslove upravljanja i rukovanja energetskim postrojenjima i ure\u0111ajima.<\/p>\n\n\n\n<p class=\" has-medium-font-size eplus-wrapper\">Osim navedenih aktivnosti Savez energeti\u010dara Slavonije i Baranje sustavno organizira stru\u010dna predavanja za svoje \u010dlanove, stru\u010dne ekskurzije u sve ve\u0107e i zna\u010dajnije energetske objekte u Republici Hrvatskoj, ali i u susjednim dr\u017eavama, te omogu\u0107ava prisustvovanje raznim stru\u010dnim skupovima iz podru\u010dja energetike.<\/p>\n","protected":false},"excerpt":{"rendered":"<p>Savez energeti\u010dara Slavonije i Baranje je udruga dru\u0161tava energeti\u010dara koja su registrirana i djeluju na podru\u010dju Osje\u010dko-baranjske, Vukovarsko-srijemske, Brodsko-posavske i Po\u017ee\u0161ko-slavonske \u017eupanije. Po\u010detak djelovanja udruge, u Osijeku kao industrijskom sredi\u0161tu Slavonije i Baranje, zabilje\u017een je 1928. godine osnivanjem podru\u017enice Osijek u okviru Dru\u0161tva ispitanih strojara Zagreb. Uklju\u010divanjem strojovo\u0111a i lo\u017ea\u010da parnih lokomotiva Dru\u0161tvo ispitanih strojara &#8230; <a title=\"Iz povijesti udruge\" class=\"read-more\" href=\"https:\/\/energeticar.hr\/index.php\/iz-povijesti-udruge\/\" aria-label=\"More on Iz povijesti udruge\">Vi\u0161e o tome<\/a><\/p>\n","protected":false},"author":1,"featured_media":0,"parent":0,"menu_order":0,"comment_status":"closed","ping_status":"closed","template":"","meta":{"editor_plus_copied_stylings":"{}","footnotes":""},"class_list":["post-2770","page","type-page","status-publish"],"yoast_head":"<!-- This site is optimized with the Yoast SEO plugin v26.8 - https:\/\/yoast.com\/product\/yoast-seo-wordpress\/ -->\n<title>Iz povijesti udruge - Savez energeti\u010dara Slavonije i Baranje<\/title>\n<meta name=\"description\" content=\"Savez energeti\u010dara Slavonije i Baranje je udruga dru\u0161tava energeti\u010dara koja su registrirana i djeluju na podru\u010dju Osje\u010dko-baranjske, Vukovarsko-srijemske,\" \/>\n<meta name=\"robots\" content=\"index, follow, max-snippet:-1, max-image-preview:large, max-video-preview:-1\" \/>\n<link rel=\"canonical\" href=\"https:\/\/energeticar.hr\/index.php\/iz-povijesti-udruge\/\" \/>\n<meta property=\"og:locale\" content=\"en_US\" \/>\n<meta property=\"og:type\" content=\"article\" \/>\n<meta property=\"og:title\" content=\"Iz povijesti udruge - Savez energeti\u010dara Slavonije i Baranje\" \/>\n<meta property=\"og:description\" content=\"Savez energeti\u010dara Slavonije i Baranje je udruga dru\u0161tava energeti\u010dara koja su registrirana i djeluju na podru\u010dju Osje\u010dko-baranjske, Vukovarsko-srijemske,\" \/>\n<meta property=\"og:url\" content=\"https:\/\/energeticar.hr\/index.php\/iz-povijesti-udruge\/\" \/>\n<meta property=\"og:site_name\" content=\"Savez energeti\u010dara Slavonije i Baranje\" \/>\n<meta property=\"article:modified_time\" content=\"2026-01-20T17:39:12+00:00\" \/>\n<meta name=\"twitter:card\" content=\"summary_large_image\" \/>\n<meta name=\"twitter:label1\" content=\"Est. reading time\" \/>\n\t<meta name=\"twitter:data1\" content=\"3 minutes\" \/>\n<script type=\"application\/ld+json\" class=\"yoast-schema-graph\">{\"@context\":\"https:\/\/schema.org\",\"@graph\":[{\"@type\":\"WebPage\",\"@id\":\"https:\/\/energeticar.hr\/index.php\/iz-povijesti-udruge\/\",\"url\":\"https:\/\/energeticar.hr\/index.php\/iz-povijesti-udruge\/\",\"name\":\"Iz povijesti udruge - Savez energeti\u010dara Slavonije i Baranje\",\"isPartOf\":{\"@id\":\"https:\/\/energeticar.hr\/#website\"},\"datePublished\":\"2024-05-18T13:30:17+00:00\",\"dateModified\":\"2026-01-20T17:39:12+00:00\",\"description\":\"Savez energeti\u010dara Slavonije i Baranje je udruga dru\u0161tava energeti\u010dara koja su registrirana i djeluju na podru\u010dju Osje\u010dko-baranjske, Vukovarsko-srijemske,\",\"breadcrumb\":{\"@id\":\"https:\/\/energeticar.hr\/index.php\/iz-povijesti-udruge\/#breadcrumb\"},\"inLanguage\":\"en-US\",\"potentialAction\":[{\"@type\":\"ReadAction\",\"target\":[\"https:\/\/energeticar.hr\/index.php\/iz-povijesti-udruge\/\"]}]},{\"@type\":\"BreadcrumbList\",\"@id\":\"https:\/\/energeticar.hr\/index.php\/iz-povijesti-udruge\/#breadcrumb\",\"itemListElement\":[{\"@type\":\"ListItem\",\"position\":1,\"name\":\"Home\",\"item\":\"https:\/\/energeticar.hr\/\"},{\"@type\":\"ListItem\",\"position\":2,\"name\":\"Iz povijesti udruge\"}]},{\"@type\":\"WebSite\",\"@id\":\"https:\/\/energeticar.hr\/#website\",\"url\":\"https:\/\/energeticar.hr\/\",\"name\":\"Savez energeti\u010dara Slavonije i Baranje\",\"description\":\"SESIB\",\"publisher\":{\"@id\":\"https:\/\/energeticar.hr\/#organization\"},\"potentialAction\":[{\"@type\":\"SearchAction\",\"target\":{\"@type\":\"EntryPoint\",\"urlTemplate\":\"https:\/\/energeticar.hr\/?s={search_term_string}\"},\"query-input\":{\"@type\":\"PropertyValueSpecification\",\"valueRequired\":true,\"valueName\":\"search_term_string\"}}],\"inLanguage\":\"en-US\"},{\"@type\":\"Organization\",\"@id\":\"https:\/\/energeticar.hr\/#organization\",\"name\":\"Savez energeti\u010dara Slavonije i Baranje\",\"url\":\"https:\/\/energeticar.hr\/\",\"logo\":{\"@type\":\"ImageObject\",\"inLanguage\":\"en-US\",\"@id\":\"https:\/\/energeticar.hr\/#\/schema\/logo\/image\/\",\"url\":\"https:\/\/energeticar.hr\/wp-content\/uploads\/2024\/02\/SESiB-logo-SMALL-1.png\",\"contentUrl\":\"https:\/\/energeticar.hr\/wp-content\/uploads\/2024\/02\/SESiB-logo-SMALL-1.png\",\"width\":110,\"height\":101,\"caption\":\"Savez energeti\u010dara Slavonije i Baranje\"},\"image\":{\"@id\":\"https:\/\/energeticar.hr\/#\/schema\/logo\/image\/\"}}]}<\/script>\n<!-- \/ Yoast SEO plugin. -->","yoast_head_json":{"title":"Iz povijesti udruge - Savez energeti\u010dara Slavonije i Baranje","description":"Savez energeti\u010dara Slavonije i Baranje je udruga dru\u0161tava energeti\u010dara koja su registrirana i djeluju na podru\u010dju Osje\u010dko-baranjske, Vukovarsko-srijemske,","robots":{"index":"index","follow":"follow","max-snippet":"max-snippet:-1","max-image-preview":"max-image-preview:large","max-video-preview":"max-video-preview:-1"},"canonical":"https:\/\/energeticar.hr\/index.php\/iz-povijesti-udruge\/","og_locale":"en_US","og_type":"article","og_title":"Iz povijesti udruge - Savez energeti\u010dara Slavonije i Baranje","og_description":"Savez energeti\u010dara Slavonije i Baranje je udruga dru\u0161tava energeti\u010dara koja su registrirana i djeluju na podru\u010dju Osje\u010dko-baranjske, Vukovarsko-srijemske,","og_url":"https:\/\/energeticar.hr\/index.php\/iz-povijesti-udruge\/","og_site_name":"Savez energeti\u010dara Slavonije i Baranje","article_modified_time":"2026-01-20T17:39:12+00:00","twitter_card":"summary_large_image","twitter_misc":{"Est. reading time":"3 minutes"},"schema":{"@context":"https:\/\/schema.org","@graph":[{"@type":"WebPage","@id":"https:\/\/energeticar.hr\/index.php\/iz-povijesti-udruge\/","url":"https:\/\/energeticar.hr\/index.php\/iz-povijesti-udruge\/","name":"Iz povijesti udruge - Savez energeti\u010dara Slavonije i Baranje","isPartOf":{"@id":"https:\/\/energeticar.hr\/#website"},"datePublished":"2024-05-18T13:30:17+00:00","dateModified":"2026-01-20T17:39:12+00:00","description":"Savez energeti\u010dara Slavonije i Baranje je udruga dru\u0161tava energeti\u010dara koja su registrirana i djeluju na podru\u010dju Osje\u010dko-baranjske, Vukovarsko-srijemske,","breadcrumb":{"@id":"https:\/\/energeticar.hr\/index.php\/iz-povijesti-udruge\/#breadcrumb"},"inLanguage":"en-US","potentialAction":[{"@type":"ReadAction","target":["https:\/\/energeticar.hr\/index.php\/iz-povijesti-udruge\/"]}]},{"@type":"BreadcrumbList","@id":"https:\/\/energeticar.hr\/index.php\/iz-povijesti-udruge\/#breadcrumb","itemListElement":[{"@type":"ListItem","position":1,"name":"Home","item":"https:\/\/energeticar.hr\/"},{"@type":"ListItem","position":2,"name":"Iz povijesti udruge"}]},{"@type":"WebSite","@id":"https:\/\/energeticar.hr\/#website","url":"https:\/\/energeticar.hr\/","name":"Savez energeti\u010dara Slavonije i Baranje","description":"SESIB","publisher":{"@id":"https:\/\/energeticar.hr\/#organization"},"potentialAction":[{"@type":"SearchAction","target":{"@type":"EntryPoint","urlTemplate":"https:\/\/energeticar.hr\/?s={search_term_string}"},"query-input":{"@type":"PropertyValueSpecification","valueRequired":true,"valueName":"search_term_string"}}],"inLanguage":"en-US"},{"@type":"Organization","@id":"https:\/\/energeticar.hr\/#organization","name":"Savez energeti\u010dara Slavonije i Baranje","url":"https:\/\/energeticar.hr\/","logo":{"@type":"ImageObject","inLanguage":"en-US","@id":"https:\/\/energeticar.hr\/#\/schema\/logo\/image\/","url":"https:\/\/energeticar.hr\/wp-content\/uploads\/2024\/02\/SESiB-logo-SMALL-1.png","contentUrl":"https:\/\/energeticar.hr\/wp-content\/uploads\/2024\/02\/SESiB-logo-SMALL-1.png","width":110,"height":101,"caption":"Savez energeti\u010dara Slavonije i Baranje"},"image":{"@id":"https:\/\/energeticar.hr\/#\/schema\/logo\/image\/"}}]}},"_links":{"self":[{"href":"https:\/\/energeticar.hr\/index.php\/wp-json\/wp\/v2\/pages\/2770","targetHints":{"allow":["GET"]}}],"collection":[{"href":"https:\/\/energeticar.hr\/index.php\/wp-json\/wp\/v2\/pages"}],"about":[{"href":"https:\/\/energeticar.hr\/index.php\/wp-json\/wp\/v2\/types\/page"}],"author":[{"embeddable":true,"href":"https:\/\/energeticar.hr\/index.php\/wp-json\/wp\/v2\/users\/1"}],"replies":[{"embeddable":true,"href":"https:\/\/energeticar.hr\/index.php\/wp-json\/wp\/v2\/comments?post=2770"}],"version-history":[{"count":5,"href":"https:\/\/energeticar.hr\/index.php\/wp-json\/wp\/v2\/pages\/2770\/revisions"}],"predecessor-version":[{"id":4949,"href":"https:\/\/energeticar.hr\/index.php\/wp-json\/wp\/v2\/pages\/2770\/revisions\/4949"}],"wp:attachment":[{"href":"https:\/\/energeticar.hr\/index.php\/wp-json\/wp\/v2\/media?parent=2770"}],"curies":[{"name":"wp","href":"https:\/\/api.w.org\/{rel}","templated":true}]}}