{"id":2181,"date":"2024-03-11T19:59:22","date_gmt":"2024-03-11T19:59:22","guid":{"rendered":"http:\/\/energeticar.free.nf\/?page_id=2181"},"modified":"2024-10-10T14:22:27","modified_gmt":"2024-10-10T14:22:27","slug":"uvjerenje-o-plozenom-strucnom-ispitu","status":"publish","type":"page","link":"https:\/\/energeticar.hr\/index.php\/uvjerenje-o-plozenom-strucnom-ispitu\/","title":{"rendered":"Uvjerenje o plo\u017eenom stru\u010dnom ispitu"},"content":{"rendered":"<div class=\"wp-block-image \">\n<figure data-wp-context=\"{&quot;imageId&quot;:&quot;69df79d7b7762&quot;}\" data-wp-interactive=\"core\/image\" data-wp-key=\"69df79d7b7762\" class=\"aligncenter size-full is-resized eplus-wrapper wp-lightbox-container\"><img loading=\"lazy\" decoding=\"async\" width=\"571\" height=\"811\" data-wp-class--hide=\"state.isContentHidden\" data-wp-class--show=\"state.isContentVisible\" data-wp-init=\"callbacks.setButtonStyles\" data-wp-on--click=\"actions.showLightbox\" data-wp-on--load=\"callbacks.setButtonStyles\" data-wp-on-window--resize=\"callbacks.setButtonStyles\" src=\"http:\/\/energeticar.free.nf\/wp-content\/uploads\/2024\/03\/Uvjerenje_o_polozenom_strucnom_ispitu.jpg\" alt=\"\" class=\"wp-image-2188\" style=\"width:843px;height:auto\" srcset=\"https:\/\/energeticar.hr\/wp-content\/uploads\/2024\/03\/Uvjerenje_o_polozenom_strucnom_ispitu.jpg 571w, https:\/\/energeticar.hr\/wp-content\/uploads\/2024\/03\/Uvjerenje_o_polozenom_strucnom_ispitu-211x300.jpg 211w\" sizes=\"auto, (max-width: 571px) 100vw, 571px\" \/><button\n\t\t\tclass=\"lightbox-trigger\"\n\t\t\ttype=\"button\"\n\t\t\taria-haspopup=\"dialog\"\n\t\t\taria-label=\"Enlarge\"\n\t\t\tdata-wp-init=\"callbacks.initTriggerButton\"\n\t\t\tdata-wp-on--click=\"actions.showLightbox\"\n\t\t\tdata-wp-style--right=\"state.imageButtonRight\"\n\t\t\tdata-wp-style--top=\"state.imageButtonTop\"\n\t\t>\n\t\t\t<svg xmlns=\"http:\/\/www.w3.org\/2000\/svg\" width=\"12\" height=\"12\" fill=\"none\" viewBox=\"0 0 12 12\">\n\t\t\t\t<path fill=\"#fff\" d=\"M2 0a2 2 0 0 0-2 2v2h1.5V2a.5.5 0 0 1 .5-.5h2V0H2Zm2 10.5H2a.5.5 0 0 1-.5-.5V8H0v2a2 2 0 0 0 2 2h2v-1.5ZM8 12v-1.5h2a.5.5 0 0 0 .5-.5V8H12v2a2 2 0 0 1-2 2H8Zm2-12a2 2 0 0 1 2 2v2h-1.5V2a.5.5 0 0 0-.5-.5H8V0h2Z\" \/>\n\t\t\t<\/svg>\n\t\t<\/button><\/figure>\n<\/div>\n\n<p class=\" has-medium-font-size eplus-wrapper eplus-styles-uid-2689a9\"><strong>U slu\u010daju \u017eurnosti \u00a0mogu\u0107e je prije slu\u017ebenog izdavanja i dobivanja uvjerenja o polo\u017eenom stru\u010dnom ispitu izdati potvrdu za isto te obrazac za tu svrhu mo\u017eete preuzeti na sljede\u0107oj poveznici: <a href=\"https:\/\/energeticar.hr\/wp-content\/uploads\/2024\/10\/Prilog_P_5_V2024_V2.docx\" target=\"_blank\" rel=\"noreferrer noopener\">Prilog 5<\/a><\/strong><\/p>","protected":false},"excerpt":{"rendered":"<p>U slu\u010daju \u017eurnosti \u00a0mogu\u0107e je prije slu\u017ebenog izdavanja i dobivanja uvjerenja o polo\u017eenom stru\u010dnom ispitu izdati potvrdu za isto te obrazac za tu svrhu mo\u017eete preuzeti na sljede\u0107oj poveznici: Prilog 5<\/p>\n","protected":false},"author":1,"featured_media":0,"parent":0,"menu_order":0,"comment_status":"closed","ping_status":"closed","template":"","meta":{"editor_plus_copied_stylings":"{}","footnotes":""},"class_list":["post-2181","page","type-page","status-publish"],"yoast_head":"<!-- This site is optimized with the Yoast SEO plugin v26.8 - https:\/\/yoast.com\/product\/yoast-seo-wordpress\/ -->\n<title>Uvjerenje o plo\u017eenom stru\u010dnom ispitu - Savez energeti\u010dara Slavonije i Baranje<\/title>\n<meta name=\"description\" content=\"U slu\u010daju \u017eurnosti \u00a0mogu\u0107e je prije slu\u017ebenog izdavanja i dobivanja uvjerenja o polo\u017eenom stru\u010dnom ispitu izdati potvrdu za isto te obrazac za tu svrhu\" \/>\n<meta name=\"robots\" content=\"index, follow, max-snippet:-1, max-image-preview:large, max-video-preview:-1\" \/>\n<link rel=\"canonical\" href=\"https:\/\/energeticar.hr\/index.php\/uvjerenje-o-plozenom-strucnom-ispitu\/\" \/>\n<meta property=\"og:locale\" content=\"en_US\" \/>\n<meta property=\"og:type\" content=\"article\" \/>\n<meta property=\"og:title\" content=\"Uvjerenje o plo\u017eenom stru\u010dnom ispitu - Savez energeti\u010dara Slavonije i Baranje\" \/>\n<meta property=\"og:description\" content=\"U slu\u010daju \u017eurnosti \u00a0mogu\u0107e je prije slu\u017ebenog izdavanja i dobivanja uvjerenja o polo\u017eenom stru\u010dnom ispitu izdati potvrdu za isto te obrazac za tu svrhu\" \/>\n<meta property=\"og:url\" content=\"https:\/\/energeticar.hr\/index.php\/uvjerenje-o-plozenom-strucnom-ispitu\/\" \/>\n<meta property=\"og:site_name\" content=\"Savez energeti\u010dara Slavonije i Baranje\" \/>\n<meta property=\"article:modified_time\" content=\"2024-10-10T14:22:27+00:00\" \/>\n<meta property=\"og:image\" content=\"http:\/\/energeticar.free.nf\/wp-content\/uploads\/2024\/03\/Uvjerenje_o_polozenom_strucnom_ispitu.jpg\" \/>\n<meta name=\"twitter:card\" content=\"summary_large_image\" \/>\n<meta name=\"twitter:label1\" content=\"Est. reading time\" \/>\n\t<meta name=\"twitter:data1\" content=\"1 minute\" \/>\n<script type=\"application\/ld+json\" class=\"yoast-schema-graph\">{\"@context\":\"https:\/\/schema.org\",\"@graph\":[{\"@type\":\"WebPage\",\"@id\":\"https:\/\/energeticar.hr\/index.php\/uvjerenje-o-plozenom-strucnom-ispitu\/\",\"url\":\"https:\/\/energeticar.hr\/index.php\/uvjerenje-o-plozenom-strucnom-ispitu\/\",\"name\":\"Uvjerenje o plo\u017eenom stru\u010dnom ispitu - Savez energeti\u010dara Slavonije i Baranje\",\"isPartOf\":{\"@id\":\"https:\/\/energeticar.hr\/#website\"},\"primaryImageOfPage\":{\"@id\":\"https:\/\/energeticar.hr\/index.php\/uvjerenje-o-plozenom-strucnom-ispitu\/#primaryimage\"},\"image\":{\"@id\":\"https:\/\/energeticar.hr\/index.php\/uvjerenje-o-plozenom-strucnom-ispitu\/#primaryimage\"},\"thumbnailUrl\":\"http:\/\/energeticar.free.nf\/wp-content\/uploads\/2024\/03\/Uvjerenje_o_polozenom_strucnom_ispitu.jpg\",\"datePublished\":\"2024-03-11T19:59:22+00:00\",\"dateModified\":\"2024-10-10T14:22:27+00:00\",\"description\":\"U slu\u010daju \u017eurnosti \u00a0mogu\u0107e je prije slu\u017ebenog izdavanja i dobivanja uvjerenja o polo\u017eenom stru\u010dnom ispitu izdati potvrdu za isto te obrazac za tu svrhu\",\"breadcrumb\":{\"@id\":\"https:\/\/energeticar.hr\/index.php\/uvjerenje-o-plozenom-strucnom-ispitu\/#breadcrumb\"},\"inLanguage\":\"en-US\",\"potentialAction\":[{\"@type\":\"ReadAction\",\"target\":[\"https:\/\/energeticar.hr\/index.php\/uvjerenje-o-plozenom-strucnom-ispitu\/\"]}]},{\"@type\":\"ImageObject\",\"inLanguage\":\"en-US\",\"@id\":\"https:\/\/energeticar.hr\/index.php\/uvjerenje-o-plozenom-strucnom-ispitu\/#primaryimage\",\"url\":\"http:\/\/energeticar.free.nf\/wp-content\/uploads\/2024\/03\/Uvjerenje_o_polozenom_strucnom_ispitu.jpg\",\"contentUrl\":\"http:\/\/energeticar.free.nf\/wp-content\/uploads\/2024\/03\/Uvjerenje_o_polozenom_strucnom_ispitu.jpg\"},{\"@type\":\"BreadcrumbList\",\"@id\":\"https:\/\/energeticar.hr\/index.php\/uvjerenje-o-plozenom-strucnom-ispitu\/#breadcrumb\",\"itemListElement\":[{\"@type\":\"ListItem\",\"position\":1,\"name\":\"Home\",\"item\":\"https:\/\/energeticar.hr\/\"},{\"@type\":\"ListItem\",\"position\":2,\"name\":\"Uvjerenje o plo\u017eenom stru\u010dnom ispitu\"}]},{\"@type\":\"WebSite\",\"@id\":\"https:\/\/energeticar.hr\/#website\",\"url\":\"https:\/\/energeticar.hr\/\",\"name\":\"Savez energeti\u010dara Slavonije i Baranje\",\"description\":\"SESIB\",\"publisher\":{\"@id\":\"https:\/\/energeticar.hr\/#organization\"},\"potentialAction\":[{\"@type\":\"SearchAction\",\"target\":{\"@type\":\"EntryPoint\",\"urlTemplate\":\"https:\/\/energeticar.hr\/?s={search_term_string}\"},\"query-input\":{\"@type\":\"PropertyValueSpecification\",\"valueRequired\":true,\"valueName\":\"search_term_string\"}}],\"inLanguage\":\"en-US\"},{\"@type\":\"Organization\",\"@id\":\"https:\/\/energeticar.hr\/#organization\",\"name\":\"Savez energeti\u010dara Slavonije i Baranje\",\"url\":\"https:\/\/energeticar.hr\/\",\"logo\":{\"@type\":\"ImageObject\",\"inLanguage\":\"en-US\",\"@id\":\"https:\/\/energeticar.hr\/#\/schema\/logo\/image\/\",\"url\":\"https:\/\/energeticar.hr\/wp-content\/uploads\/2024\/02\/SESiB-logo-SMALL-1.png\",\"contentUrl\":\"https:\/\/energeticar.hr\/wp-content\/uploads\/2024\/02\/SESiB-logo-SMALL-1.png\",\"width\":110,\"height\":101,\"caption\":\"Savez energeti\u010dara Slavonije i Baranje\"},\"image\":{\"@id\":\"https:\/\/energeticar.hr\/#\/schema\/logo\/image\/\"}}]}<\/script>\n<!-- \/ Yoast SEO plugin. -->","yoast_head_json":{"title":"Uvjerenje o plo\u017eenom stru\u010dnom ispitu - Savez energeti\u010dara Slavonije i Baranje","description":"U slu\u010daju \u017eurnosti \u00a0mogu\u0107e je prije slu\u017ebenog izdavanja i dobivanja uvjerenja o polo\u017eenom stru\u010dnom ispitu izdati potvrdu za isto te obrazac za tu svrhu","robots":{"index":"index","follow":"follow","max-snippet":"max-snippet:-1","max-image-preview":"max-image-preview:large","max-video-preview":"max-video-preview:-1"},"canonical":"https:\/\/energeticar.hr\/index.php\/uvjerenje-o-plozenom-strucnom-ispitu\/","og_locale":"en_US","og_type":"article","og_title":"Uvjerenje o plo\u017eenom stru\u010dnom ispitu - Savez energeti\u010dara Slavonije i Baranje","og_description":"U slu\u010daju \u017eurnosti \u00a0mogu\u0107e je prije slu\u017ebenog izdavanja i dobivanja uvjerenja o polo\u017eenom stru\u010dnom ispitu izdati potvrdu za isto te obrazac za tu svrhu","og_url":"https:\/\/energeticar.hr\/index.php\/uvjerenje-o-plozenom-strucnom-ispitu\/","og_site_name":"Savez energeti\u010dara Slavonije i Baranje","article_modified_time":"2024-10-10T14:22:27+00:00","og_image":[{"url":"http:\/\/energeticar.free.nf\/wp-content\/uploads\/2024\/03\/Uvjerenje_o_polozenom_strucnom_ispitu.jpg","type":"","width":"","height":""}],"twitter_card":"summary_large_image","twitter_misc":{"Est. reading time":"1 minute"},"schema":{"@context":"https:\/\/schema.org","@graph":[{"@type":"WebPage","@id":"https:\/\/energeticar.hr\/index.php\/uvjerenje-o-plozenom-strucnom-ispitu\/","url":"https:\/\/energeticar.hr\/index.php\/uvjerenje-o-plozenom-strucnom-ispitu\/","name":"Uvjerenje o plo\u017eenom stru\u010dnom ispitu - Savez energeti\u010dara Slavonije i Baranje","isPartOf":{"@id":"https:\/\/energeticar.hr\/#website"},"primaryImageOfPage":{"@id":"https:\/\/energeticar.hr\/index.php\/uvjerenje-o-plozenom-strucnom-ispitu\/#primaryimage"},"image":{"@id":"https:\/\/energeticar.hr\/index.php\/uvjerenje-o-plozenom-strucnom-ispitu\/#primaryimage"},"thumbnailUrl":"http:\/\/energeticar.free.nf\/wp-content\/uploads\/2024\/03\/Uvjerenje_o_polozenom_strucnom_ispitu.jpg","datePublished":"2024-03-11T19:59:22+00:00","dateModified":"2024-10-10T14:22:27+00:00","description":"U slu\u010daju \u017eurnosti \u00a0mogu\u0107e je prije slu\u017ebenog izdavanja i dobivanja uvjerenja o polo\u017eenom stru\u010dnom ispitu izdati potvrdu za isto te obrazac za tu svrhu","breadcrumb":{"@id":"https:\/\/energeticar.hr\/index.php\/uvjerenje-o-plozenom-strucnom-ispitu\/#breadcrumb"},"inLanguage":"en-US","potentialAction":[{"@type":"ReadAction","target":["https:\/\/energeticar.hr\/index.php\/uvjerenje-o-plozenom-strucnom-ispitu\/"]}]},{"@type":"ImageObject","inLanguage":"en-US","@id":"https:\/\/energeticar.hr\/index.php\/uvjerenje-o-plozenom-strucnom-ispitu\/#primaryimage","url":"http:\/\/energeticar.free.nf\/wp-content\/uploads\/2024\/03\/Uvjerenje_o_polozenom_strucnom_ispitu.jpg","contentUrl":"http:\/\/energeticar.free.nf\/wp-content\/uploads\/2024\/03\/Uvjerenje_o_polozenom_strucnom_ispitu.jpg"},{"@type":"BreadcrumbList","@id":"https:\/\/energeticar.hr\/index.php\/uvjerenje-o-plozenom-strucnom-ispitu\/#breadcrumb","itemListElement":[{"@type":"ListItem","position":1,"name":"Home","item":"https:\/\/energeticar.hr\/"},{"@type":"ListItem","position":2,"name":"Uvjerenje o plo\u017eenom stru\u010dnom ispitu"}]},{"@type":"WebSite","@id":"https:\/\/energeticar.hr\/#website","url":"https:\/\/energeticar.hr\/","name":"Savez energeti\u010dara Slavonije i Baranje","description":"SESIB","publisher":{"@id":"https:\/\/energeticar.hr\/#organization"},"potentialAction":[{"@type":"SearchAction","target":{"@type":"EntryPoint","urlTemplate":"https:\/\/energeticar.hr\/?s={search_term_string}"},"query-input":{"@type":"PropertyValueSpecification","valueRequired":true,"valueName":"search_term_string"}}],"inLanguage":"en-US"},{"@type":"Organization","@id":"https:\/\/energeticar.hr\/#organization","name":"Savez energeti\u010dara Slavonije i Baranje","url":"https:\/\/energeticar.hr\/","logo":{"@type":"ImageObject","inLanguage":"en-US","@id":"https:\/\/energeticar.hr\/#\/schema\/logo\/image\/","url":"https:\/\/energeticar.hr\/wp-content\/uploads\/2024\/02\/SESiB-logo-SMALL-1.png","contentUrl":"https:\/\/energeticar.hr\/wp-content\/uploads\/2024\/02\/SESiB-logo-SMALL-1.png","width":110,"height":101,"caption":"Savez energeti\u010dara Slavonije i Baranje"},"image":{"@id":"https:\/\/energeticar.hr\/#\/schema\/logo\/image\/"}}]}},"_links":{"self":[{"href":"https:\/\/energeticar.hr\/index.php\/wp-json\/wp\/v2\/pages\/2181","targetHints":{"allow":["GET"]}}],"collection":[{"href":"https:\/\/energeticar.hr\/index.php\/wp-json\/wp\/v2\/pages"}],"about":[{"href":"https:\/\/energeticar.hr\/index.php\/wp-json\/wp\/v2\/types\/page"}],"author":[{"embeddable":true,"href":"https:\/\/energeticar.hr\/index.php\/wp-json\/wp\/v2\/users\/1"}],"replies":[{"embeddable":true,"href":"https:\/\/energeticar.hr\/index.php\/wp-json\/wp\/v2\/comments?post=2181"}],"version-history":[{"count":11,"href":"https:\/\/energeticar.hr\/index.php\/wp-json\/wp\/v2\/pages\/2181\/revisions"}],"predecessor-version":[{"id":3989,"href":"https:\/\/energeticar.hr\/index.php\/wp-json\/wp\/v2\/pages\/2181\/revisions\/3989"}],"wp:attachment":[{"href":"https:\/\/energeticar.hr\/index.php\/wp-json\/wp\/v2\/media?parent=2181"}],"curies":[{"name":"wp","href":"https:\/\/api.w.org\/{rel}","templated":true}]}}