{"id":2145,"date":"2024-03-11T12:58:31","date_gmt":"2024-03-11T12:58:31","guid":{"rendered":"http:\/\/energeticar.free.nf\/?page_id=2145"},"modified":"2025-12-16T11:29:40","modified_gmt":"2025-12-16T11:29:40","slug":"prijavnica","status":"publish","type":"page","link":"https:\/\/energeticar.hr\/index.php\/prijavnica\/","title":{"rendered":"Prijavnica"},"content":{"rendered":"\n<h2 class=\" wp-block-heading has-base-background-color has-background eplus-wrapper\"><strong>Prijavnica za Pripremne te\u010dajeve<\/strong><\/h2>\n\n\n<p class=\" has-base-background-color has-background has-medium-font-size eplus-wrapper eplus-styles-uid-8138bb\"><strong>Preuzmi prijavnicu za Pripremne te\u010dajeve, ispuni je, isprintaj, potpi\u0161i i ovjeri te skeniraj i po\u0161alji na:<\/strong><\/p>\n\n<div class=\"wp-block-columns has-base-background-color has-background eplus-wrapper is-layout-flex wp-container-core-columns-is-layout-9d6595d7 wp-block-columns-is-layout-flex eplus-styles-uid-243d58\">\n<div class=\"wp-block-column eplus-wrapper is-layout-flow wp-block-column-is-layout-flow\" style=\"flex-basis:25%\">\n<p class=\"has-text-align-right has-accent-color has-text-color has-link-color has-medium-font-size eplus-wrapper wp-elements-9be00df59b943e319a118e96aa42dd92\"><strong>e-mail:<br>fax:<br>po\u0161tom na adresu udruge:<\/strong><\/p>\n<\/div>\n\n\n\n<div class=\"wp-block-column eplus-wrapper is-layout-flow wp-block-column-is-layout-flow\">\n<p class=\"has-accent-color has-text-color has-link-color has-medium-font-size eplus-wrapper wp-elements-2f39cc307ca812d8a5672d4f3a9851ad\"><strong><a href=\"mailto:marijan.periskic@energeticar.hr\">marijan.periskic@energeticar.hr<\/a><br>031\/ 251 005<br>Savez energeti\u010dara Slavonije i Baranje<br>31 000 Osijek, Trg Ljudevita Gaja 6, PP 83<\/strong><\/p>\n<\/div>\n<\/div>\n\n<div class=\"wp-block-buttons eplus-wrapper is-content-justification-right is-layout-flex wp-container-core-buttons-is-layout-765c4724 wp-block-buttons-is-layout-flex eplus-styles-uid-3ab1da\"><div class=\" is-style-fill wp-block-button eplus-wrapper eplus-styles-uid-5620c7\"><a class=\"wp-block-button__link has-accent-background-color has-background wp-element-button\" href=\"https:\/\/energeticar.hr\/wp-content\/uploads\/2025\/12\/Prijavnica-za-pripremne-tecajeve.docx\" target=\"_blank\" rel=\"noreferrer noopener\"><strong>Preuzmi prijavnicu<\/strong><\/a><\/div><\/div>","protected":false},"excerpt":{"rendered":"<p>Prijavnica za Pripremne te\u010dajeve Preuzmi prijavnicu za Pripremne te\u010dajeve, ispuni je, isprintaj, potpi\u0161i i ovjeri te skeniraj i po\u0161alji na: e-mail:fax:po\u0161tom na adresu udruge: marijan.periskic@energeticar.hr031\/ 251 005Savez energeti\u010dara Slavonije i Baranje31 000 Osijek, Trg Ljudevita Gaja 6, PP 83<\/p>\n","protected":false},"author":1,"featured_media":0,"parent":0,"menu_order":0,"comment_status":"closed","ping_status":"closed","template":"","meta":{"editor_plus_copied_stylings":"{}","footnotes":""},"class_list":["post-2145","page","type-page","status-publish"],"yoast_head":"<!-- This site is optimized with the Yoast SEO plugin v26.8 - https:\/\/yoast.com\/product\/yoast-seo-wordpress\/ -->\n<title>Prijavnica - Savez energeti\u010dara Slavonije i Baranje<\/title>\n<meta name=\"description\" content=\"Prijavnica za Pripremne te\u010dajeve Preuzmi prijavnicu za Pripremne te\u010dajeve, ispuni je, isprintaj, potpi\u0161i i ovjeri te skeniraj i po\u0161alji na:\" \/>\n<meta name=\"robots\" content=\"index, follow, max-snippet:-1, max-image-preview:large, max-video-preview:-1\" \/>\n<link rel=\"canonical\" href=\"https:\/\/energeticar.hr\/index.php\/prijavnica\/\" \/>\n<meta property=\"og:locale\" content=\"en_US\" \/>\n<meta property=\"og:type\" content=\"article\" \/>\n<meta property=\"og:title\" content=\"Prijavnica - Savez energeti\u010dara Slavonije i Baranje\" \/>\n<meta property=\"og:description\" content=\"Prijavnica za Pripremne te\u010dajeve Preuzmi prijavnicu za Pripremne te\u010dajeve, ispuni je, isprintaj, potpi\u0161i i ovjeri te skeniraj i po\u0161alji na:\" \/>\n<meta property=\"og:url\" content=\"https:\/\/energeticar.hr\/index.php\/prijavnica\/\" \/>\n<meta property=\"og:site_name\" content=\"Savez energeti\u010dara Slavonije i Baranje\" \/>\n<meta property=\"article:modified_time\" content=\"2025-12-16T11:29:40+00:00\" \/>\n<meta name=\"twitter:card\" content=\"summary_large_image\" \/>\n<meta name=\"twitter:label1\" content=\"Est. reading time\" \/>\n\t<meta name=\"twitter:data1\" content=\"1 minute\" \/>\n<script type=\"application\/ld+json\" class=\"yoast-schema-graph\">{\"@context\":\"https:\/\/schema.org\",\"@graph\":[{\"@type\":\"WebPage\",\"@id\":\"https:\/\/energeticar.hr\/index.php\/prijavnica\/\",\"url\":\"https:\/\/energeticar.hr\/index.php\/prijavnica\/\",\"name\":\"Prijavnica - Savez energeti\u010dara Slavonije i Baranje\",\"isPartOf\":{\"@id\":\"https:\/\/energeticar.hr\/#website\"},\"datePublished\":\"2024-03-11T12:58:31+00:00\",\"dateModified\":\"2025-12-16T11:29:40+00:00\",\"description\":\"Prijavnica za Pripremne te\u010dajeve Preuzmi prijavnicu za Pripremne te\u010dajeve, ispuni je, isprintaj, potpi\u0161i i ovjeri te skeniraj i po\u0161alji na:\",\"breadcrumb\":{\"@id\":\"https:\/\/energeticar.hr\/index.php\/prijavnica\/#breadcrumb\"},\"inLanguage\":\"en-US\",\"potentialAction\":[{\"@type\":\"ReadAction\",\"target\":[\"https:\/\/energeticar.hr\/index.php\/prijavnica\/\"]}]},{\"@type\":\"BreadcrumbList\",\"@id\":\"https:\/\/energeticar.hr\/index.php\/prijavnica\/#breadcrumb\",\"itemListElement\":[{\"@type\":\"ListItem\",\"position\":1,\"name\":\"Home\",\"item\":\"https:\/\/energeticar.hr\/\"},{\"@type\":\"ListItem\",\"position\":2,\"name\":\"Prijavnica\"}]},{\"@type\":\"WebSite\",\"@id\":\"https:\/\/energeticar.hr\/#website\",\"url\":\"https:\/\/energeticar.hr\/\",\"name\":\"Savez energeti\u010dara Slavonije i Baranje\",\"description\":\"SESIB\",\"publisher\":{\"@id\":\"https:\/\/energeticar.hr\/#organization\"},\"potentialAction\":[{\"@type\":\"SearchAction\",\"target\":{\"@type\":\"EntryPoint\",\"urlTemplate\":\"https:\/\/energeticar.hr\/?s={search_term_string}\"},\"query-input\":{\"@type\":\"PropertyValueSpecification\",\"valueRequired\":true,\"valueName\":\"search_term_string\"}}],\"inLanguage\":\"en-US\"},{\"@type\":\"Organization\",\"@id\":\"https:\/\/energeticar.hr\/#organization\",\"name\":\"Savez energeti\u010dara Slavonije i Baranje\",\"url\":\"https:\/\/energeticar.hr\/\",\"logo\":{\"@type\":\"ImageObject\",\"inLanguage\":\"en-US\",\"@id\":\"https:\/\/energeticar.hr\/#\/schema\/logo\/image\/\",\"url\":\"https:\/\/energeticar.hr\/wp-content\/uploads\/2024\/02\/SESiB-logo-SMALL-1.png\",\"contentUrl\":\"https:\/\/energeticar.hr\/wp-content\/uploads\/2024\/02\/SESiB-logo-SMALL-1.png\",\"width\":110,\"height\":101,\"caption\":\"Savez energeti\u010dara Slavonije i Baranje\"},\"image\":{\"@id\":\"https:\/\/energeticar.hr\/#\/schema\/logo\/image\/\"}}]}<\/script>\n<!-- \/ Yoast SEO plugin. -->","yoast_head_json":{"title":"Prijavnica - Savez energeti\u010dara Slavonije i Baranje","description":"Prijavnica za Pripremne te\u010dajeve Preuzmi prijavnicu za Pripremne te\u010dajeve, ispuni je, isprintaj, potpi\u0161i i ovjeri te skeniraj i po\u0161alji na:","robots":{"index":"index","follow":"follow","max-snippet":"max-snippet:-1","max-image-preview":"max-image-preview:large","max-video-preview":"max-video-preview:-1"},"canonical":"https:\/\/energeticar.hr\/index.php\/prijavnica\/","og_locale":"en_US","og_type":"article","og_title":"Prijavnica - Savez energeti\u010dara Slavonije i Baranje","og_description":"Prijavnica za Pripremne te\u010dajeve Preuzmi prijavnicu za Pripremne te\u010dajeve, ispuni je, isprintaj, potpi\u0161i i ovjeri te skeniraj i po\u0161alji na:","og_url":"https:\/\/energeticar.hr\/index.php\/prijavnica\/","og_site_name":"Savez energeti\u010dara Slavonije i Baranje","article_modified_time":"2025-12-16T11:29:40+00:00","twitter_card":"summary_large_image","twitter_misc":{"Est. reading time":"1 minute"},"schema":{"@context":"https:\/\/schema.org","@graph":[{"@type":"WebPage","@id":"https:\/\/energeticar.hr\/index.php\/prijavnica\/","url":"https:\/\/energeticar.hr\/index.php\/prijavnica\/","name":"Prijavnica - Savez energeti\u010dara Slavonije i Baranje","isPartOf":{"@id":"https:\/\/energeticar.hr\/#website"},"datePublished":"2024-03-11T12:58:31+00:00","dateModified":"2025-12-16T11:29:40+00:00","description":"Prijavnica za Pripremne te\u010dajeve Preuzmi prijavnicu za Pripremne te\u010dajeve, ispuni je, isprintaj, potpi\u0161i i ovjeri te skeniraj i po\u0161alji na:","breadcrumb":{"@id":"https:\/\/energeticar.hr\/index.php\/prijavnica\/#breadcrumb"},"inLanguage":"en-US","potentialAction":[{"@type":"ReadAction","target":["https:\/\/energeticar.hr\/index.php\/prijavnica\/"]}]},{"@type":"BreadcrumbList","@id":"https:\/\/energeticar.hr\/index.php\/prijavnica\/#breadcrumb","itemListElement":[{"@type":"ListItem","position":1,"name":"Home","item":"https:\/\/energeticar.hr\/"},{"@type":"ListItem","position":2,"name":"Prijavnica"}]},{"@type":"WebSite","@id":"https:\/\/energeticar.hr\/#website","url":"https:\/\/energeticar.hr\/","name":"Savez energeti\u010dara Slavonije i Baranje","description":"SESIB","publisher":{"@id":"https:\/\/energeticar.hr\/#organization"},"potentialAction":[{"@type":"SearchAction","target":{"@type":"EntryPoint","urlTemplate":"https:\/\/energeticar.hr\/?s={search_term_string}"},"query-input":{"@type":"PropertyValueSpecification","valueRequired":true,"valueName":"search_term_string"}}],"inLanguage":"en-US"},{"@type":"Organization","@id":"https:\/\/energeticar.hr\/#organization","name":"Savez energeti\u010dara Slavonije i Baranje","url":"https:\/\/energeticar.hr\/","logo":{"@type":"ImageObject","inLanguage":"en-US","@id":"https:\/\/energeticar.hr\/#\/schema\/logo\/image\/","url":"https:\/\/energeticar.hr\/wp-content\/uploads\/2024\/02\/SESiB-logo-SMALL-1.png","contentUrl":"https:\/\/energeticar.hr\/wp-content\/uploads\/2024\/02\/SESiB-logo-SMALL-1.png","width":110,"height":101,"caption":"Savez energeti\u010dara Slavonije i Baranje"},"image":{"@id":"https:\/\/energeticar.hr\/#\/schema\/logo\/image\/"}}]}},"_links":{"self":[{"href":"https:\/\/energeticar.hr\/index.php\/wp-json\/wp\/v2\/pages\/2145","targetHints":{"allow":["GET"]}}],"collection":[{"href":"https:\/\/energeticar.hr\/index.php\/wp-json\/wp\/v2\/pages"}],"about":[{"href":"https:\/\/energeticar.hr\/index.php\/wp-json\/wp\/v2\/types\/page"}],"author":[{"embeddable":true,"href":"https:\/\/energeticar.hr\/index.php\/wp-json\/wp\/v2\/users\/1"}],"replies":[{"embeddable":true,"href":"https:\/\/energeticar.hr\/index.php\/wp-json\/wp\/v2\/comments?post=2145"}],"version-history":[{"count":7,"href":"https:\/\/energeticar.hr\/index.php\/wp-json\/wp\/v2\/pages\/2145\/revisions"}],"predecessor-version":[{"id":4885,"href":"https:\/\/energeticar.hr\/index.php\/wp-json\/wp\/v2\/pages\/2145\/revisions\/4885"}],"wp:attachment":[{"href":"https:\/\/energeticar.hr\/index.php\/wp-json\/wp\/v2\/media?parent=2145"}],"curies":[{"name":"wp","href":"https:\/\/api.w.org\/{rel}","templated":true}]}}